{"id":8416,"date":"2024-10-05T15:23:44","date_gmt":"2024-10-05T18:23:44","guid":{"rendered":"https:\/\/likelingerieatacado.com.br\/product\/sutia-plus-size-sem-bojo-reforcado-cotton\/"},"modified":"2024-11-29T14:39:07","modified_gmt":"2024-11-29T17:39:07","slug":"sutia-plus-size-sem-bojo-reforcado-cotton","status":"publish","type":"product","link":"https:\/\/atacadaodamodaintima.com.br\/clone\/sutia-plus-size-sem-bojo-reforcado-cotton\/","title":{"rendered":"Suti\u00e3 Plus Size Sem Bojo Refor\u00e7ado Cotton"},"content":{"rendered":"<p>Suti\u00e3 Plus Size Sem Bojo Refor\u00e7ado Cotton\u00a0 <br \/>&#8211; Confeccionado em algod\u00e3o <br \/>&#8211; Al\u00e7a refor\u00e7ada com regulagem de tamanho <br \/>&#8211; fecho com 2 ajustes de tamanho\u00a0\u00a0 <br \/>\u00a0 <br \/>Aten\u00e7\u00e3o para a tabela de medidas, n\u00e3o fazemos trocas de pe\u00e7as int\u00edmas.\u00a0 <br \/>Tamanho G1 veste 48\/50 <br \/>Tamanho G2 veste 52\/54 <br \/>Tamanho G3 veste 54\/56 <br \/>\u00a0 <br \/>Sobre a cor do produto: <br \/>Fotos reais do produto em nosso estoque. Pode haver varia\u00e7\u00e3o na cor do produto final de acordo com o brilho do monitor, tela do celular. <br \/>Somos uma loja especializada em lingerie, sempre trazendo lindas novidades com qualidade e conforto, valorizando a mulher brasileira e tornando seu dia a dia ou noite muito mais especial. <br \/>Aproveite o frete e veja mais produtos em nossa loja.<\/p>\n","protected":false},"excerpt":{"rendered":"<p>Suti\u00e3 Plus Size Sem Bojo Refor\u00e7ado Cotton\u00a0<br \/>&#8211; Confeccionado em algod\u00e3o<br \/>&#8211; Al\u00e7a refor\u00e7ada com regulagem de tamanho<br \/>&#8211; fecho com 2 ajustes de tamanho\u00a0\u00a0<br \/>\u00a0<br \/>Aten\u00e7\u00e3o para a tabela de medidas, n\u00e3o fazemos trocas de pe\u00e7as int\u00edmas.\u00a0<br \/>Tamanho G1 veste 48\/50<br \/>Tamanho G2 veste 52\/54<br \/>Tamanho G3 veste 54\/56<br \/>\u00a0<br \/>Sobre a cor do produto:<br \/>Fotos reais do produto em nosso estoque. Pode haver varia\u00e7\u00e3o na cor do produto final de acordo com o brilho do monitor, tela do celular.<br \/>Somos uma loja especializada em lingerie, sempre trazendo lindas novidades com qualidade e conforto, valorizando a mulher brasileira e tornando seu dia a dia ou noite muito mais especial.<br \/>Aproveite o frete e veja mais produtos em nossa loja.<\/p>\n","protected":false},"featured_media":8413,"comment_status":"open","ping_status":"closed","template":"","meta":[],"product_brand":[],"product_cat":[18,26],"product_tag":[475,466,455],"class_list":{"0":"post-8416","1":"product","2":"type-product","3":"status-publish","4":"has-post-thumbnail","6":"product_cat-lingerie","7":"product_cat-sutia","8":"product_tag-algodao","9":"product_tag-plus-size","10":"product_tag-sem-bojo","12":"first","13":"instock","14":"taxable","15":"shipping-taxable","16":"purchasable","17":"product-type-variable","18":"add-to-wishlist-after_add_to_cart"},"_links":{"self":[{"href":"https:\/\/atacadaodamodaintima.com.br\/clone\/wp-json\/wp\/v2\/product\/8416","targetHints":{"allow":["GET"]}}],"collection":[{"href":"https:\/\/atacadaodamodaintima.com.br\/clone\/wp-json\/wp\/v2\/product"}],"about":[{"href":"https:\/\/atacadaodamodaintima.com.br\/clone\/wp-json\/wp\/v2\/types\/product"}],"replies":[{"embeddable":true,"href":"https:\/\/atacadaodamodaintima.com.br\/clone\/wp-json\/wp\/v2\/comments?post=8416"}],"wp:featuredmedia":[{"embeddable":true,"href":"https:\/\/atacadaodamodaintima.com.br\/clone\/wp-json\/wp\/v2\/media\/8413"}],"wp:attachment":[{"href":"https:\/\/atacadaodamodaintima.com.br\/clone\/wp-json\/wp\/v2\/media?parent=8416"}],"wp:term":[{"taxonomy":"product_brand","embeddable":true,"href":"https:\/\/atacadaodamodaintima.com.br\/clone\/wp-json\/wp\/v2\/product_brand?post=8416"},{"taxonomy":"product_cat","embeddable":true,"href":"https:\/\/atacadaodamodaintima.com.br\/clone\/wp-json\/wp\/v2\/product_cat?post=8416"},{"taxonomy":"product_tag","embeddable":true,"href":"https:\/\/atacadaodamodaintima.com.br\/clone\/wp-json\/wp\/v2\/product_tag?post=8416"}],"curies":[{"name":"wp","href":"https:\/\/api.w.org\/{rel}","templated":true}]}}