{"id":8119,"date":"2024-10-05T14:38:11","date_gmt":"2024-10-05T17:38:11","guid":{"rendered":"https:\/\/likelingerieatacado.com.br\/product\/vestido-transparente-brilho-com-calcinha\/"},"modified":"2024-10-05T14:38:12","modified_gmt":"2024-10-05T17:38:12","slug":"vestido-transparente-brilho-com-calcinha","status":"publish","type":"product","link":"https:\/\/atacadaodamodaintima.com.br\/clone\/vestido-transparente-brilho-com-calcinha\/","title":{"rendered":"Vestido Transparente Brilho Com Calcinha"},"content":{"rendered":"<p>&#8211; Vestido Arrast\u00e3o com Strass Estilo Regata\u00a0 <br \/>&#8211; Tamanho \u00fanico, tem bastante elasticidade veste do 34 ao 46. <br \/>&#8211; Acompanha calcinha. <br \/>&#8211; N\u00e3o tem forro na regi\u00e3o da virilha.\u00a0 <br \/>\u00a0 <br \/>CONSERVA\u00c7\u00c3O: <br \/>Lavar \u00e0 m\u00e3o. N\u00e3o usar alvejante. N\u00e3o secar em secadora. N\u00e3o passar a ferro. N\u00e3o lavar a seco. Lavar sempre com sab\u00e3o neutro. <br \/>\u00a0 <br \/>Sobre a cor do produto: <br \/>Fotos reais do produto em nosso estoque. Pode haver varia\u00e7\u00e3o na cor do produto final de acordo com o brilho do monitor, tela do celular. <br \/>Tamb\u00e9m pode haver varia\u00e7\u00e3o no desenho da renda. <br \/>Somos uma loja especializada em lingerie, sempre trazendo lindas novidades com qualidade e conforto, valorizando a mulher brasileira e tornando seu dia a dia ou noite muito mais especial. <br \/>Aproveite o frete e veja mais produtos em nossa loja.<\/p>\n","protected":false},"excerpt":{"rendered":"<p>&#8211; Vestido Arrast\u00e3o com Strass Estilo Regata\u00a0<br \/>&#8211; Tamanho \u00fanico, tem bastante elasticidade veste do 34 ao 46.<br \/>&#8211; Acompanha calcinha.<br \/>&#8211; N\u00e3o tem forro na regi\u00e3o da virilha.\u00a0<br \/>\u00a0<br \/>CONSERVA\u00c7\u00c3O:<br \/>Lavar \u00e0 m\u00e3o. N\u00e3o usar alvejante. N\u00e3o secar em secadora. N\u00e3o passar a ferro. N\u00e3o lavar a seco. Lavar sempre com sab\u00e3o neutro.<br \/>\u00a0<br \/>Sobre a cor do produto:<br \/>Fotos reais do produto em nosso estoque. Pode haver varia\u00e7\u00e3o na cor do produto final de acordo com o brilho do monitor, tela do celular.<br \/>Tamb\u00e9m pode haver varia\u00e7\u00e3o no desenho da renda.<br \/>Somos uma loja especializada em lingerie, sempre trazendo lindas novidades com qualidade e conforto, valorizando a mulher brasileira e tornando seu dia a dia ou noite muito mais especial.<br \/>Aproveite o frete e veja mais produtos em nossa loja.<\/p>\n","protected":false},"featured_media":8114,"comment_status":"open","ping_status":"closed","template":"","meta":[],"product_brand":[],"product_cat":[21,19,18],"product_tag":[],"class_list":{"0":"post-8119","1":"product","2":"type-product","3":"status-publish","4":"has-post-thumbnail","6":"product_cat-body","7":"product_cat-conjunto","8":"product_cat-lingerie","10":"first","11":"outofstock","12":"taxable","13":"shipping-taxable","14":"purchasable","15":"product-type-variable","16":"add-to-wishlist-after_add_to_cart"},"_links":{"self":[{"href":"https:\/\/atacadaodamodaintima.com.br\/clone\/wp-json\/wp\/v2\/product\/8119","targetHints":{"allow":["GET"]}}],"collection":[{"href":"https:\/\/atacadaodamodaintima.com.br\/clone\/wp-json\/wp\/v2\/product"}],"about":[{"href":"https:\/\/atacadaodamodaintima.com.br\/clone\/wp-json\/wp\/v2\/types\/product"}],"replies":[{"embeddable":true,"href":"https:\/\/atacadaodamodaintima.com.br\/clone\/wp-json\/wp\/v2\/comments?post=8119"}],"wp:featuredmedia":[{"embeddable":true,"href":"https:\/\/atacadaodamodaintima.com.br\/clone\/wp-json\/wp\/v2\/media\/8114"}],"wp:attachment":[{"href":"https:\/\/atacadaodamodaintima.com.br\/clone\/wp-json\/wp\/v2\/media?parent=8119"}],"wp:term":[{"taxonomy":"product_brand","embeddable":true,"href":"https:\/\/atacadaodamodaintima.com.br\/clone\/wp-json\/wp\/v2\/product_brand?post=8119"},{"taxonomy":"product_cat","embeddable":true,"href":"https:\/\/atacadaodamodaintima.com.br\/clone\/wp-json\/wp\/v2\/product_cat?post=8119"},{"taxonomy":"product_tag","embeddable":true,"href":"https:\/\/atacadaodamodaintima.com.br\/clone\/wp-json\/wp\/v2\/product_tag?post=8119"}],"curies":[{"name":"wp","href":"https:\/\/api.w.org\/{rel}","templated":true}]}}