{"id":7164,"date":"2024-10-05T12:34:01","date_gmt":"2024-10-05T15:34:01","guid":{"rendered":"https:\/\/likelingerieatacado.com.br\/product\/vibrador-app-controle-bluetooth-g-spot-usb\/"},"modified":"2024-10-05T12:34:02","modified_gmt":"2024-10-05T15:34:02","slug":"vibrador-app-controle-bluetooth-g-spot-usb","status":"publish","type":"product","link":"https:\/\/atacadaodamodaintima.com.br\/clone\/vibrador-app-controle-bluetooth-g-spot-usb\/","title":{"rendered":"Vibrador App controle bluetooth g-spot USB"},"content":{"rendered":"<p>Vibrador Bullet com carregamento usb e controle pelo smartphone, 10 velocidades mini vibradores massageador adulto estimulador de clit\u00f3ris <br \/>Material de silicone seguro, suave, delicado, skin-friendly, para lhe trazer sedoso desfrutar. <br \/>10 modos de vibra\u00e7\u00e3o-massageador super poderoso, projetado com 10 modos de vibra\u00e7\u00e3o, pode fornecer diferentes estimula\u00e7\u00e3o, orgasmo e experi\u00eancias, adicionar mais divers\u00e3o e trazer uma forte sensa\u00e7\u00e3o de emo\u00e7\u00e3o. Uma toque para mudar o modo conveniente. <br \/>Mini vibrador recarreg\u00e1vel usb pequeno, f\u00e1cil de transportar em uma bolsa. Depois que a bateria recarreg\u00e1vel embutida estiver totalmente carregada atrav\u00e9s do dispositivo de carregamento usb, ela pode durar cerca de 1 hora, economizando dinheiro e tempo. <br \/>Ipx7 \u00e0 prova d&#8217;\u00e1gua-o design \u00e0 prova d&#8217;\u00e1gua permite que o massageador de balas seja usado na banheira e no chuveiro para uma experi\u00eancia incr\u00edvel. F\u00e1cil de limpar com \u00e1gua. <br \/>Embalagem discreta para proteger a privacidade. <br \/>Est\u00edmulo:\u00a0 clitorial bullet e vaginal <br \/>Modo Musica: Vibra\u00e7\u00e3o conforme a musica do APP (necess\u00e1rio fazer login no APP) <br \/>Varia\u00e7\u00f5es: 10 vibra\u00e7\u00f5es <br \/>Fonte de energia: Recarreg\u00e1vel USB <br \/>Resistente \u00e0 \u00e1gua: Sim <br \/>Textura\/Material: Soft touch\/Silicone super macio <br \/>Medidas: 10 cm <br \/>Penetr\u00e1veis: 4cm <br \/>APLICATIVO Opera\u00e7\u00e3o: <br \/>Digitalizar o c\u00f3digo qr da imagem e baixar o aplicativo primeiro <br \/>Ligue o vibrador, habilite GPS e Bluetooth e abra o aplicativo. <br \/>Registre-se e fa\u00e7a login pela primeira vez, ligue o dispositivo. <br \/>Abra o Aplicativo Digitalizar o Dispositivo C\u00f3digo ou Digite o n\u00famero do dispositivo 04344059 <br \/>Aproveite o cl\u00e1ssico\/m\u00fasica\/delimit\/shake\/modos interativos como voc\u00ea deseja. <br \/>Se voc\u00ea n\u00e3o se registrar e fazer login seu id, apenas o modo cl\u00e1ssico est\u00e1 funcionando, outros modos n\u00e3o estariam dispon\u00edveis.<\/p>\n","protected":false},"excerpt":{"rendered":"<p>Vibrador Bullet com carregamento usb e controle pelo smartphone, 10 velocidades mini vibradores massageador adulto estimulador de clit\u00f3ris<br \/>Material de silicone seguro, suave, delicado, skin-friendly, para lhe trazer sedoso desfrutar.<br \/>10 modos de vibra\u00e7\u00e3o-massageador super poderoso, projetado com 10 modos de vibra\u00e7\u00e3o, pode fornecer diferentes estimula\u00e7\u00e3o, orgasmo e experi\u00eancias, adicionar mais divers\u00e3o e trazer uma forte sensa\u00e7\u00e3o de emo\u00e7\u00e3o. Uma toque para mudar o modo conveniente.<br \/>Mini vibrador recarreg\u00e1vel usb pequeno, f\u00e1cil de transportar em uma bolsa. Depois que a bateria recarreg\u00e1vel embutida estiver totalmente carregada atrav\u00e9s do dispositivo de carregamento usb, ela pode durar cerca de 1 hora, economizando dinheiro e tempo.<br \/>Ipx7 \u00e0 prova d&#8217;\u00e1gua-o design \u00e0 prova d&#8217;\u00e1gua permite que o massageador de balas seja usado na banheira e no chuveiro para uma experi\u00eancia incr\u00edvel. F\u00e1cil de limpar com \u00e1gua.<br \/>Embalagem discreta para proteger a privacidade.<br \/>Est\u00edmulo:\u00a0 clitorial bullet e vaginal<br \/>Modo Musica: Vibra\u00e7\u00e3o conforme a musica do APP (necess\u00e1rio fazer login no APP)<br \/>Varia\u00e7\u00f5es: 10 vibra\u00e7\u00f5es<br \/>Fonte de energia: Recarreg\u00e1vel USB<br \/>Resistente \u00e0 \u00e1gua: Sim<br \/>Textura\/Material: Soft touch\/Silicone super macio<br \/>Medidas: 10 cm<br \/>Penetr\u00e1veis: 4cm<br \/>APLICATIVO Opera\u00e7\u00e3o:<br \/>Digitalizar o c\u00f3digo qr da imagem e baixar o aplicativo primeiro<br \/>Ligue o vibrador, habilite GPS e Bluetooth e abra o aplicativo.<br \/>Registre-se e fa\u00e7a login pela primeira vez, ligue o dispositivo.<br \/>Abra o Aplicativo Digitalizar o Dispositivo C\u00f3digo ou Digite o n\u00famero do dispositivo 04344059<br \/>Aproveite o cl\u00e1ssico\/m\u00fasica\/delimit\/shake\/modos interativos como voc\u00ea deseja.<br \/>Se voc\u00ea n\u00e3o se registrar e fazer login seu id, apenas o modo cl\u00e1ssico est\u00e1 funcionando, outros modos n\u00e3o estariam dispon\u00edveis.<\/p>\n","protected":false},"featured_media":7155,"comment_status":"open","ping_status":"closed","template":"","meta":[],"product_brand":[],"product_cat":[33,32],"product_tag":[],"class_list":{"0":"post-7164","1":"product","2":"type-product","3":"status-publish","4":"has-post-thumbnail","6":"product_cat-brinquedos","7":"product_cat-vibra-e-geis","9":"first","10":"outofstock","11":"taxable","12":"shipping-taxable","13":"purchasable","14":"product-type-variable","15":"add-to-wishlist-after_add_to_cart"},"_links":{"self":[{"href":"https:\/\/atacadaodamodaintima.com.br\/clone\/wp-json\/wp\/v2\/product\/7164","targetHints":{"allow":["GET"]}}],"collection":[{"href":"https:\/\/atacadaodamodaintima.com.br\/clone\/wp-json\/wp\/v2\/product"}],"about":[{"href":"https:\/\/atacadaodamodaintima.com.br\/clone\/wp-json\/wp\/v2\/types\/product"}],"replies":[{"embeddable":true,"href":"https:\/\/atacadaodamodaintima.com.br\/clone\/wp-json\/wp\/v2\/comments?post=7164"}],"wp:featuredmedia":[{"embeddable":true,"href":"https:\/\/atacadaodamodaintima.com.br\/clone\/wp-json\/wp\/v2\/media\/7155"}],"wp:attachment":[{"href":"https:\/\/atacadaodamodaintima.com.br\/clone\/wp-json\/wp\/v2\/media?parent=7164"}],"wp:term":[{"taxonomy":"product_brand","embeddable":true,"href":"https:\/\/atacadaodamodaintima.com.br\/clone\/wp-json\/wp\/v2\/product_brand?post=7164"},{"taxonomy":"product_cat","embeddable":true,"href":"https:\/\/atacadaodamodaintima.com.br\/clone\/wp-json\/wp\/v2\/product_cat?post=7164"},{"taxonomy":"product_tag","embeddable":true,"href":"https:\/\/atacadaodamodaintima.com.br\/clone\/wp-json\/wp\/v2\/product_tag?post=7164"}],"curies":[{"name":"wp","href":"https:\/\/api.w.org\/{rel}","templated":true}]}}