{"id":4696,"date":"2024-10-04T12:27:12","date_gmt":"2024-10-04T15:27:12","guid":{"rendered":"https:\/\/likelingerieatacado.com.br\/product\/fantasia-oncinha-plus-size\/"},"modified":"2024-10-04T12:27:13","modified_gmt":"2024-10-04T15:27:13","slug":"fantasia-oncinha-plus-size","status":"publish","type":"product","link":"https:\/\/atacadaodamodaintima.com.br\/clone\/fantasia-oncinha-plus-size\/","title":{"rendered":"Fantasia Oncinha Plus Size"},"content":{"rendered":"<p>DESCRI\u00c7\u00c3O: <br \/>&#8211; Tamanho \u00fanico, veste 48 ao 54\u00a0 <br \/>&#8211; Fantasia Com Bojo\u00a0\u00a0 <br \/>&#8211; Acompanha acess\u00f3rio do pesco\u00e7o\u00a0 <br \/>&#8211; N\u00e3o acompanha calcinha\u00a0 <br \/>\u00a0 <br \/>Aten\u00e7\u00e3o a tabela de medidas, n\u00e3o fazemos trocas de pe\u00e7as \u00edntimas. <br \/>\u00a0 <br \/>Sobre a cor do produto: <br \/>Fotos reais do produto em nosso estoque. Pode haver varia\u00e7\u00e3o na cor do produto final de acordo com o brilho do monitor, tela do celular. <br \/>Tamb\u00e9m pode haver varia\u00e7\u00e3o no desenho da renda. <br \/>Somos uma loja especializada em lingerie, sempre trazendo lindas novidades com qualidade e conforto, valorizando a mulher brasileira e tornando seu dia a dia ou noite muito mais especial. <br \/>Aproveite o frete e veja mais produtos em nossa loja.<\/p>\n","protected":false},"excerpt":{"rendered":"<p>DESCRI\u00c7\u00c3O:<br \/>&#8211; Tamanho \u00fanico, veste 48 ao 54\u00a0<br \/>&#8211; Fantasia Com Bojo\u00a0\u00a0<br \/>&#8211; Acompanha acess\u00f3rio do pesco\u00e7o\u00a0<br \/>&#8211; N\u00e3o acompanha calcinha\u00a0<br \/>\u00a0<br \/>Aten\u00e7\u00e3o a tabela de medidas, n\u00e3o fazemos trocas de pe\u00e7as \u00edntimas.<br \/>\u00a0<br \/>Sobre a cor do produto:<br \/>Fotos reais do produto em nosso estoque. Pode haver varia\u00e7\u00e3o na cor do produto final de acordo com o brilho do monitor, tela do celular.<br \/>Tamb\u00e9m pode haver varia\u00e7\u00e3o no desenho da renda.<br \/>Somos uma loja especializada em lingerie, sempre trazendo lindas novidades com qualidade e conforto, valorizando a mulher brasileira e tornando seu dia a dia ou noite muito mais especial.<br \/>Aproveite o frete e veja mais produtos em nossa loja.<\/p>\n","protected":false},"featured_media":4694,"comment_status":"open","ping_status":"closed","template":"","meta":[],"product_brand":[],"product_cat":[177,32],"product_tag":[],"class_list":{"0":"post-4696","1":"product","2":"type-product","3":"status-publish","4":"has-post-thumbnail","6":"product_cat-fantasias","7":"product_cat-vibra-e-geis","9":"first","10":"outofstock","11":"taxable","12":"shipping-taxable","13":"purchasable","14":"product-type-variable","15":"add-to-wishlist-after_add_to_cart"},"_links":{"self":[{"href":"https:\/\/atacadaodamodaintima.com.br\/clone\/wp-json\/wp\/v2\/product\/4696","targetHints":{"allow":["GET"]}}],"collection":[{"href":"https:\/\/atacadaodamodaintima.com.br\/clone\/wp-json\/wp\/v2\/product"}],"about":[{"href":"https:\/\/atacadaodamodaintima.com.br\/clone\/wp-json\/wp\/v2\/types\/product"}],"replies":[{"embeddable":true,"href":"https:\/\/atacadaodamodaintima.com.br\/clone\/wp-json\/wp\/v2\/comments?post=4696"}],"wp:featuredmedia":[{"embeddable":true,"href":"https:\/\/atacadaodamodaintima.com.br\/clone\/wp-json\/wp\/v2\/media\/4694"}],"wp:attachment":[{"href":"https:\/\/atacadaodamodaintima.com.br\/clone\/wp-json\/wp\/v2\/media?parent=4696"}],"wp:term":[{"taxonomy":"product_brand","embeddable":true,"href":"https:\/\/atacadaodamodaintima.com.br\/clone\/wp-json\/wp\/v2\/product_brand?post=4696"},{"taxonomy":"product_cat","embeddable":true,"href":"https:\/\/atacadaodamodaintima.com.br\/clone\/wp-json\/wp\/v2\/product_cat?post=4696"},{"taxonomy":"product_tag","embeddable":true,"href":"https:\/\/atacadaodamodaintima.com.br\/clone\/wp-json\/wp\/v2\/product_tag?post=4696"}],"curies":[{"name":"wp","href":"https:\/\/api.w.org\/{rel}","templated":true}]}}