{"id":4197,"date":"2024-10-04T11:09:54","date_gmt":"2024-10-04T14:09:54","guid":{"rendered":"https:\/\/likelingerieatacado.com.br\/product\/body-sensual-com-bojo-e-cinta-liga\/"},"modified":"2024-10-04T11:10:11","modified_gmt":"2024-10-04T14:10:11","slug":"body-sensual-com-bojo-e-cinta-liga","status":"publish","type":"product","link":"https:\/\/atacadaodamodaintima.com.br\/clone\/body-sensual-com-bojo-e-cinta-liga\/","title":{"rendered":"Body Sensual com Bojo e Cinta Liga"},"content":{"rendered":"<p>Body Sensual Com Bojo e Cinta Liga\u00a0 <br \/>&#8211; Confeccionado em renda com toque macio de muita qualidade.\u00a0 <br \/>&#8211; Calcinha fio Duplo com forro 100% algod\u00e3o e regulagem na lateral. <br \/>\u00a0 <br \/>Aten\u00e7\u00e3o para a tabela de medidas, n\u00e3o efetuamos trocas de pe\u00e7as intimas.\u00a0 <br \/>P:36\/38 <br \/>M:40\/42 <br \/>G:44 <br \/>GG:46 <br \/>\u00a0 <br \/>Sobre a cor do produto: <br \/>Fotos reais do produto em nosso estoque. Pode haver varia\u00e7\u00e3o na cor do produto final de acordo com o brilho do monitor, tela do celular. <br \/>Somos uma loja especializada em lingerie, sempre trazendo lindas novidades com qualidade e conforto, valorizando a mulher brasileira e tornando seu dia a dia ou noite muito mais especial.<\/p>\n","protected":false},"excerpt":{"rendered":"<p>Body Sensual Com Bojo e Cinta Liga\u00a0<br \/>&#8211; Confeccionado em renda com toque macio de muita qualidade.\u00a0<br \/>&#8211; Calcinha fio Duplo com forro 100% algod\u00e3o e regulagem na lateral.<br \/>\u00a0<br \/>Aten\u00e7\u00e3o para a tabela de medidas, n\u00e3o efetuamos trocas de pe\u00e7as intimas.\u00a0<br \/>P:36\/38<br \/>M:40\/42<br \/>G:44<br \/>GG:46<\/p>\n","protected":false},"featured_media":4190,"comment_status":"open","ping_status":"closed","template":"","meta":[],"product_brand":[],"product_cat":[21,18],"product_tag":[],"class_list":{"0":"post-4197","1":"product","2":"type-product","3":"status-publish","4":"has-post-thumbnail","6":"product_cat-body","7":"product_cat-lingerie","9":"first","10":"outofstock","11":"sale","12":"taxable","13":"shipping-taxable","14":"purchasable","15":"product-type-variable","16":"add-to-wishlist-after_add_to_cart"},"_links":{"self":[{"href":"https:\/\/atacadaodamodaintima.com.br\/clone\/wp-json\/wp\/v2\/product\/4197","targetHints":{"allow":["GET"]}}],"collection":[{"href":"https:\/\/atacadaodamodaintima.com.br\/clone\/wp-json\/wp\/v2\/product"}],"about":[{"href":"https:\/\/atacadaodamodaintima.com.br\/clone\/wp-json\/wp\/v2\/types\/product"}],"replies":[{"embeddable":true,"href":"https:\/\/atacadaodamodaintima.com.br\/clone\/wp-json\/wp\/v2\/comments?post=4197"}],"wp:featuredmedia":[{"embeddable":true,"href":"https:\/\/atacadaodamodaintima.com.br\/clone\/wp-json\/wp\/v2\/media\/4190"}],"wp:attachment":[{"href":"https:\/\/atacadaodamodaintima.com.br\/clone\/wp-json\/wp\/v2\/media?parent=4197"}],"wp:term":[{"taxonomy":"product_brand","embeddable":true,"href":"https:\/\/atacadaodamodaintima.com.br\/clone\/wp-json\/wp\/v2\/product_brand?post=4197"},{"taxonomy":"product_cat","embeddable":true,"href":"https:\/\/atacadaodamodaintima.com.br\/clone\/wp-json\/wp\/v2\/product_cat?post=4197"},{"taxonomy":"product_tag","embeddable":true,"href":"https:\/\/atacadaodamodaintima.com.br\/clone\/wp-json\/wp\/v2\/product_tag?post=4197"}],"curies":[{"name":"wp","href":"https:\/\/api.w.org\/{rel}","templated":true}]}}