{"id":4173,"date":"2024-10-01T11:36:22","date_gmt":"2024-10-01T14:36:22","guid":{"rendered":"https:\/\/likelingerieatacado.com.br\/product\/sutia-fita-sutia-adesivo-sutia-invisivel-10-protetores-de-mamilos\/"},"modified":"2025-02-19T15:52:02","modified_gmt":"2025-02-19T18:52:02","slug":"sutia-fita-sutia-adesivo-sutia-invisivel-10-protetores-de-mamilos","status":"publish","type":"product","link":"https:\/\/atacadaodamodaintima.com.br\/clone\/sutia-fita-sutia-adesivo-sutia-invisivel-10-protetores-de-mamilos\/","title":{"rendered":"Suti\u00e3 Fita Suti\u00e3 Adesivo Suti\u00e3 Invis\u00edvel + 10 Protetores de Mamilos"},"content":{"rendered":"<p>Kit com 1 rolo da fita adesiva de 5M + 10 protetores de mamilos. <br \/>Fita Para Sustenta\u00e7\u00e3o dos Seios te d\u00e1 a possibilidade de valorizar seus seios em looks decotados de forma confort\u00e1vel e segura. <br \/>\u00a0 <br \/>? Vista todos os seus looks sem restri\u00e7\u00f5es <br \/>? Sustenta\u00e7\u00e3o garantida para qualquer tamanho de seio <br \/>? Dura\u00e7\u00e3o por at\u00e9 12 horas no corpo <br \/>? Totalmente \u00e0 prova de suor <br \/>\u00a0 <br \/>&#8211; A remo\u00e7\u00e3o dever\u00e1 ser feito com aux\u00edlio de \u00f3leo de c\u00f4co. <br \/>\u2013 Uso n\u00e3o recomendado a gestantes e mulheres em per\u00edodo de amamenta\u00e7\u00e3o. <br \/>\u2013 Uso n\u00e3o recomendado para pele hipersensivel, com queimadura ou irrita\u00e7\u00e3o. <br \/>\u2013 \u00c9 recomendado utilizar um peda\u00e7o menor na pele, para testar, antes do uso continuo. <br \/>\u00a0 <br \/>Siga todas as orienta\u00e7\u00f5es para sua seguran\u00e7a: <br \/>Evite aplicar em cima de ferimentos ou de pele inflamada, n\u00e3o use sobre a pele irritada ou queimada do sol. <br \/>N\u00e3o utilize mais de 10 horas (seguidas) para cada aplica\u00e7\u00e3o caso a pele esteja transpirando muito. <br \/>Antes da utiliza\u00e7\u00e3o, lavar bem a pele com sabonete, seque muito bem e n\u00e3o fa\u00e7a a aplica\u00e7\u00e3o de cremes ou hidrantes para o corpo (na regi\u00e3o de uso da Fita Adesiva), isso ir\u00e1 prejudicar a ader\u00eancia do adesivo. <br \/>Para retirar, puxe suavemente usando \u00e1gua e sabonete de sua prefer\u00eancia. <br \/>Especifica\u00e7\u00f5es: <br \/>Efeito: Push Up. <br \/>Largura: 3,8cm. <br \/>Comprimento: 5 metros. <br \/>Cores: Bege,<\/p>\n","protected":false},"excerpt":{"rendered":"<p>Kit com 1 rolo da fita adesiva de 5M + 10 protetores de mamilos.<br \/>Fita Para Sustenta\u00e7\u00e3o dos Seios te d\u00e1 a possibilidade de valorizar seus seios em looks decotados de forma confort\u00e1vel e segura.<br \/>\u00a0<br \/>? Vista todos os seus looks sem restri\u00e7\u00f5es<br \/>? Sustenta\u00e7\u00e3o garantida para qualquer tamanho de seio<br \/>? Dura\u00e7\u00e3o por at\u00e9 12 horas no corpo<br \/>? Totalmente \u00e0 prova de suor<br \/>\u00a0<br \/>&#8211; A remo\u00e7\u00e3o dever\u00e1 ser feito com aux\u00edlio de \u00f3leo de c\u00f4co.<br \/>\u2013 Uso n\u00e3o recomendado a gestantes e mulheres em per\u00edodo de amamenta\u00e7\u00e3o.<br \/>\u2013 Uso n\u00e3o recomendado para pele hipersensivel, com queimadura ou irrita\u00e7\u00e3o.<br \/>\u2013 \u00c9 recomendado utilizar um peda\u00e7o menor na pele, para testar, antes do uso continuo.<br \/>\u00a0<br \/>Siga todas as orienta\u00e7\u00f5es para sua seguran\u00e7a:<br \/>Evite aplicar em cima de ferimentos ou de pele inflamada, n\u00e3o use sobre a pele irritada ou queimada do sol.<br \/>N\u00e3o utilize mais de 10 horas (seguidas) para cada aplica\u00e7\u00e3o caso a pele esteja transpirando muito.<br \/>Antes da utiliza\u00e7\u00e3o, lavar bem a pele com sabonete, seque muito bem e n\u00e3o fa\u00e7a a aplica\u00e7\u00e3o de cremes ou hidrantes para o corpo (na regi\u00e3o de uso da Fita Adesiva), isso ir\u00e1 prejudicar a ader\u00eancia do adesivo.<br \/>Para retirar, puxe suavemente usando \u00e1gua e sabonete de sua prefer\u00eancia.<br \/>Especifica\u00e7\u00f5es:<br \/>Efeito: Push Up.<br \/>Largura: 3,8cm.<br \/>Comprimento: 5 metros.<br \/>Cores: Bege,<\/p>\n","protected":false},"featured_media":4169,"comment_status":"open","ping_status":"closed","template":"","meta":[],"product_brand":[],"product_cat":[18,26],"product_tag":[],"class_list":{"0":"post-4173","1":"product","2":"type-product","3":"status-publish","4":"has-post-thumbnail","6":"product_cat-lingerie","7":"product_cat-sutia","9":"first","10":"outofstock","11":"taxable","12":"shipping-taxable","13":"purchasable","14":"product-type-variable","15":"add-to-wishlist-after_add_to_cart"},"_links":{"self":[{"href":"https:\/\/atacadaodamodaintima.com.br\/clone\/wp-json\/wp\/v2\/product\/4173","targetHints":{"allow":["GET"]}}],"collection":[{"href":"https:\/\/atacadaodamodaintima.com.br\/clone\/wp-json\/wp\/v2\/product"}],"about":[{"href":"https:\/\/atacadaodamodaintima.com.br\/clone\/wp-json\/wp\/v2\/types\/product"}],"replies":[{"embeddable":true,"href":"https:\/\/atacadaodamodaintima.com.br\/clone\/wp-json\/wp\/v2\/comments?post=4173"}],"wp:featuredmedia":[{"embeddable":true,"href":"https:\/\/atacadaodamodaintima.com.br\/clone\/wp-json\/wp\/v2\/media\/4169"}],"wp:attachment":[{"href":"https:\/\/atacadaodamodaintima.com.br\/clone\/wp-json\/wp\/v2\/media?parent=4173"}],"wp:term":[{"taxonomy":"product_brand","embeddable":true,"href":"https:\/\/atacadaodamodaintima.com.br\/clone\/wp-json\/wp\/v2\/product_brand?post=4173"},{"taxonomy":"product_cat","embeddable":true,"href":"https:\/\/atacadaodamodaintima.com.br\/clone\/wp-json\/wp\/v2\/product_cat?post=4173"},{"taxonomy":"product_tag","embeddable":true,"href":"https:\/\/atacadaodamodaintima.com.br\/clone\/wp-json\/wp\/v2\/product_tag?post=4173"}],"curies":[{"name":"wp","href":"https:\/\/api.w.org\/{rel}","templated":true}]}}