{"id":4100,"date":"2024-10-01T11:16:09","date_gmt":"2024-10-01T14:16:09","guid":{"rendered":"https:\/\/likelingerieatacado.com.br\/product\/plug-anal-rosa-cromado-hard\/"},"modified":"2024-10-01T11:16:11","modified_gmt":"2024-10-01T14:16:11","slug":"plug-anal-rosa-cromado-hard","status":"publish","type":"product","link":"https:\/\/atacadaodamodaintima.com.br\/clone\/plug-anal-rosa-cromado-hard\/","title":{"rendered":"Plug Anal Rosa Cromado Hard"},"content":{"rendered":"<p>Escolha a cor da pedra, selecionando a op\u00e7\u00e3o cor. <br \/>Quem gosta de dupla penetra\u00e7\u00e3o com certeza vai gostar do Plug de Metal com Detalhe em Pedra e quem n\u00e3o, vai passar a gostar tamb\u00e9m. Ele permite sentir sensa\u00e7\u00f5es diferentes e alucinantes. Podendo ser usado tanto frio quando quente, ainda se ajusta aos seus desejos. \u00c9 s\u00f3 deixar no freezer ou na \u00e1gua quente, do jeito que voc\u00ea preferir. <br \/>Ficha T\u00e9cnica <br \/>Material: Metal. <br \/>Medidas: Aproximadamente 6,5 cm de comprimento e 2,5 cm de espessura na parte mais grossa.<\/p>\n","protected":false},"excerpt":{"rendered":"<p>Escolha a cor da pedra, selecionando a op\u00e7\u00e3o cor.<br \/>Quem gosta de dupla penetra\u00e7\u00e3o com certeza vai gostar do Plug de Metal com Detalhe em Pedra e quem n\u00e3o, vai passar a gostar tamb\u00e9m. Ele permite sentir sensa\u00e7\u00f5es diferentes e alucinantes. Podendo ser usado tanto frio quando quente, ainda se ajusta aos seus desejos. \u00c9 s\u00f3 deixar no freezer ou na \u00e1gua quente, do jeito que voc\u00ea preferir.<br \/>Ficha T\u00e9cnica<br \/>Material: Metal.<br \/>Medidas: Aproximadamente 6,5 cm de comprimento e 2,5 cm de espessura na parte mais grossa.<\/p>\n","protected":false},"featured_media":4099,"comment_status":"open","ping_status":"closed","template":"","meta":[],"product_brand":[],"product_cat":[33,32],"product_tag":[],"class_list":{"0":"post-4100","1":"product","2":"type-product","3":"status-publish","4":"has-post-thumbnail","6":"product_cat-brinquedos","7":"product_cat-vibra-e-geis","9":"first","10":"outofstock","11":"taxable","12":"shipping-taxable","13":"purchasable","14":"product-type-variable","15":"add-to-wishlist-after_add_to_cart"},"_links":{"self":[{"href":"https:\/\/atacadaodamodaintima.com.br\/clone\/wp-json\/wp\/v2\/product\/4100","targetHints":{"allow":["GET"]}}],"collection":[{"href":"https:\/\/atacadaodamodaintima.com.br\/clone\/wp-json\/wp\/v2\/product"}],"about":[{"href":"https:\/\/atacadaodamodaintima.com.br\/clone\/wp-json\/wp\/v2\/types\/product"}],"replies":[{"embeddable":true,"href":"https:\/\/atacadaodamodaintima.com.br\/clone\/wp-json\/wp\/v2\/comments?post=4100"}],"wp:featuredmedia":[{"embeddable":true,"href":"https:\/\/atacadaodamodaintima.com.br\/clone\/wp-json\/wp\/v2\/media\/4099"}],"wp:attachment":[{"href":"https:\/\/atacadaodamodaintima.com.br\/clone\/wp-json\/wp\/v2\/media?parent=4100"}],"wp:term":[{"taxonomy":"product_brand","embeddable":true,"href":"https:\/\/atacadaodamodaintima.com.br\/clone\/wp-json\/wp\/v2\/product_brand?post=4100"},{"taxonomy":"product_cat","embeddable":true,"href":"https:\/\/atacadaodamodaintima.com.br\/clone\/wp-json\/wp\/v2\/product_cat?post=4100"},{"taxonomy":"product_tag","embeddable":true,"href":"https:\/\/atacadaodamodaintima.com.br\/clone\/wp-json\/wp\/v2\/product_tag?post=4100"}],"curies":[{"name":"wp","href":"https:\/\/api.w.org\/{rel}","templated":true}]}}