{"id":4094,"date":"2024-10-01T11:16:02","date_gmt":"2024-10-01T14:16:02","guid":{"rendered":"https:\/\/likelingerieatacado.com.br\/product\/plug-anal-com-rabo-longo-65x25cm\/"},"modified":"2024-10-01T11:16:04","modified_gmt":"2024-10-01T14:16:04","slug":"plug-anal-com-rabo-longo-65x25cm","status":"publish","type":"product","link":"https:\/\/atacadaodamodaintima.com.br\/clone\/plug-anal-com-rabo-longo-65x25cm\/","title":{"rendered":"Plug Anal com Rabo Longo 6,5&#215;2,5cm"},"content":{"rendered":"<p>Realize seus fetiches em grande estilo. Com o Plug de Metal com Rabo Preto voc\u00ea vai entrar nas maiores fantasias que existem em voc\u00ea. Divertido, de qualidade e gracioso. Sinta esse prazer da penetra\u00e7\u00e3o anal com esse acess\u00f3rio incr\u00edvel. <br \/>\u00a0 <br \/>Ficha T\u00e9cnica <br \/>Material: A\u00e7o inox e pelos artificiais. <br \/>Medidas: PLUG: 6,5X2,5cm; RABO: 20cm (aproximadamente). <br \/>\u00a0 <br \/>Modo de Uso <br \/>Lubrifique e introduza no \u00e2nus deixando o rabo para fora. <br \/>\u00a0 <br \/>Cuidados e Precau\u00e7\u00f5es: <br \/>Higienize antes e ap\u00f3s o uso com \u00e1gua morna e sab\u00e3o neutro. <br \/>Para evitar les\u00f5es ou um agravamento de patologias existentes, n\u00e3o utilize este produto em zona inflamada, inchada ou em pele com lacera\u00e7\u00f5es. <br \/>Mantenha fora do alcance de crian\u00e7as. <br \/>Utilize sempre com preservativo. <br \/>N\u00e3o compartilhe com nenhum outro parceiro.<\/p>\n","protected":false},"excerpt":{"rendered":"<p>Realize seus fetiches em grande estilo. Com o Plug de Metal com Rabo Preto voc\u00ea vai entrar nas maiores fantasias que existem em voc\u00ea. Divertido, de qualidade e gracioso. Sinta esse prazer da penetra\u00e7\u00e3o anal com esse acess\u00f3rio incr\u00edvel.<br \/>\u00a0<br \/>Ficha T\u00e9cnica<br \/>Material: A\u00e7o inox e pelos artificiais.<br \/>Medidas: PLUG: 6,5X2,5cm; RABO: 20cm (aproximadamente).<\/p>\n","protected":false},"featured_media":4092,"comment_status":"open","ping_status":"closed","template":"","meta":[],"product_brand":[],"product_cat":[33,32],"product_tag":[],"class_list":{"0":"post-4094","1":"product","2":"type-product","3":"status-publish","4":"has-post-thumbnail","6":"product_cat-brinquedos","7":"product_cat-vibra-e-geis","9":"first","10":"outofstock","11":"taxable","12":"shipping-taxable","13":"purchasable","14":"product-type-variable","15":"add-to-wishlist-after_add_to_cart"},"_links":{"self":[{"href":"https:\/\/atacadaodamodaintima.com.br\/clone\/wp-json\/wp\/v2\/product\/4094","targetHints":{"allow":["GET"]}}],"collection":[{"href":"https:\/\/atacadaodamodaintima.com.br\/clone\/wp-json\/wp\/v2\/product"}],"about":[{"href":"https:\/\/atacadaodamodaintima.com.br\/clone\/wp-json\/wp\/v2\/types\/product"}],"replies":[{"embeddable":true,"href":"https:\/\/atacadaodamodaintima.com.br\/clone\/wp-json\/wp\/v2\/comments?post=4094"}],"wp:featuredmedia":[{"embeddable":true,"href":"https:\/\/atacadaodamodaintima.com.br\/clone\/wp-json\/wp\/v2\/media\/4092"}],"wp:attachment":[{"href":"https:\/\/atacadaodamodaintima.com.br\/clone\/wp-json\/wp\/v2\/media?parent=4094"}],"wp:term":[{"taxonomy":"product_brand","embeddable":true,"href":"https:\/\/atacadaodamodaintima.com.br\/clone\/wp-json\/wp\/v2\/product_brand?post=4094"},{"taxonomy":"product_cat","embeddable":true,"href":"https:\/\/atacadaodamodaintima.com.br\/clone\/wp-json\/wp\/v2\/product_cat?post=4094"},{"taxonomy":"product_tag","embeddable":true,"href":"https:\/\/atacadaodamodaintima.com.br\/clone\/wp-json\/wp\/v2\/product_tag?post=4094"}],"curies":[{"name":"wp","href":"https:\/\/api.w.org\/{rel}","templated":true}]}}