{"id":4069,"date":"2024-10-01T11:15:26","date_gmt":"2024-10-01T14:15:26","guid":{"rendered":"https:\/\/likelingerieatacado.com.br\/product\/plug-anal-inox-pequeno\/"},"modified":"2025-02-22T16:47:21","modified_gmt":"2025-02-22T19:47:21","slug":"plug-anal-inox-pequeno","status":"publish","type":"product","link":"https:\/\/atacadaodamodaintima.com.br\/clone\/plug-anal-inox-pequeno\/","title":{"rendered":"Plug Anal Inox Pequeno"},"content":{"rendered":"<p>Plug Anal de A\u00e7o inoxid\u00e1vel com detalhe de joia em sua base, possui formato c\u00f4nico, ideal para uma penetra\u00e7\u00e3o segura e prazerosa. Ele \u00e9 um acess\u00f3rio muito buscado por homens e mulheres que gostam de sexo anal ou para aquelas que est\u00e3o come\u00e7ando a pr\u00e1tica. Essa pe\u00e7a tem muitas fun\u00e7\u00f5es, vai de cada gosto.Algumas das suas fun\u00e7\u00f5es s\u00e3o, preparar o \u00e2nus para o sexo anal, auxilia em orgasmos multiplos, estimula a prost\u00e1ta e serve como um enfeite. Outra curiosidade seria voc\u00ea coloc\u00e1-lo numa \u00e1gua quente ou fria para brincar com sensa\u00e7\u00f5es. <br \/>Medidas: 7,5 x 3,5 cm (aprox.) <br \/>Medidas Penetr\u00e1veis: 7 cm (aprox.)<\/p>\n","protected":false},"excerpt":{"rendered":"<p>Plug Anal de A\u00e7o inoxid\u00e1vel com detalhe de joia em sua base, possui formato c\u00f4nico, ideal para uma penetra\u00e7\u00e3o segura e prazerosa. Ele \u00e9 um acess\u00f3rio muito buscado por homens e mulheres que gostam de sexo anal ou para aquelas que est\u00e3o come\u00e7ando a pr\u00e1tica. Essa pe\u00e7a tem muitas fun\u00e7\u00f5es, vai de cada gosto.Algumas das suas fun\u00e7\u00f5es s\u00e3o, preparar o \u00e2nus para o sexo anal, auxilia em orgasmos multiplos, estimula a prost\u00e1ta e serve como um enfeite. Outra curiosidade seria voc\u00ea coloc\u00e1-lo numa \u00e1gua quente ou fria para brincar com sensa\u00e7\u00f5es.<br \/>Medidas: 7,5 x 3,5 cm (aprox.)<br \/>Medidas Penetr\u00e1veis: 7 cm (aprox.)<\/p>\n","protected":false},"featured_media":4068,"comment_status":"open","ping_status":"closed","template":"","meta":[],"product_brand":[],"product_cat":[33,32],"product_tag":[],"class_list":{"0":"post-4069","1":"product","2":"type-product","3":"status-publish","4":"has-post-thumbnail","6":"product_cat-brinquedos","7":"product_cat-vibra-e-geis","9":"first","10":"instock","11":"taxable","12":"shipping-taxable","13":"purchasable","14":"product-type-variable","15":"add-to-wishlist-after_add_to_cart"},"_links":{"self":[{"href":"https:\/\/atacadaodamodaintima.com.br\/clone\/wp-json\/wp\/v2\/product\/4069","targetHints":{"allow":["GET"]}}],"collection":[{"href":"https:\/\/atacadaodamodaintima.com.br\/clone\/wp-json\/wp\/v2\/product"}],"about":[{"href":"https:\/\/atacadaodamodaintima.com.br\/clone\/wp-json\/wp\/v2\/types\/product"}],"replies":[{"embeddable":true,"href":"https:\/\/atacadaodamodaintima.com.br\/clone\/wp-json\/wp\/v2\/comments?post=4069"}],"wp:featuredmedia":[{"embeddable":true,"href":"https:\/\/atacadaodamodaintima.com.br\/clone\/wp-json\/wp\/v2\/media\/4068"}],"wp:attachment":[{"href":"https:\/\/atacadaodamodaintima.com.br\/clone\/wp-json\/wp\/v2\/media?parent=4069"}],"wp:term":[{"taxonomy":"product_brand","embeddable":true,"href":"https:\/\/atacadaodamodaintima.com.br\/clone\/wp-json\/wp\/v2\/product_brand?post=4069"},{"taxonomy":"product_cat","embeddable":true,"href":"https:\/\/atacadaodamodaintima.com.br\/clone\/wp-json\/wp\/v2\/product_cat?post=4069"},{"taxonomy":"product_tag","embeddable":true,"href":"https:\/\/atacadaodamodaintima.com.br\/clone\/wp-json\/wp\/v2\/product_tag?post=4069"}],"curies":[{"name":"wp","href":"https:\/\/api.w.org\/{rel}","templated":true}]}}