{"id":3982,"date":"2024-10-01T10:59:20","date_gmt":"2024-10-01T13:59:20","guid":{"rendered":"https:\/\/likelingerieatacado.com.br\/product\/explosao-oral-acucar-explosivo\/"},"modified":"2024-10-01T10:59:21","modified_gmt":"2024-10-01T13:59:21","slug":"explosao-oral-acucar-explosivo","status":"publish","type":"product","link":"https:\/\/atacadaodamodaintima.com.br\/clone\/explosao-oral-acucar-explosivo\/","title":{"rendered":"Explos\u00e3o Oral &#8211; A\u00e7\u00facar Explosivo"},"content":{"rendered":"<p>Bala em p\u00f3 explosivasensa\u00e7\u00e3o \u00fanica e intensa de prazer para as preliminares e sexo oral. Agora nos sabores incr\u00edveis de Uva e Menta Gelada. <br \/>Cada pedacinho explodindo na sua boca, aumentando a saliva\u00e7\u00e3o e agu\u00e7ando o paladar. Fazendo do sexo oral um momento inesquec\u00edvel. Delicioso a\u00e7\u00facar explosivo, uma explos\u00e3o Oral de muito prazer. Explode na boca &lt; 3 <br \/>Dica: Consumir todo o conte\u00fado da embalagem imediatamente ap\u00f3s aberto. <br \/>Quer surpreender seu parceiro com um sexo oral perfeito e diferente? Est\u00e1 bala em p\u00f3 explosiva ir\u00e1 te ajudar! Ela proporciona uma deliciosa sensa\u00e7\u00e3o de explos\u00f5es em sua boca, crie momentos inesquec\u00edveis a voc\u00ea e seu parceiro(a). Excelente para beijos calorosos. <br \/>Ficha T\u00e9cnica: <br \/>Peso: 10g.<\/p>\n","protected":false},"excerpt":{"rendered":"<p>Bala em p\u00f3 explosivasensa\u00e7\u00e3o \u00fanica e intensa de prazer para as preliminares e sexo oral. Agora nos sabores incr\u00edveis de Uva e Menta Gelada.<br \/>Cada pedacinho explodindo na sua boca, aumentando a saliva\u00e7\u00e3o e agu\u00e7ando o paladar. Fazendo do sexo oral um momento inesquec\u00edvel. Delicioso a\u00e7\u00facar explosivo, uma explos\u00e3o Oral de muito prazer. Explode na boca &lt; 3<br \/>Dica: Consumir todo o conte\u00fado da embalagem imediatamente ap\u00f3s aberto.<br \/>Quer surpreender seu parceiro com um sexo oral perfeito e diferente? Est\u00e1 bala em p\u00f3 explosiva ir\u00e1 te ajudar! Ela proporciona uma deliciosa sensa\u00e7\u00e3o de explos\u00f5es em sua boca, crie momentos inesquec\u00edveis a voc\u00ea e seu parceiro(a). Excelente para beijos calorosos.<br \/>Ficha T\u00e9cnica:<br \/>Peso: 10g.<\/p>\n","protected":false},"featured_media":3981,"comment_status":"open","ping_status":"closed","template":"","meta":[],"product_brand":[],"product_cat":[34,32],"product_tag":[],"class_list":{"0":"post-3982","1":"product","2":"type-product","3":"status-publish","4":"has-post-thumbnail","6":"product_cat-oleos-e-geis","7":"product_cat-vibra-e-geis","9":"first","10":"outofstock","11":"taxable","12":"shipping-taxable","13":"purchasable","14":"product-type-variable","15":"add-to-wishlist-after_add_to_cart"},"_links":{"self":[{"href":"https:\/\/atacadaodamodaintima.com.br\/clone\/wp-json\/wp\/v2\/product\/3982","targetHints":{"allow":["GET"]}}],"collection":[{"href":"https:\/\/atacadaodamodaintima.com.br\/clone\/wp-json\/wp\/v2\/product"}],"about":[{"href":"https:\/\/atacadaodamodaintima.com.br\/clone\/wp-json\/wp\/v2\/types\/product"}],"replies":[{"embeddable":true,"href":"https:\/\/atacadaodamodaintima.com.br\/clone\/wp-json\/wp\/v2\/comments?post=3982"}],"wp:featuredmedia":[{"embeddable":true,"href":"https:\/\/atacadaodamodaintima.com.br\/clone\/wp-json\/wp\/v2\/media\/3981"}],"wp:attachment":[{"href":"https:\/\/atacadaodamodaintima.com.br\/clone\/wp-json\/wp\/v2\/media?parent=3982"}],"wp:term":[{"taxonomy":"product_brand","embeddable":true,"href":"https:\/\/atacadaodamodaintima.com.br\/clone\/wp-json\/wp\/v2\/product_brand?post=3982"},{"taxonomy":"product_cat","embeddable":true,"href":"https:\/\/atacadaodamodaintima.com.br\/clone\/wp-json\/wp\/v2\/product_cat?post=3982"},{"taxonomy":"product_tag","embeddable":true,"href":"https:\/\/atacadaodamodaintima.com.br\/clone\/wp-json\/wp\/v2\/product_tag?post=3982"}],"curies":[{"name":"wp","href":"https:\/\/api.w.org\/{rel}","templated":true}]}}