{"id":3660,"date":"2024-09-28T11:56:41","date_gmt":"2024-09-28T14:56:41","guid":{"rendered":"https:\/\/likelingerieatacado.com.br\/product\/calcinha-tanga-algodao\/"},"modified":"2024-12-30T13:45:41","modified_gmt":"2024-12-30T16:45:41","slug":"calcinha-tanga-algodao","status":"publish","type":"product","link":"https:\/\/atacadaodamodaintima.com.br\/clone\/calcinha-tanga-algodao\/","title":{"rendered":"Calcinha Tanga Algod\u00e3o"},"content":{"rendered":"<p>Calcinha Tanga Algod\u00e3o <br \/>&#8211; Tecido: 100% Algod\u00e3o <br \/>&#8211; Forro 100% algod\u00e3o <br \/>\u00a0 <br \/>ATEN\u00c7\u00c3O PARA A TABELA DE MEDIDAS, N\u00c3O EFETUAMOS TROCAS DE PE\u00c7AS INTIMAS.\u00a0 <br \/>Tamanho P veste 36\/38 <br \/>Tamanho M veste 40\/42 <br \/>Tamanho G veste 44 <br \/>Tamanho GG veste 46\u00a0 <br \/>\u00a0 <br \/>Sobre a cor do produto: <br \/>Fotos reais do produto em nosso estoque. Pode haver varia\u00e7\u00e3o na cor do produto final de acordo com o brilho do monitor, tela do celular. <br \/>Somos uma loja especializada em lingerie, sempre trazendo lindas novidades com qualidade e conforto, valorizando a mulher brasileira e tornando seu dia a dia ou noite muito mais especial. <br \/>Aproveite o frete e veja mais produtos em nossa loja.<\/p>\n","protected":false},"excerpt":{"rendered":"<p>Calcinha Tanga Algod\u00e3o<br \/>&#8211; Tecido: 100% Algod\u00e3o<br \/>&#8211; Forro 100% algod\u00e3o<br \/>\u00a0<br \/>ATEN\u00c7\u00c3O PARA A TABELA DE MEDIDAS, N\u00c3O EFETUAMOS TROCAS DE PE\u00c7AS INTIMAS.\u00a0<br \/>Tamanho P veste 36\/38<br \/>Tamanho M veste 40\/42<br \/>Tamanho G veste 44<br \/>Tamanho GG veste 46\u00a0<br \/>\u00a0<br \/>Sobre a cor do produto:<br \/>Fotos reais do produto em nosso estoque. Pode haver varia\u00e7\u00e3o na cor do produto final de acordo com o brilho do monitor, tela do celular.<br \/>Somos uma loja especializada em lingerie, sempre trazendo lindas novidades com qualidade e conforto, valorizando a mulher brasileira e tornando seu dia a dia ou noite muito mais especial.<br \/>Aproveite o frete e veja mais produtos em nossa loja.<\/p>\n","protected":false},"featured_media":3649,"comment_status":"open","ping_status":"closed","template":"","meta":[],"product_brand":[],"product_cat":[20,18],"product_tag":[],"class_list":{"0":"post-3660","1":"product","2":"type-product","3":"status-publish","4":"has-post-thumbnail","6":"product_cat-calcinha","7":"product_cat-lingerie","9":"first","10":"instock","11":"taxable","12":"shipping-taxable","13":"purchasable","14":"product-type-variable","15":"add-to-wishlist-after_add_to_cart"},"_links":{"self":[{"href":"https:\/\/atacadaodamodaintima.com.br\/clone\/wp-json\/wp\/v2\/product\/3660","targetHints":{"allow":["GET"]}}],"collection":[{"href":"https:\/\/atacadaodamodaintima.com.br\/clone\/wp-json\/wp\/v2\/product"}],"about":[{"href":"https:\/\/atacadaodamodaintima.com.br\/clone\/wp-json\/wp\/v2\/types\/product"}],"replies":[{"embeddable":true,"href":"https:\/\/atacadaodamodaintima.com.br\/clone\/wp-json\/wp\/v2\/comments?post=3660"}],"wp:featuredmedia":[{"embeddable":true,"href":"https:\/\/atacadaodamodaintima.com.br\/clone\/wp-json\/wp\/v2\/media\/3649"}],"wp:attachment":[{"href":"https:\/\/atacadaodamodaintima.com.br\/clone\/wp-json\/wp\/v2\/media?parent=3660"}],"wp:term":[{"taxonomy":"product_brand","embeddable":true,"href":"https:\/\/atacadaodamodaintima.com.br\/clone\/wp-json\/wp\/v2\/product_brand?post=3660"},{"taxonomy":"product_cat","embeddable":true,"href":"https:\/\/atacadaodamodaintima.com.br\/clone\/wp-json\/wp\/v2\/product_cat?post=3660"},{"taxonomy":"product_tag","embeddable":true,"href":"https:\/\/atacadaodamodaintima.com.br\/clone\/wp-json\/wp\/v2\/product_tag?post=3660"}],"curies":[{"name":"wp","href":"https:\/\/api.w.org\/{rel}","templated":true}]}}