{"id":36083,"date":"2025-01-29T10:06:20","date_gmt":"2025-01-29T13:06:20","guid":{"rendered":"https:\/\/likelingerieatacado.com.br\/conjunto-corset-com-cinta-liga-ivy\/"},"modified":"2025-02-25T16:30:23","modified_gmt":"2025-02-25T19:30:23","slug":"conjunto-corset-com-cinta-liga-ivy","status":"publish","type":"product","link":"https:\/\/atacadaodamodaintima.com.br\/clone\/conjunto-corset-com-cinta-liga-ivy\/","title":{"rendered":"Conjunto Corset Com Cinta Liga Ivy"},"content":{"rendered":"<p>Conjunto Corset Com Cinta Liga Ivy<br \/>\n&#8211; Confeccionado em renda e tule<br \/>\n&#8211; Suti\u00e3 com bojo bolha nos tamanhos P e M<br \/>\n&#8211; Al\u00e7as com regulagem<br \/>\n&#8211; Calcinha fio dental com regulagem nas laterias<\/p>\n<p>Aten\u00e7\u00e3o para a tabela de medidas, n\u00e3o efetuamos trocas de pe\u00e7as intimas.<br \/>\nTamanho P veste 36\/38<br \/>\nTamanho M veste 40\/42<br \/>\nTamanho G veste 44\/46<\/p>\n<p>Sobre a cor do produto:<br \/>\nFotos reais do produto em nosso estoque. Pode haver varia\u00e7\u00e3o na cor do produto final de acordo com o brilho do monitor, tela do celular.<br \/>\nTamb\u00e9m pode haver varia\u00e7\u00e3o no desenho da renda.<br \/>\nAproveite o frete e veja mais produtos em nossa loja.<br \/>\nSomos uma loja especializada em lingerie, sempre trazendo lindas novidades com qualidade e conforto, valorizando a mulher brasileira e tornando seu dia a dia ou noite muito mais especial.<\/p>\n","protected":false},"excerpt":{"rendered":"<p>Conjunto Corset Com Cinta Liga Ivy<br \/>\n&#8211; Confeccionado em renda e tule<br \/>\n&#8211; Suti\u00e3 com bojo bolha nos tamanhos P e M<br \/>\n&#8211; Al\u00e7as com regulagem<br \/>\n&#8211; Calcinha fio dental com regulagem nas laterias<\/p>\n<p>Aten\u00e7\u00e3o para a tabela de medidas, n\u00e3o efetuamos trocas de pe\u00e7as intimas.<br \/>\nTamanho P veste 36\/38<br \/>\nTamanho M veste 40\/42<br \/>\nTamanho G veste 44\/46<\/p>\n","protected":false},"featured_media":36074,"comment_status":"open","ping_status":"closed","template":"","meta":[],"product_brand":[],"product_cat":[19,18],"product_tag":[471,458,454,456,465],"class_list":{"0":"post-36083","1":"product","2":"type-product","3":"status-publish","4":"has-post-thumbnail","6":"product_cat-conjunto","7":"product_cat-lingerie","8":"product_tag-com-bojo","9":"product_tag-fio-dental","10":"product_tag-renda","11":"product_tag-sensual","12":"product_tag-tule","14":"first","15":"instock","16":"featured","17":"taxable","18":"shipping-taxable","19":"purchasable","20":"product-type-variable","21":"add-to-wishlist-after_add_to_cart"},"_links":{"self":[{"href":"https:\/\/atacadaodamodaintima.com.br\/clone\/wp-json\/wp\/v2\/product\/36083","targetHints":{"allow":["GET"]}}],"collection":[{"href":"https:\/\/atacadaodamodaintima.com.br\/clone\/wp-json\/wp\/v2\/product"}],"about":[{"href":"https:\/\/atacadaodamodaintima.com.br\/clone\/wp-json\/wp\/v2\/types\/product"}],"replies":[{"embeddable":true,"href":"https:\/\/atacadaodamodaintima.com.br\/clone\/wp-json\/wp\/v2\/comments?post=36083"}],"wp:featuredmedia":[{"embeddable":true,"href":"https:\/\/atacadaodamodaintima.com.br\/clone\/wp-json\/wp\/v2\/media\/36074"}],"wp:attachment":[{"href":"https:\/\/atacadaodamodaintima.com.br\/clone\/wp-json\/wp\/v2\/media?parent=36083"}],"wp:term":[{"taxonomy":"product_brand","embeddable":true,"href":"https:\/\/atacadaodamodaintima.com.br\/clone\/wp-json\/wp\/v2\/product_brand?post=36083"},{"taxonomy":"product_cat","embeddable":true,"href":"https:\/\/atacadaodamodaintima.com.br\/clone\/wp-json\/wp\/v2\/product_cat?post=36083"},{"taxonomy":"product_tag","embeddable":true,"href":"https:\/\/atacadaodamodaintima.com.br\/clone\/wp-json\/wp\/v2\/product_tag?post=36083"}],"curies":[{"name":"wp","href":"https:\/\/api.w.org\/{rel}","templated":true}]}}