{"id":34523,"date":"2024-11-27T16:02:29","date_gmt":"2024-11-27T19:02:29","guid":{"rendered":"https:\/\/likelingerieatacado.com.br\/kit-calcinha-fio-dental-com-cinta-liga-coracao\/"},"modified":"2025-02-25T13:12:58","modified_gmt":"2025-02-25T16:12:58","slug":"kit-calcinha-fio-dental-com-cinta-liga-coracao","status":"publish","type":"product","link":"https:\/\/atacadaodamodaintima.com.br\/clone\/kit-calcinha-fio-dental-com-cinta-liga-coracao\/","title":{"rendered":"Kit Calcinha Fio Dental Com Cinta Liga Cora\u00e7\u00e3o"},"content":{"rendered":"<p>Kit Calcinha Fio Dental com Cinta Liga Cora\u00e7\u00e3o<br \/>&#8211; Calcinha e cinta liga com regualagem de tamanho, para melhor ajuste ao corpo<br \/>\u00a0 <br \/>Aten\u00e7\u00e3o para a tabela de medidas, n\u00e3o efetuamos trocas de pe\u00e7as intimas.<br \/>Tamanho P veste 36\/38 <br \/>Tamanho M veste 40\/42 <br \/>Tamanho G veste 44 <br \/>Tamanho GG veste 46\u00a0 <\/p>\n<p>Sobre a cor do produto: <br \/>Fotos reais do produto em nosso estoque. Pode haver varia\u00e7\u00e3o na cor do produto final de acordo com o brilho do monitor, tela do celular. <br \/>Tamb\u00e9m pode haver varia\u00e7\u00e3o no desenho da renda. <br \/>Aproveite o frete e veja mais produtos em nossa loja. <br \/>Somos uma loja especializada em lingerie, sempre trazendo lindas novidades com qualidade e conforto, valorizando a mulher brasileira e tornando seu dia a dia ou noite muito mais especial.<\/p>\n","protected":false},"excerpt":{"rendered":"<p>Kit Calcinha Fio Dental com Cinta Liga Cora\u00e7\u00e3o<br \/>&#8211; Calcinha e cinta liga com regualagem de tamanho, para melhor ajuste ao corpo<br \/>\u00a0<br \/>Aten\u00e7\u00e3o para a tabela de medidas, n\u00e3o efetuamos trocas de pe\u00e7as intimas.<br \/>Tamanho P veste 36\/38<br \/>Tamanho M veste 40\/42<br \/>Tamanho G veste 44<br \/>Tamanho GG veste 46\u00a0<\/p>\n","protected":false},"featured_media":34798,"comment_status":"open","ping_status":"closed","template":"","meta":[],"product_brand":[],"product_cat":[20,18],"product_tag":[458,454,456],"class_list":{"0":"post-34523","1":"product","2":"type-product","3":"status-publish","4":"has-post-thumbnail","6":"product_cat-calcinha","7":"product_cat-lingerie","8":"product_tag-fio-dental","9":"product_tag-renda","10":"product_tag-sensual","12":"first","13":"instock","14":"taxable","15":"shipping-taxable","16":"purchasable","17":"product-type-variable","18":"add-to-wishlist-after_add_to_cart"},"_links":{"self":[{"href":"https:\/\/atacadaodamodaintima.com.br\/clone\/wp-json\/wp\/v2\/product\/34523","targetHints":{"allow":["GET"]}}],"collection":[{"href":"https:\/\/atacadaodamodaintima.com.br\/clone\/wp-json\/wp\/v2\/product"}],"about":[{"href":"https:\/\/atacadaodamodaintima.com.br\/clone\/wp-json\/wp\/v2\/types\/product"}],"replies":[{"embeddable":true,"href":"https:\/\/atacadaodamodaintima.com.br\/clone\/wp-json\/wp\/v2\/comments?post=34523"}],"wp:featuredmedia":[{"embeddable":true,"href":"https:\/\/atacadaodamodaintima.com.br\/clone\/wp-json\/wp\/v2\/media\/34798"}],"wp:attachment":[{"href":"https:\/\/atacadaodamodaintima.com.br\/clone\/wp-json\/wp\/v2\/media?parent=34523"}],"wp:term":[{"taxonomy":"product_brand","embeddable":true,"href":"https:\/\/atacadaodamodaintima.com.br\/clone\/wp-json\/wp\/v2\/product_brand?post=34523"},{"taxonomy":"product_cat","embeddable":true,"href":"https:\/\/atacadaodamodaintima.com.br\/clone\/wp-json\/wp\/v2\/product_cat?post=34523"},{"taxonomy":"product_tag","embeddable":true,"href":"https:\/\/atacadaodamodaintima.com.br\/clone\/wp-json\/wp\/v2\/product_tag?post=34523"}],"curies":[{"name":"wp","href":"https:\/\/api.w.org\/{rel}","templated":true}]}}