{"id":34050,"date":"2024-11-11T15:18:28","date_gmt":"2024-11-11T18:18:28","guid":{"rendered":"https:\/\/likelingerieatacado.com.br\/plug-anal-vibratorio-em-silicone-com-controle-remoto-mpa6025\/"},"modified":"2024-12-16T17:23:37","modified_gmt":"2024-12-16T20:23:37","slug":"plug-anal-vibratorio-em-silicone-com-controle-remoto-mpa6025","status":"publish","type":"product","link":"https:\/\/atacadaodamodaintima.com.br\/clone\/plug-anal-vibratorio-em-silicone-com-controle-remoto-mpa6025\/","title":{"rendered":"Plug Anal Vibrat\u00f3rio em Silicone com Controle Remoto MPA6025"},"content":{"rendered":"<p>Plug anal vibrat\u00f3rio em silicone com controle remoto e cerdas estimuladoras. Possui toque suave, aveludado e uma bola estimuladora de ponto er\u00f3tico.<br \/>Bateria: Plug \u2013 Recarreg\u00e1vel USB (cabo incluso) \/ Controle \u2013 Utiliza 01 bateria CR2032 (inclusa)<br \/>Desempenho:\u00a0 10 modos de vibra\u00e7\u00e3o com 10 modos de estimula\u00e7\u00e3o de ponto er\u00f3tico.<br \/>Medidas aprox.: Plug \u2013 94 x 75 x 27 mm \/ Controle \u2013 60 x 35 mm<br \/>Material: Silicone + ABS<br \/>OBS: As medidas informadas s\u00e3o aproximadas, podendo sofrer leves varia\u00e7\u00f5es.<\/p>\n","protected":false},"excerpt":{"rendered":"<p>Plug anal vibrat\u00f3rio em silicone com controle remoto e cerdas estimuladoras. Possui toque suave, aveludado e uma bola estimuladora de ponto er\u00f3tico.<br \/>Bateria: Plug \u2013 Recarreg\u00e1vel USB (cabo incluso) \/ Controle \u2013 Utiliza 01 bateria CR2032 (inclusa)<br \/>Desempenho:\u00a0 10 modos de vibra\u00e7\u00e3o com 10 modos de estimula\u00e7\u00e3o de ponto er\u00f3tico.<br \/>Medidas aprox.: Plug \u2013 94 x 75 x 27 mm \/ Controle \u2013 60 x 35 mm<br \/>Material: Silicone + ABS<br \/>OBS: As medidas informadas s\u00e3o aproximadas, podendo sofrer leves varia\u00e7\u00f5es.<\/p>\n","protected":false},"featured_media":34044,"comment_status":"open","ping_status":"closed","template":"","meta":[],"product_brand":[],"product_cat":[33,32],"product_tag":[],"class_list":{"0":"post-34050","1":"product","2":"type-product","3":"status-publish","4":"has-post-thumbnail","6":"product_cat-brinquedos","7":"product_cat-vibra-e-geis","9":"first","10":"instock","11":"taxable","12":"shipping-taxable","13":"purchasable","14":"product-type-variable","15":"add-to-wishlist-after_add_to_cart"},"_links":{"self":[{"href":"https:\/\/atacadaodamodaintima.com.br\/clone\/wp-json\/wp\/v2\/product\/34050","targetHints":{"allow":["GET"]}}],"collection":[{"href":"https:\/\/atacadaodamodaintima.com.br\/clone\/wp-json\/wp\/v2\/product"}],"about":[{"href":"https:\/\/atacadaodamodaintima.com.br\/clone\/wp-json\/wp\/v2\/types\/product"}],"replies":[{"embeddable":true,"href":"https:\/\/atacadaodamodaintima.com.br\/clone\/wp-json\/wp\/v2\/comments?post=34050"}],"wp:featuredmedia":[{"embeddable":true,"href":"https:\/\/atacadaodamodaintima.com.br\/clone\/wp-json\/wp\/v2\/media\/34044"}],"wp:attachment":[{"href":"https:\/\/atacadaodamodaintima.com.br\/clone\/wp-json\/wp\/v2\/media?parent=34050"}],"wp:term":[{"taxonomy":"product_brand","embeddable":true,"href":"https:\/\/atacadaodamodaintima.com.br\/clone\/wp-json\/wp\/v2\/product_brand?post=34050"},{"taxonomy":"product_cat","embeddable":true,"href":"https:\/\/atacadaodamodaintima.com.br\/clone\/wp-json\/wp\/v2\/product_cat?post=34050"},{"taxonomy":"product_tag","embeddable":true,"href":"https:\/\/atacadaodamodaintima.com.br\/clone\/wp-json\/wp\/v2\/product_tag?post=34050"}],"curies":[{"name":"wp","href":"https:\/\/api.w.org\/{rel}","templated":true}]}}