{"id":34023,"date":"2024-11-11T15:17:46","date_gmt":"2024-11-11T18:17:46","guid":{"rendered":"https:\/\/likelingerieatacado.com.br\/protese-peniana-de-led-com-ventosa-mlve3820\/"},"modified":"2025-01-10T19:19:30","modified_gmt":"2025-01-10T22:19:30","slug":"protese-peniana-de-led-com-ventosa-mlve3820","status":"publish","type":"product","link":"https:\/\/atacadaodamodaintima.com.br\/clone\/protese-peniana-de-led-com-ventosa-mlve3820\/","title":{"rendered":"Pr\u00f3tese Peniana de Led com Ventosa MLVE3820"},"content":{"rendered":"<p>Pr\u00f3tese peniana silicone com led em formato de glande com relevos estimuladores semelhante a veias. Possui escroto e ventosa.\u00a0 <br \/>Medidas aprox.: 190 x 73 x 37 mm \/ Penetr\u00e1vel \u2013 140 mm <br \/>Bateria: LED Utiliza 01 bateria CR2032 (inclusa) <br \/>Material: TPE <br \/>OBS: As medidas informadas s\u00e3o aproximadas, podendo sofrer leves varia\u00e7\u00f5es.<\/p>\n","protected":false},"excerpt":{"rendered":"<p>Pr\u00f3tese peniana silicone com led em formato de glande com relevos estimuladores semelhante a veias. Possui escroto e ventosa.\u00a0<br \/>Medidas aprox.: 190 x 73 x 37 mm \/ Penetr\u00e1vel \u2013 140 mm<br \/>Bateria: LED Utiliza 01 bateria CR2032 (inclusa)<br \/>Material: TPE<br \/>OBS: As medidas informadas s\u00e3o aproximadas, podendo sofrer leves varia\u00e7\u00f5es.<\/p>\n","protected":false},"featured_media":34021,"comment_status":"open","ping_status":"closed","template":"","meta":[],"product_brand":[],"product_cat":[33,32],"product_tag":[],"class_list":{"0":"post-34023","1":"product","2":"type-product","3":"status-publish","4":"has-post-thumbnail","6":"product_cat-brinquedos","7":"product_cat-vibra-e-geis","9":"first","10":"instock","11":"taxable","12":"shipping-taxable","13":"purchasable","14":"product-type-variable","15":"add-to-wishlist-after_add_to_cart"},"_links":{"self":[{"href":"https:\/\/atacadaodamodaintima.com.br\/clone\/wp-json\/wp\/v2\/product\/34023","targetHints":{"allow":["GET"]}}],"collection":[{"href":"https:\/\/atacadaodamodaintima.com.br\/clone\/wp-json\/wp\/v2\/product"}],"about":[{"href":"https:\/\/atacadaodamodaintima.com.br\/clone\/wp-json\/wp\/v2\/types\/product"}],"replies":[{"embeddable":true,"href":"https:\/\/atacadaodamodaintima.com.br\/clone\/wp-json\/wp\/v2\/comments?post=34023"}],"wp:featuredmedia":[{"embeddable":true,"href":"https:\/\/atacadaodamodaintima.com.br\/clone\/wp-json\/wp\/v2\/media\/34021"}],"wp:attachment":[{"href":"https:\/\/atacadaodamodaintima.com.br\/clone\/wp-json\/wp\/v2\/media?parent=34023"}],"wp:term":[{"taxonomy":"product_brand","embeddable":true,"href":"https:\/\/atacadaodamodaintima.com.br\/clone\/wp-json\/wp\/v2\/product_brand?post=34023"},{"taxonomy":"product_cat","embeddable":true,"href":"https:\/\/atacadaodamodaintima.com.br\/clone\/wp-json\/wp\/v2\/product_cat?post=34023"},{"taxonomy":"product_tag","embeddable":true,"href":"https:\/\/atacadaodamodaintima.com.br\/clone\/wp-json\/wp\/v2\/product_tag?post=34023"}],"curies":[{"name":"wp","href":"https:\/\/api.w.org\/{rel}","templated":true}]}}