{"id":34018,"date":"2024-11-11T15:17:40","date_gmt":"2024-11-11T18:17:40","guid":{"rendered":"https:\/\/likelingerieatacado.com.br\/protese-peniana-dupla-longa-de-silicone-mlva2112\/"},"modified":"2025-01-13T15:53:23","modified_gmt":"2025-01-13T18:53:23","slug":"protese-peniana-dupla-longa-de-silicone-mlva2112","status":"publish","type":"product","link":"https:\/\/atacadaodamodaintima.com.br\/clone\/protese-peniana-dupla-longa-de-silicone-mlva2112\/","title":{"rendered":"Prot\u00e9se Peniana Dupla Longa de Silicone MLVA2112"},"content":{"rendered":"<p>Prot\u00e9se peniana dupla de silicone flex\u00edvel com relevos massageador e formato de glande nas duas pontas. <br \/>Medidas aprox.: 340 x 33 x 27 mm <br \/>Material: TPE <br \/>OBS: As medidas informadas s\u00e3o aproximadas, podendo sofrer leves varia\u00e7\u00f5es.<\/p>\n","protected":false},"excerpt":{"rendered":"<p>Prot\u00e9se peniana dupla de silicone flex\u00edvel com relevos massageador e formato de glande nas duas pontas.<br \/>Medidas aprox.: 340 x 33 x 27 mm<br \/>Material: TPE<br \/>OBS: As medidas informadas s\u00e3o aproximadas, podendo sofrer leves varia\u00e7\u00f5es.<\/p>\n","protected":false},"featured_media":34016,"comment_status":"open","ping_status":"closed","template":"","meta":[],"product_brand":[],"product_cat":[33,32],"product_tag":[],"class_list":{"0":"post-34018","1":"product","2":"type-product","3":"status-publish","4":"has-post-thumbnail","6":"product_cat-brinquedos","7":"product_cat-vibra-e-geis","9":"first","10":"instock","11":"taxable","12":"shipping-taxable","13":"purchasable","14":"product-type-variable","15":"add-to-wishlist-after_add_to_cart"},"_links":{"self":[{"href":"https:\/\/atacadaodamodaintima.com.br\/clone\/wp-json\/wp\/v2\/product\/34018","targetHints":{"allow":["GET"]}}],"collection":[{"href":"https:\/\/atacadaodamodaintima.com.br\/clone\/wp-json\/wp\/v2\/product"}],"about":[{"href":"https:\/\/atacadaodamodaintima.com.br\/clone\/wp-json\/wp\/v2\/types\/product"}],"replies":[{"embeddable":true,"href":"https:\/\/atacadaodamodaintima.com.br\/clone\/wp-json\/wp\/v2\/comments?post=34018"}],"wp:featuredmedia":[{"embeddable":true,"href":"https:\/\/atacadaodamodaintima.com.br\/clone\/wp-json\/wp\/v2\/media\/34016"}],"wp:attachment":[{"href":"https:\/\/atacadaodamodaintima.com.br\/clone\/wp-json\/wp\/v2\/media?parent=34018"}],"wp:term":[{"taxonomy":"product_brand","embeddable":true,"href":"https:\/\/atacadaodamodaintima.com.br\/clone\/wp-json\/wp\/v2\/product_brand?post=34018"},{"taxonomy":"product_cat","embeddable":true,"href":"https:\/\/atacadaodamodaintima.com.br\/clone\/wp-json\/wp\/v2\/product_cat?post=34018"},{"taxonomy":"product_tag","embeddable":true,"href":"https:\/\/atacadaodamodaintima.com.br\/clone\/wp-json\/wp\/v2\/product_tag?post=34018"}],"curies":[{"name":"wp","href":"https:\/\/api.w.org\/{rel}","templated":true}]}}