{"id":33668,"date":"2024-11-05T10:34:13","date_gmt":"2024-11-05T13:34:13","guid":{"rendered":"https:\/\/likelingerieatacado.com.br\/pijama-baby-doll-regata-feminino-betty\/"},"modified":"2025-02-18T17:39:25","modified_gmt":"2025-02-18T20:39:25","slug":"pijama-baby-doll-regata-feminino-betty","status":"publish","type":"product","link":"https:\/\/atacadaodamodaintima.com.br\/clone\/pijama-baby-doll-regata-feminino-betty\/","title":{"rendered":"Pijama Baby Doll Regata Feminino Betty"},"content":{"rendered":"<p>Pijama Baby Doll Regata Feminino Betty<br \/>\n&#8211; Confeccionado em suede<br \/>\n&#8211; Modelo est\u00e1 usando tamanho P<\/p>\n<p>Aten\u00e7\u00e3o para a tabela de medidas, n\u00e3o efetuamos trocas de pe\u00e7as intimas.<br \/>\nTabela de Medidas:<br \/>\nP veste 36\/38<br \/>\nM veste 40\/42<br \/>\nG veste 44<br \/>\nGG veste 46<\/p>\n<p>Sobre a cor do produto:<br \/>\nFotos reais do produto em nosso estoque. Pode haver varia\u00e7\u00e3o na cor do produto final de acordo com o brilho do monitor, tela do celular.<br \/>\nTamb\u00e9m pode haver varia\u00e7\u00e3o no desenho da renda.<br \/>\nAproveite o frete e veja mais produtos em nossa loja.<br \/>\nSomos uma loja especializada em lingerie, sempre trazendo lindas novidades com qualidade e conforto, valorizando a mulher brasileira e tornando seu dia a dia ou noite muito mais especial.<\/p>\n<p>&nbsp;<\/p>\n","protected":false},"excerpt":{"rendered":"<p>Pijama Baby Doll Regata Feminino Betty<br \/>\n&#8211; Confeccionado em suede<br \/>\n&#8211; Modelo est\u00e1 usando tamanho P<\/p>\n<p>Aten\u00e7\u00e3o para a tabela de medidas, n\u00e3o efetuamos trocas de pe\u00e7as intimas.<br \/>\nTabela de Medidas:<br \/>\nP veste 36\/38<br \/>\nM veste 40\/42<br \/>\nG veste 44<br \/>\nGG veste 46<\/p>\n","protected":false},"featured_media":33727,"comment_status":"open","ping_status":"closed","template":"","meta":[],"product_brand":[],"product_cat":[28,27],"product_tag":[],"class_list":{"0":"post-33668","1":"product","2":"type-product","3":"status-publish","4":"has-post-thumbnail","6":"product_cat-baby-doll","7":"product_cat-para-dormir","9":"first","10":"instock","11":"taxable","12":"shipping-taxable","13":"purchasable","14":"product-type-variable","15":"add-to-wishlist-after_add_to_cart"},"_links":{"self":[{"href":"https:\/\/atacadaodamodaintima.com.br\/clone\/wp-json\/wp\/v2\/product\/33668","targetHints":{"allow":["GET"]}}],"collection":[{"href":"https:\/\/atacadaodamodaintima.com.br\/clone\/wp-json\/wp\/v2\/product"}],"about":[{"href":"https:\/\/atacadaodamodaintima.com.br\/clone\/wp-json\/wp\/v2\/types\/product"}],"replies":[{"embeddable":true,"href":"https:\/\/atacadaodamodaintima.com.br\/clone\/wp-json\/wp\/v2\/comments?post=33668"}],"wp:featuredmedia":[{"embeddable":true,"href":"https:\/\/atacadaodamodaintima.com.br\/clone\/wp-json\/wp\/v2\/media\/33727"}],"wp:attachment":[{"href":"https:\/\/atacadaodamodaintima.com.br\/clone\/wp-json\/wp\/v2\/media?parent=33668"}],"wp:term":[{"taxonomy":"product_brand","embeddable":true,"href":"https:\/\/atacadaodamodaintima.com.br\/clone\/wp-json\/wp\/v2\/product_brand?post=33668"},{"taxonomy":"product_cat","embeddable":true,"href":"https:\/\/atacadaodamodaintima.com.br\/clone\/wp-json\/wp\/v2\/product_cat?post=33668"},{"taxonomy":"product_tag","embeddable":true,"href":"https:\/\/atacadaodamodaintima.com.br\/clone\/wp-json\/wp\/v2\/product_tag?post=33668"}],"curies":[{"name":"wp","href":"https:\/\/api.w.org\/{rel}","templated":true}]}}