{"id":32380,"date":"2024-10-28T16:49:58","date_gmt":"2024-10-28T19:49:58","guid":{"rendered":"https:\/\/likelingerieatacado.com.br\/product\/conjunto-menina-moca-top-nadador-cotton-ref-303\/"},"modified":"2025-02-24T20:25:19","modified_gmt":"2025-02-24T23:25:19","slug":"conjunto-menina-moca-top-nadador-cotton-ref-303","status":"publish","type":"product","link":"https:\/\/atacadaodamodaintima.com.br\/clone\/conjunto-menina-moca-top-nadador-cotton-ref-303\/","title":{"rendered":"Conjunto Menina Mo\u00e7a Top Nadador Cotton Ref 303"},"content":{"rendered":"<p>Conjunto\u00a0 Infantil Cotton Algod\u00e3o<br \/>\n&#8211; Com forro em algod\u00e3o<br \/>\n&#8211; Suti\u00e3 Sem Bojo<\/p>\n<p>Aten\u00e7\u00e3o para a tabela de medidas, n\u00e3o efetuamos trocas de pe\u00e7as intimas.<br \/>\nTamanho P veste 6 -8 anos<br \/>\nTamanho M veste 8 &#8211; 10 anos<br \/>\nTamanho G veste 10 -12 anos<br \/>\nTamanho GG veste 12 &#8211; 14 anos<\/p>\n<p>O tamanho pode variar de acordo com a estrutura da crian\u00e7a.<\/p>\n<p>Sobre a cor do produto:<br \/>\nFotos reais do produto em nosso estoque. Pode haver varia\u00e7\u00e3o na cor do produto final de acordo com o brilho do monitor, tela do celular.<br \/>\nTamb\u00e9m pode haver varia\u00e7\u00e3o no desenho da renda.<br \/>\nAproveite o frete e veja mais produtos em nossa loja.<br \/>\nSomos uma loja especializada em lingerie, sempre trazendo lindas novidades com qualidade e conforto, valorizando a mulher brasileira e tornando seu dia a dia ou noite muito mais especial.<\/p>\n","protected":false},"excerpt":{"rendered":"<p>Conjunto\u00a0 Infantil Cotton Algod\u00e3o<br \/>\n&#8211; Com forro em algod\u00e3o<br \/>\n&#8211; Suti\u00e3 Sem Bojo<\/p>\n<p>O tamanho pode variar de acordo com a estrutura da crian\u00e7a.<br \/>\nAten\u00e7\u00e3o para a tabela de medidas, n\u00e3o efetuamos trocas de pe\u00e7as intimas.<br \/>\nConjunto\u00a0 Infantil Cotton Algod\u00e3o<br \/>\n&#8211; Com forro em algod\u00e3o<br \/>\n&#8211; Suti\u00e3 Sem Bojo<\/p>\n<p>Aten\u00e7\u00e3o para a tabela de medidas, n\u00e3o efetuamos trocas de pe\u00e7as intimas.<br \/>\nTamanho P veste 6 &#8211; 8 anos<br \/>\nTamanho M veste 8 &#8211; 10 anos<br \/>\nTamanho G veste 10 &#8211; 12 anos<br \/>\nTamanho GG veste 12 &#8211; 14 anos<\/p>\n","protected":false},"featured_media":32373,"comment_status":"open","ping_status":"closed","template":"","meta":[],"product_brand":[],"product_cat":[19,18],"product_tag":[475,461],"class_list":{"0":"post-32380","1":"product","2":"type-product","3":"status-publish","4":"has-post-thumbnail","6":"product_cat-conjunto","7":"product_cat-lingerie","8":"product_tag-algodao","9":"product_tag-basico","11":"first","12":"instock","13":"taxable","14":"shipping-taxable","15":"purchasable","16":"product-type-variable","17":"add-to-wishlist-after_add_to_cart"},"_links":{"self":[{"href":"https:\/\/atacadaodamodaintima.com.br\/clone\/wp-json\/wp\/v2\/product\/32380","targetHints":{"allow":["GET"]}}],"collection":[{"href":"https:\/\/atacadaodamodaintima.com.br\/clone\/wp-json\/wp\/v2\/product"}],"about":[{"href":"https:\/\/atacadaodamodaintima.com.br\/clone\/wp-json\/wp\/v2\/types\/product"}],"replies":[{"embeddable":true,"href":"https:\/\/atacadaodamodaintima.com.br\/clone\/wp-json\/wp\/v2\/comments?post=32380"}],"wp:featuredmedia":[{"embeddable":true,"href":"https:\/\/atacadaodamodaintima.com.br\/clone\/wp-json\/wp\/v2\/media\/32373"}],"wp:attachment":[{"href":"https:\/\/atacadaodamodaintima.com.br\/clone\/wp-json\/wp\/v2\/media?parent=32380"}],"wp:term":[{"taxonomy":"product_brand","embeddable":true,"href":"https:\/\/atacadaodamodaintima.com.br\/clone\/wp-json\/wp\/v2\/product_brand?post=32380"},{"taxonomy":"product_cat","embeddable":true,"href":"https:\/\/atacadaodamodaintima.com.br\/clone\/wp-json\/wp\/v2\/product_cat?post=32380"},{"taxonomy":"product_tag","embeddable":true,"href":"https:\/\/atacadaodamodaintima.com.br\/clone\/wp-json\/wp\/v2\/product_tag?post=32380"}],"curies":[{"name":"wp","href":"https:\/\/api.w.org\/{rel}","templated":true}]}}