{"id":32226,"date":"2024-10-28T16:29:34","date_gmt":"2024-10-28T19:29:34","guid":{"rendered":"https:\/\/likelingerieatacado.com.br\/product\/camisola-liganete-estampada-ref-012\/"},"modified":"2025-02-18T13:51:29","modified_gmt":"2025-02-18T16:51:29","slug":"camisola-liganete-estampada-ref-012","status":"publish","type":"product","link":"https:\/\/atacadaodamodaintima.com.br\/clone\/camisola-liganete-estampada-ref-012\/","title":{"rendered":"Camisola Liganete Estampada Ref 012"},"content":{"rendered":"<p>Camisola Liganete Estampada Ref 012<br \/>\n&#8211; Confeccionada em liganete.<br \/>\nVERIFICAR DISPONIBILIDADE DAS ESTAMPAS POR WHATSAPP!<\/p>\n<p>Aten\u00e7\u00e3o para a tabela de medidas, n\u00e3o efetuamos trocas de pe\u00e7as intimas.<br \/>\nTabela de Medidas:<br \/>\nP veste 36\/38<br \/>\nM veste 40\/42<br \/>\nG veste 44<br \/>\nGG veste 46<\/p>\n<p>Sobre a cor do produto:<br \/>\nFotos reais do produto em nosso estoque. Pode haver varia\u00e7\u00e3o na cor do produto final de acordo com o brilho do monitor, tela do celular.<br \/>\nTamb\u00e9m pode haver varia\u00e7\u00e3o no desenho da renda.<br \/>\nAproveite o frete e veja mais produtos em nossa loja.<br \/>\nSomos uma loja especializada em lingerie, sempre trazendo lindas novidades com qualidade e conforto, valorizando a mulher brasileira e tornando seu dia a dia ou noite muito mais especial.<\/p>\n<p>&nbsp;<\/p>\n","protected":false},"excerpt":{"rendered":"<p>Camisola Liganete Estampada Ref 012<br \/>\n&#8211; Confeccionada em liganete.<\/p>\n<p>VERIFICAR DISPONIBILIDADE DAS ESTAMPAS POR WHATSAPP!<\/p>\n<p>Aten\u00e7\u00e3o para a tabela de medidas, n\u00e3o efetuamos trocas de pe\u00e7as intimas.<br \/>\nTabela de Medidas:<br \/>\nP veste 36\/38<br \/>\nM veste 40\/42<br \/>\nG veste 44<br \/>\nGG veste 46<\/p>\n","protected":false},"featured_media":32222,"comment_status":"open","ping_status":"closed","template":"","meta":[],"product_brand":[],"product_cat":[29,27],"product_tag":[461,462],"class_list":{"0":"post-32226","1":"product","2":"type-product","3":"status-publish","4":"has-post-thumbnail","6":"product_cat-camisola","7":"product_cat-para-dormir","8":"product_tag-basico","9":"product_tag-blogueira","11":"first","12":"instock","13":"taxable","14":"shipping-taxable","15":"purchasable","16":"product-type-variable","17":"add-to-wishlist-after_add_to_cart"},"_links":{"self":[{"href":"https:\/\/atacadaodamodaintima.com.br\/clone\/wp-json\/wp\/v2\/product\/32226","targetHints":{"allow":["GET"]}}],"collection":[{"href":"https:\/\/atacadaodamodaintima.com.br\/clone\/wp-json\/wp\/v2\/product"}],"about":[{"href":"https:\/\/atacadaodamodaintima.com.br\/clone\/wp-json\/wp\/v2\/types\/product"}],"replies":[{"embeddable":true,"href":"https:\/\/atacadaodamodaintima.com.br\/clone\/wp-json\/wp\/v2\/comments?post=32226"}],"wp:featuredmedia":[{"embeddable":true,"href":"https:\/\/atacadaodamodaintima.com.br\/clone\/wp-json\/wp\/v2\/media\/32222"}],"wp:attachment":[{"href":"https:\/\/atacadaodamodaintima.com.br\/clone\/wp-json\/wp\/v2\/media?parent=32226"}],"wp:term":[{"taxonomy":"product_brand","embeddable":true,"href":"https:\/\/atacadaodamodaintima.com.br\/clone\/wp-json\/wp\/v2\/product_brand?post=32226"},{"taxonomy":"product_cat","embeddable":true,"href":"https:\/\/atacadaodamodaintima.com.br\/clone\/wp-json\/wp\/v2\/product_cat?post=32226"},{"taxonomy":"product_tag","embeddable":true,"href":"https:\/\/atacadaodamodaintima.com.br\/clone\/wp-json\/wp\/v2\/product_tag?post=32226"}],"curies":[{"name":"wp","href":"https:\/\/api.w.org\/{rel}","templated":true}]}}