{"id":30728,"date":"2024-10-28T13:01:55","date_gmt":"2024-10-28T16:01:55","guid":{"rendered":"https:\/\/likelingerieatacado.com.br\/product\/vibrador-em-formato-de-batom\/"},"modified":"2024-11-04T18:03:03","modified_gmt":"2024-11-04T21:03:03","slug":"vibrador-em-formato-de-batom","status":"publish","type":"product","link":"https:\/\/atacadaodamodaintima.com.br\/clone\/vibrador-em-formato-de-batom\/","title":{"rendered":"Vibrador em Formato de Batom"},"content":{"rendered":"<p>Bullet em Formato de Batom <br \/>Massageador em forma de Batom feito em material macio de toque agrad\u00e1vel e f\u00e1cil limpeza. Massageador para est\u00edmulo do clit\u00f3ris <br \/>Possui 1 modos de vibra\u00e7\u00e3o. <br \/>\u00a0 <br \/>Modo de uso:Gire a Base para ligar e para controlar o n\u00edvel de vibra\u00e7\u00e3o, para desligar Basta girar a Base. <br \/>Lubrificar antes da penetra\u00e7\u00e3o. <br \/>Material:ABS, Silicone. <br \/>Bateria:Utiliza1 pilha (AA) n\u00e3o inclusas. <br \/>Medidas:9,0 cm de comprimento total, 1,2 cm de espessura (medidas aproximadas).<\/p>\n","protected":false},"excerpt":{"rendered":"<p>Bullet em Formato de Batom<br \/>Massageador em forma de Batom feito em material macio de toque agrad\u00e1vel e f\u00e1cil limpeza. Massageador para est\u00edmulo do clit\u00f3ris<br \/>Possui 1 modos de vibra\u00e7\u00e3o.<br \/>\u00a0<br \/>Modo de uso:Gire a Base para ligar e para controlar o n\u00edvel de vibra\u00e7\u00e3o, para desligar Basta girar a Base.<br \/>Lubrificar antes da penetra\u00e7\u00e3o.<br \/>Material:ABS, Silicone.<br \/>Bateria:Utiliza1 pilha (AA) n\u00e3o inclusas.<br \/>Medidas:9,0 cm de comprimento total, 1,2 cm de espessura (medidas aproximadas).<\/p>\n","protected":false},"featured_media":30723,"comment_status":"open","ping_status":"closed","template":"","meta":[],"product_brand":[],"product_cat":[33,32],"product_tag":[],"class_list":{"0":"post-30728","1":"product","2":"type-product","3":"status-publish","4":"has-post-thumbnail","6":"product_cat-brinquedos","7":"product_cat-vibra-e-geis","9":"first","10":"outofstock","11":"taxable","12":"shipping-taxable","13":"purchasable","14":"product-type-variable","15":"add-to-wishlist-after_add_to_cart"},"_links":{"self":[{"href":"https:\/\/atacadaodamodaintima.com.br\/clone\/wp-json\/wp\/v2\/product\/30728","targetHints":{"allow":["GET"]}}],"collection":[{"href":"https:\/\/atacadaodamodaintima.com.br\/clone\/wp-json\/wp\/v2\/product"}],"about":[{"href":"https:\/\/atacadaodamodaintima.com.br\/clone\/wp-json\/wp\/v2\/types\/product"}],"replies":[{"embeddable":true,"href":"https:\/\/atacadaodamodaintima.com.br\/clone\/wp-json\/wp\/v2\/comments?post=30728"}],"wp:featuredmedia":[{"embeddable":true,"href":"https:\/\/atacadaodamodaintima.com.br\/clone\/wp-json\/wp\/v2\/media\/30723"}],"wp:attachment":[{"href":"https:\/\/atacadaodamodaintima.com.br\/clone\/wp-json\/wp\/v2\/media?parent=30728"}],"wp:term":[{"taxonomy":"product_brand","embeddable":true,"href":"https:\/\/atacadaodamodaintima.com.br\/clone\/wp-json\/wp\/v2\/product_brand?post=30728"},{"taxonomy":"product_cat","embeddable":true,"href":"https:\/\/atacadaodamodaintima.com.br\/clone\/wp-json\/wp\/v2\/product_cat?post=30728"},{"taxonomy":"product_tag","embeddable":true,"href":"https:\/\/atacadaodamodaintima.com.br\/clone\/wp-json\/wp\/v2\/product_tag?post=30728"}],"curies":[{"name":"wp","href":"https:\/\/api.w.org\/{rel}","templated":true}]}}