{"id":30363,"date":"2024-10-28T11:52:44","date_gmt":"2024-10-28T14:52:44","guid":{"rendered":"https:\/\/likelingerieatacado.com.br\/product\/calcinha-boxer-cueca-feminina-sem-costura\/"},"modified":"2025-02-17T13:36:18","modified_gmt":"2025-02-17T16:36:18","slug":"calcinha-boxer-cueca-feminina-sem-costura","status":"publish","type":"product","link":"https:\/\/atacadaodamodaintima.com.br\/clone\/calcinha-boxer-cueca-feminina-sem-costura\/","title":{"rendered":"Calcinha Boxer Cueca Feminina Sem Costura"},"content":{"rendered":"<p>Calcinha Sem Costura Boxer Cueca Feminina<br \/>&#8211; Confeccionada em poliamida<br \/>&#8211; Com forro em algod\u00e3o <br \/>&#8211; N\u00e3o marca na roupa, muito confort\u00e1vel.\u00a0<br \/>\u00a0 <br \/>ATEN\u00c7\u00c3O PARA A TABELA DE MEDIDAS, N\u00c3O EFETUAMOS TROCAS DE PE\u00c7AS INTIMAS! <br \/>Tamanho P\/M veste 36 ao 40<br \/>Tamanho G\/GG veste 42 ao 46<br \/>\u00a0 <br \/>Sobre a cor do produto: <br \/>Fotos reais do produto em nosso estoque. Pode haver varia\u00e7\u00e3o na cor do produto final de acordo com o brilho do monitor, tela do celular. <br \/>Somos uma loja especializada em lingerie, sempre trazendo lindas novidades com qualidade e conforto, valorizando a mulher brasileira e tornando seu dia a dia ou noite muito mais especial.<\/p>\n","protected":false},"excerpt":{"rendered":"<p>Calcinha Sem Costura Boxer Cueca Feminina<br \/>&#8211; Confeccionada em poliamida<br \/>&#8211; Com forro em algod\u00e3o<br \/>&#8211; N\u00e3o marca na roupa, muito confort\u00e1vel.\u00a0<br \/>\u00a0<br \/>ATEN\u00c7\u00c3O PARA A TABELA DE MEDIDAS, N\u00c3O EFETUAMOS TROCAS DE PE\u00c7AS INTIMAS!<br \/>Tamanho P\/M veste 36 ao 40<br \/>Tamanho G\/GG veste 42 ao 46<br \/>\u00a0<\/p>\n","protected":false},"featured_media":30356,"comment_status":"open","ping_status":"closed","template":"","meta":[],"product_brand":[],"product_cat":[20,18],"product_tag":[461,480,459,468],"class_list":{"0":"post-30363","1":"product","2":"type-product","3":"status-publish","4":"has-post-thumbnail","6":"product_cat-calcinha","7":"product_cat-lingerie","8":"product_tag-basico","9":"product_tag-com-forro","10":"product_tag-poliamida","11":"product_tag-sem-costura","13":"first","14":"instock","15":"taxable","16":"shipping-taxable","17":"purchasable","18":"product-type-variable","19":"add-to-wishlist-after_add_to_cart"},"_links":{"self":[{"href":"https:\/\/atacadaodamodaintima.com.br\/clone\/wp-json\/wp\/v2\/product\/30363","targetHints":{"allow":["GET"]}}],"collection":[{"href":"https:\/\/atacadaodamodaintima.com.br\/clone\/wp-json\/wp\/v2\/product"}],"about":[{"href":"https:\/\/atacadaodamodaintima.com.br\/clone\/wp-json\/wp\/v2\/types\/product"}],"replies":[{"embeddable":true,"href":"https:\/\/atacadaodamodaintima.com.br\/clone\/wp-json\/wp\/v2\/comments?post=30363"}],"wp:featuredmedia":[{"embeddable":true,"href":"https:\/\/atacadaodamodaintima.com.br\/clone\/wp-json\/wp\/v2\/media\/30356"}],"wp:attachment":[{"href":"https:\/\/atacadaodamodaintima.com.br\/clone\/wp-json\/wp\/v2\/media?parent=30363"}],"wp:term":[{"taxonomy":"product_brand","embeddable":true,"href":"https:\/\/atacadaodamodaintima.com.br\/clone\/wp-json\/wp\/v2\/product_brand?post=30363"},{"taxonomy":"product_cat","embeddable":true,"href":"https:\/\/atacadaodamodaintima.com.br\/clone\/wp-json\/wp\/v2\/product_cat?post=30363"},{"taxonomy":"product_tag","embeddable":true,"href":"https:\/\/atacadaodamodaintima.com.br\/clone\/wp-json\/wp\/v2\/product_tag?post=30363"}],"curies":[{"name":"wp","href":"https:\/\/api.w.org\/{rel}","templated":true}]}}