{"id":28382,"date":"2024-10-28T08:38:33","date_gmt":"2024-10-28T11:38:33","guid":{"rendered":"https:\/\/likelingerieatacado.com.br\/product\/conjunto-tule-coracao-selena\/"},"modified":"2025-02-24T09:45:53","modified_gmt":"2025-02-24T12:45:53","slug":"conjunto-tule-coracao-selena","status":"publish","type":"product","link":"https:\/\/atacadaodamodaintima.com.br\/clone\/conjunto-tule-coracao-selena\/","title":{"rendered":"Conjunto Tule Cora\u00e7\u00e3o Selena"},"content":{"rendered":"<p>Conjunto Tule Cora\u00e7\u00e3o Selena<br \/>\n&#8211; Sem Bojo, com aro meia ta\u00e7a e regulagem nas al\u00e7as.<br \/>\n&#8211; Confeccionado em Renda\u00a0 e tule importado<br \/>\n&#8211; Calcinha com regulagem nas laterais para melhor ajuste ao corpo.<\/p>\n<p>Aten\u00e7\u00e3o para a tabela de medidas, n\u00e3o efetuamos trocas de pe\u00e7as intimas.<br \/>\nTabela de Medidas:<br \/>\nP veste 38\/40<br \/>\nM veste 42\/44<br \/>\nG veste 44\/46<br \/>\nGG veste 46\/48<\/p>\n<p>Sobre a cor do produto:<br \/>\nFotos reais do produto em nosso estoque. Pode haver varia\u00e7\u00e3o na cor do produto final de acordo com o brilho do monitor, tela do celular.<br \/>\nTamb\u00e9m pode haver varia\u00e7\u00e3o no desenho da renda.<br \/>\nAproveite o frete e veja mais produtos em nossa loja.<br \/>\nSomos uma loja especializada em lingerie, sempre trazendo lindas novidades com qualidade e conforto, valorizando a mulher brasileira e tornando seu dia a dia ou noite muito mais especial.<\/p>\n<p>&nbsp;<\/p>\n","protected":false},"excerpt":{"rendered":"<p>Conjunto Tule Cora\u00e7\u00e3o Selena<br \/>\n&#8211; Sem Bojo, com aro meia ta\u00e7a e regulagem nas al\u00e7as.<br \/>\n&#8211; Confeccionado em Renda\u00a0 e tule importado<br \/>\n&#8211; Calcinha com regulagem nas laterais para melhor ajuste ao corpo.<\/p>\n<p>Aten\u00e7\u00e3o para a tabela de medidas, n\u00e3o efetuamos trocas de pe\u00e7as intimas.<br \/>\nTabela de Medidas:<br \/>\nP veste 38\/40<br \/>\nM veste 42\/44<br \/>\nG veste 44\/46<br \/>\nGG veste 46\/48<\/p>\n","protected":false},"featured_media":28374,"comment_status":"open","ping_status":"closed","template":"","meta":[],"product_brand":[],"product_cat":[19,18],"product_tag":[463,458,464,455,456,465],"class_list":{"0":"post-28382","1":"product","2":"type-product","3":"status-publish","4":"has-post-thumbnail","6":"product_cat-conjunto","7":"product_cat-lingerie","8":"product_tag-com-aro","9":"product_tag-fio-dental","10":"product_tag-meia-taca","11":"product_tag-sem-bojo","12":"product_tag-sensual","13":"product_tag-tule","15":"first","16":"instock","17":"taxable","18":"shipping-taxable","19":"purchasable","20":"product-type-variable","21":"add-to-wishlist-after_add_to_cart"},"_links":{"self":[{"href":"https:\/\/atacadaodamodaintima.com.br\/clone\/wp-json\/wp\/v2\/product\/28382","targetHints":{"allow":["GET"]}}],"collection":[{"href":"https:\/\/atacadaodamodaintima.com.br\/clone\/wp-json\/wp\/v2\/product"}],"about":[{"href":"https:\/\/atacadaodamodaintima.com.br\/clone\/wp-json\/wp\/v2\/types\/product"}],"replies":[{"embeddable":true,"href":"https:\/\/atacadaodamodaintima.com.br\/clone\/wp-json\/wp\/v2\/comments?post=28382"}],"wp:featuredmedia":[{"embeddable":true,"href":"https:\/\/atacadaodamodaintima.com.br\/clone\/wp-json\/wp\/v2\/media\/28374"}],"wp:attachment":[{"href":"https:\/\/atacadaodamodaintima.com.br\/clone\/wp-json\/wp\/v2\/media?parent=28382"}],"wp:term":[{"taxonomy":"product_brand","embeddable":true,"href":"https:\/\/atacadaodamodaintima.com.br\/clone\/wp-json\/wp\/v2\/product_brand?post=28382"},{"taxonomy":"product_cat","embeddable":true,"href":"https:\/\/atacadaodamodaintima.com.br\/clone\/wp-json\/wp\/v2\/product_cat?post=28382"},{"taxonomy":"product_tag","embeddable":true,"href":"https:\/\/atacadaodamodaintima.com.br\/clone\/wp-json\/wp\/v2\/product_tag?post=28382"}],"curies":[{"name":"wp","href":"https:\/\/api.w.org\/{rel}","templated":true}]}}