{"id":28099,"date":"2024-10-28T08:20:38","date_gmt":"2024-10-28T11:20:38","guid":{"rendered":"https:\/\/likelingerieatacado.com.br\/product\/camisola-sensual-beyonce\/"},"modified":"2025-02-23T11:17:10","modified_gmt":"2025-02-23T14:17:10","slug":"camisola-sensual-beyonce","status":"publish","type":"product","link":"https:\/\/atacadaodamodaintima.com.br\/clone\/camisola-sensual-beyonce\/","title":{"rendered":"Camisola Sensual Beyonce"},"content":{"rendered":"<p>Camisola Sensual com Cinta Liga Beyonce<br \/>&#8211; Sem Bojo com aro para melhor sustenta\u00e7\u00e3o nos seios e regulagem nas al\u00e7as.\u00a0\u00a0<br \/>&#8211; Confeccionado em Renda e Tule\u00a0<br \/>&#8211; Acompanha Calcinha\u00a0\u00a0<br \/>\u00a0 <br \/>Aten\u00e7\u00e3o para a tabela de medidas, n\u00e3o efetuamos trocas de pe\u00e7as intimas. <br \/>Tabela de Medidas: <br \/>P veste 36\/38 <br \/>M veste 40\/42 <br \/>G veste 44 <br \/>GG veste 46 <br \/>\u00a0 <br \/>Sobre a cor do produto: <br \/>Fotos reais do produto em nosso estoque. Pode haver varia\u00e7\u00e3o na cor do produto final de acordo com o brilho do monitor, tela do celular. <br \/>Tamb\u00e9m pode haver varia\u00e7\u00e3o no desenho da renda. <br \/>Aproveite o frete e veja mais produtos em nossa loja. <br \/>Somos uma loja especializada em lingerie, sempre trazendo lindas novidades com qualidade e conforto, valorizando a mulher brasileira e tornando seu dia a dia ou noite muito mais especial. <br \/>\u00a0 <br \/>\u00a0 <br \/>\u00a0<\/p>\n","protected":false},"excerpt":{"rendered":"<p>Camisola Sensual com Cinta Liga Beyonce<br \/>&#8211; Sem Bojo com aro para melhor sustenta\u00e7\u00e3o nos seios e regulagem nas al\u00e7as.\u00a0\u00a0<br \/>&#8211; Confeccionado em Renda e Tule\u00a0<br \/>&#8211; Acompanha Calcinha\u00a0\u00a0<br \/>\u00a0<br \/>Aten\u00e7\u00e3o para a tabela de medidas, n\u00e3o efetuamos trocas de pe\u00e7as intimas.<br \/>Tabela de Medidas:<br \/>P veste 36\/38<br \/>M veste 40\/42<br \/>G veste 44<br \/>GG veste 46<\/p>\n","protected":false},"featured_media":28093,"comment_status":"open","ping_status":"closed","template":"","meta":[],"product_brand":[],"product_cat":[29,27],"product_tag":[],"class_list":{"0":"post-28099","1":"product","2":"type-product","3":"status-publish","4":"has-post-thumbnail","6":"product_cat-camisola","7":"product_cat-para-dormir","9":"first","10":"instock","11":"taxable","12":"shipping-taxable","13":"purchasable","14":"product-type-variable","15":"add-to-wishlist-after_add_to_cart"},"_links":{"self":[{"href":"https:\/\/atacadaodamodaintima.com.br\/clone\/wp-json\/wp\/v2\/product\/28099","targetHints":{"allow":["GET"]}}],"collection":[{"href":"https:\/\/atacadaodamodaintima.com.br\/clone\/wp-json\/wp\/v2\/product"}],"about":[{"href":"https:\/\/atacadaodamodaintima.com.br\/clone\/wp-json\/wp\/v2\/types\/product"}],"replies":[{"embeddable":true,"href":"https:\/\/atacadaodamodaintima.com.br\/clone\/wp-json\/wp\/v2\/comments?post=28099"}],"wp:featuredmedia":[{"embeddable":true,"href":"https:\/\/atacadaodamodaintima.com.br\/clone\/wp-json\/wp\/v2\/media\/28093"}],"wp:attachment":[{"href":"https:\/\/atacadaodamodaintima.com.br\/clone\/wp-json\/wp\/v2\/media?parent=28099"}],"wp:term":[{"taxonomy":"product_brand","embeddable":true,"href":"https:\/\/atacadaodamodaintima.com.br\/clone\/wp-json\/wp\/v2\/product_brand?post=28099"},{"taxonomy":"product_cat","embeddable":true,"href":"https:\/\/atacadaodamodaintima.com.br\/clone\/wp-json\/wp\/v2\/product_cat?post=28099"},{"taxonomy":"product_tag","embeddable":true,"href":"https:\/\/atacadaodamodaintima.com.br\/clone\/wp-json\/wp\/v2\/product_tag?post=28099"}],"curies":[{"name":"wp","href":"https:\/\/api.w.org\/{rel}","templated":true}]}}