{"id":28067,"date":"2024-10-28T08:19:31","date_gmt":"2024-10-28T11:19:31","guid":{"rendered":"https:\/\/likelingerieatacado.com.br\/product\/vibrador-de-ponto-g-e-clitoris-com-succao\/"},"modified":"2024-10-28T08:19:34","modified_gmt":"2024-10-28T11:19:34","slug":"vibrador-de-ponto-g-e-clitoris-com-succao","status":"publish","type":"product","link":"https:\/\/atacadaodamodaintima.com.br\/clone\/vibrador-de-ponto-g-e-clitoris-com-succao\/","title":{"rendered":"Vibrador de Ponto G e Clit\u00f3ris com Suc\u00e7\u00e3o"},"content":{"rendered":"<p>Vibrador de Ponto G e Clit\u00f3ris com Suc\u00e7\u00e3o <br \/>Vibrador de ponto G e clit\u00f3ris &#8211; Utiliza vibra\u00e7\u00e3o como forma de est\u00edmulo, fazendo voc\u00ea sentir novas sensa\u00e7\u00f5es.\u00a0 <br \/>Possui, 10 modos de vibra\u00e7\u00e3o e 3 modos de pulsa\u00e7\u00e3o, Utiliza bateria interna recarreg\u00e1vel via USB\/Tomada. <br \/>\u00a0 <br \/>Modo de uso: <br \/>Para ligar pressione o bot\u00e3o &#8220;Power&#8221; do vibrador por aproximadamente 3 segundos, as vibra\u00e7\u00f5es podem ser controladas pelo pr\u00f3prio vibrador <br \/>Para desligar pressione o bot\u00e3o &#8220;Power&#8221; novamente por aproximadamente 3 segundos at\u00e9 que pare totalmente as vibra\u00e7\u00f5es.\u00a0 <br \/>\u00a0 <br \/>Material: Feito com Silicone L\u00edquido, Material Premium. <br \/>Tipo de bateria: Recarreg\u00e1vel via USB\/Tomada. <br \/>Medidas: 11,7 cm de comprimento por 3,4 cm de di\u00e2metro. <br \/>Higieniza\u00e7\u00e3o:Guarde na embalagem original. N\u00e3o compartilhar e n\u00e3o expor a temperatura superior a 50\u00b0C. <br \/>\u00a0 <br \/>Cuidados: <br \/>Higienize sempre antes e ap\u00f3s o uso; <br \/>Mantenha fora do alcance de crian\u00e7as; <br \/>Manter ao abrigo do calor e luz excessiva; <br \/>Ap\u00f3s o uso, guardar em uma embalagem de pl\u00e1stico, n\u00e3o enrole em papel; <br \/>\u00a0<\/p>\n","protected":false},"excerpt":{"rendered":"<p>Vibrador de Ponto G e Clit\u00f3ris com Suc\u00e7\u00e3o<br \/>Vibrador de ponto G e clit\u00f3ris &#8211; Utiliza vibra\u00e7\u00e3o como forma de est\u00edmulo, fazendo voc\u00ea sentir novas sensa\u00e7\u00f5es.\u00a0<br \/>Possui, 10 modos de vibra\u00e7\u00e3o e 3 modos de pulsa\u00e7\u00e3o, Utiliza bateria interna recarreg\u00e1vel via USB\/Tomada.<br \/>\u00a0<br \/>Modo de uso:<br \/>Para ligar pressione o bot\u00e3o &#8220;Power&#8221; do vibrador por aproximadamente 3 segundos, as vibra\u00e7\u00f5es podem ser controladas pelo pr\u00f3prio vibrador<br \/>Para desligar pressione o bot\u00e3o &#8220;Power&#8221; novamente por aproximadamente 3 segundos at\u00e9 que pare totalmente as vibra\u00e7\u00f5es.\u00a0<br \/>\u00a0<br \/>Material: Feito com Silicone L\u00edquido, Material Premium.<br \/>Tipo de bateria: Recarreg\u00e1vel via USB\/Tomada.<br \/>Medidas: 11,7 cm de comprimento por 3,4 cm de di\u00e2metro.<br \/>Higieniza\u00e7\u00e3o:Guarde na embalagem original. N\u00e3o compartilhar e n\u00e3o expor a temperatura superior a 50\u00b0C.<\/p>\n","protected":false},"featured_media":28064,"comment_status":"open","ping_status":"closed","template":"","meta":[],"product_brand":[],"product_cat":[33,32],"product_tag":[],"class_list":{"0":"post-28067","1":"product","2":"type-product","3":"status-publish","4":"has-post-thumbnail","6":"product_cat-brinquedos","7":"product_cat-vibra-e-geis","9":"first","10":"instock","11":"taxable","12":"shipping-taxable","13":"purchasable","14":"product-type-variable","15":"add-to-wishlist-after_add_to_cart"},"_links":{"self":[{"href":"https:\/\/atacadaodamodaintima.com.br\/clone\/wp-json\/wp\/v2\/product\/28067","targetHints":{"allow":["GET"]}}],"collection":[{"href":"https:\/\/atacadaodamodaintima.com.br\/clone\/wp-json\/wp\/v2\/product"}],"about":[{"href":"https:\/\/atacadaodamodaintima.com.br\/clone\/wp-json\/wp\/v2\/types\/product"}],"replies":[{"embeddable":true,"href":"https:\/\/atacadaodamodaintima.com.br\/clone\/wp-json\/wp\/v2\/comments?post=28067"}],"wp:featuredmedia":[{"embeddable":true,"href":"https:\/\/atacadaodamodaintima.com.br\/clone\/wp-json\/wp\/v2\/media\/28064"}],"wp:attachment":[{"href":"https:\/\/atacadaodamodaintima.com.br\/clone\/wp-json\/wp\/v2\/media?parent=28067"}],"wp:term":[{"taxonomy":"product_brand","embeddable":true,"href":"https:\/\/atacadaodamodaintima.com.br\/clone\/wp-json\/wp\/v2\/product_brand?post=28067"},{"taxonomy":"product_cat","embeddable":true,"href":"https:\/\/atacadaodamodaintima.com.br\/clone\/wp-json\/wp\/v2\/product_cat?post=28067"},{"taxonomy":"product_tag","embeddable":true,"href":"https:\/\/atacadaodamodaintima.com.br\/clone\/wp-json\/wp\/v2\/product_tag?post=28067"}],"curies":[{"name":"wp","href":"https:\/\/api.w.org\/{rel}","templated":true}]}}