{"id":26811,"date":"2024-10-26T12:30:57","date_gmt":"2024-10-26T15:30:57","guid":{"rendered":"https:\/\/likelingerieatacado.com.br\/product\/funny-egg-massageador-cyberskin\/"},"modified":"2024-10-26T12:31:02","modified_gmt":"2024-10-26T15:31:02","slug":"funny-egg-massageador-cyberskin","status":"publish","type":"product","link":"https:\/\/atacadaodamodaintima.com.br\/clone\/funny-egg-massageador-cyberskin\/","title":{"rendered":"Funny Egg Massageador Cyberskin"},"content":{"rendered":"<p>FUNNY EGG em Cyberskin, s\u00e3o 6 modelos diferentes, esses ovos prometem levar a masturba\u00e7\u00e3o dos homens a um outro patamar. Dentro da embalagem em forma de casca, voc\u00ea encontra uma pe\u00e7a de Cyber que imita um ovo, por\u00e9m oca e com um orif\u00edcio na base. Por dentro, diferentes padr\u00f5es de texturas garantem um leque de sensa\u00e7\u00f5es. Possui 4 modelos em formato de vagina,1 modelo em formato de boca e 1 modelo em formato de \u00e2nus! <br \/>Material:TPE + PP (N\u00e3o t\u00f3xico) <br \/>Medidas Aproximadas:8cm de comprimento e 5cm de espessura, peso 780g <br \/>Modo de uso: Depois de descascado, o ovo recebe lubrificante no seu interior e \u00e9 encaixado no p\u00eanis, como uma touca el\u00e1stica, a pe\u00e7a pode ser esticada at\u00e9 a base do membro, e a partir da\u00ed a masturba\u00e7\u00e3o \u00e9 feita com as m\u00e3os sobre ele. Perfeita para brincar sozinho ou a dois, j\u00e1 que a espessura garante sensa\u00e7\u00e3o por dentro e por fora <br \/>Higieniza\u00e7\u00e3o:Lavar com \u00e1gua e sab\u00e3o neutro antes e ap\u00f3s o uso, seque com papel toalha ou deixe secar naturalmente. Depois de seco guarde na embalagem original. N\u00e3o compartilhar e n\u00e3o expor a temperatura superior a 50\u00b0C <br \/>Cuidados: Higienize sempre antes e ap\u00f3s o uso. N\u00e3o compartilha. Mantenha fora do alcance de crian\u00e7as. Manter ao abrigo do calor e luz excessivabr<\/p>\n","protected":false},"excerpt":{"rendered":"<p>FUNNY EGG em Cyberskin, s\u00e3o 6 modelos diferentes, esses ovos prometem levar a masturba\u00e7\u00e3o dos homens a um outro patamar. Dentro da embalagem em forma de casca, voc\u00ea encontra uma pe\u00e7a de Cyber que imita um ovo, por\u00e9m oca e com um orif\u00edcio na base. Por dentro, diferentes padr\u00f5es de texturas garantem um leque de sensa\u00e7\u00f5es. Possui 4 modelos em formato de vagina,1 modelo em formato de boca e 1 modelo em formato de \u00e2nus!<br \/>Material:TPE + PP (N\u00e3o t\u00f3xico)<br \/>Medidas Aproximadas:8cm de comprimento e 5cm de espessura, peso 780g<br \/>Modo de uso: Depois de descascado, o ovo recebe lubrificante no seu interior e \u00e9 encaixado no p\u00eanis, como uma touca el\u00e1stica, a pe\u00e7a pode ser esticada at\u00e9 a base do membro, e a partir da\u00ed a masturba\u00e7\u00e3o \u00e9 feita com as m\u00e3os sobre ele. Perfeita para brincar sozinho ou a dois, j\u00e1 que a espessura garante sensa\u00e7\u00e3o por dentro e por fora<br \/>Higieniza\u00e7\u00e3o:Lavar com \u00e1gua e sab\u00e3o neutro antes e ap\u00f3s o uso, seque com papel toalha ou deixe secar naturalmente. Depois de seco guarde na embalagem original. N\u00e3o compartilhar e n\u00e3o expor a temperatura superior a 50\u00b0C<br \/>Cuidados: Higienize sempre antes e ap\u00f3s o uso. N\u00e3o compartilha. Mantenha fora do alcance de crian\u00e7as. Manter ao abrigo do calor e luz excessivabr<\/p>\n","protected":false},"featured_media":26804,"comment_status":"open","ping_status":"closed","template":"","meta":[],"product_brand":[],"product_cat":[178,32],"product_tag":[],"class_list":{"0":"post-26811","1":"product","2":"type-product","3":"status-publish","4":"has-post-thumbnail","6":"product_cat-acessorios-vibra-e-geis","7":"product_cat-vibra-e-geis","9":"first","10":"outofstock","11":"taxable","12":"shipping-taxable","13":"purchasable","14":"product-type-variable","15":"add-to-wishlist-after_add_to_cart"},"_links":{"self":[{"href":"https:\/\/atacadaodamodaintima.com.br\/clone\/wp-json\/wp\/v2\/product\/26811","targetHints":{"allow":["GET"]}}],"collection":[{"href":"https:\/\/atacadaodamodaintima.com.br\/clone\/wp-json\/wp\/v2\/product"}],"about":[{"href":"https:\/\/atacadaodamodaintima.com.br\/clone\/wp-json\/wp\/v2\/types\/product"}],"replies":[{"embeddable":true,"href":"https:\/\/atacadaodamodaintima.com.br\/clone\/wp-json\/wp\/v2\/comments?post=26811"}],"wp:featuredmedia":[{"embeddable":true,"href":"https:\/\/atacadaodamodaintima.com.br\/clone\/wp-json\/wp\/v2\/media\/26804"}],"wp:attachment":[{"href":"https:\/\/atacadaodamodaintima.com.br\/clone\/wp-json\/wp\/v2\/media?parent=26811"}],"wp:term":[{"taxonomy":"product_brand","embeddable":true,"href":"https:\/\/atacadaodamodaintima.com.br\/clone\/wp-json\/wp\/v2\/product_brand?post=26811"},{"taxonomy":"product_cat","embeddable":true,"href":"https:\/\/atacadaodamodaintima.com.br\/clone\/wp-json\/wp\/v2\/product_cat?post=26811"},{"taxonomy":"product_tag","embeddable":true,"href":"https:\/\/atacadaodamodaintima.com.br\/clone\/wp-json\/wp\/v2\/product_tag?post=26811"}],"curies":[{"name":"wp","href":"https:\/\/api.w.org\/{rel}","templated":true}]}}