{"id":26241,"date":"2024-10-26T12:01:02","date_gmt":"2024-10-26T15:01:02","guid":{"rendered":"https:\/\/likelingerieatacado.com.br\/product\/conjunto-canelado-vick\/"},"modified":"2025-02-17T15:57:11","modified_gmt":"2025-02-17T18:57:11","slug":"conjunto-canelado-vick","status":"publish","type":"product","link":"https:\/\/atacadaodamodaintima.com.br\/clone\/conjunto-canelado-vick\/","title":{"rendered":"Conjunto Canelado Vick"},"content":{"rendered":"<p>Conjunto Canelado Vick\u00a0 <br \/>&#8211; Confeccionado no tecido canelado com elastano\u00a0 <br \/>&#8211; Calcinha Fio Dental <br \/>&#8211; Suti\u00e3 com Bojo Remov\u00edvel e al\u00e7as com regulagem\u00a0 <br \/>\u00a0 <br \/>Aten\u00e7\u00e3o a tabela de medidas, n\u00e3o fazemos trocas de pe\u00e7as \u00edntimas. <br \/>TABELA DE MEDIDAS: <br \/>Tamanho Unico veste 36 ao 42 <br \/>\u00a0 <br \/>Sobre a cor do produto:\u00a0 <br \/>Fotos reais do produto em nosso estoque. Pode haver varia\u00e7\u00e3o na cor do produto final de acordo com o brilho do monitor, tela do celular. <br \/>Tamb\u00e9m pode haver varia\u00e7\u00e3o no desenho da renda. <br \/>Somos uma loja especializada em lingerie, sempre trazendo lindas novidades com qualidade e conforto, valorizando a mulher brasileira e tornando seu dia a dia ou noite muito mais especial. <br \/>Aproveite o frete e veja mais produtos em nossa loja.<\/p>\n","protected":false},"excerpt":{"rendered":"<p>Conjunto Canelado Vick\u00a0<br \/>&#8211; Confeccionado no tecido canelado com elastano\u00a0<br \/>&#8211; Calcinha Fio Dental<br \/>&#8211; Suti\u00e3 com Bojo Remov\u00edvel e al\u00e7as com regulagem\u00a0<br \/>\u00a0<br \/>Aten\u00e7\u00e3o a tabela de medidas, n\u00e3o fazemos trocas de pe\u00e7as \u00edntimas.<br \/>TABELA DE MEDIDAS:<br \/>Tamanho Unico veste 36 ao 42<br \/>\u00a0<br \/>Sobre a cor do produto:\u00a0<br \/>Fotos reais do produto em nosso estoque. Pode haver varia\u00e7\u00e3o na cor do produto final de acordo com o brilho do monitor, tela do celular.<br \/>Tamb\u00e9m pode haver varia\u00e7\u00e3o no desenho da renda.<br \/>Somos uma loja especializada em lingerie, sempre trazendo lindas novidades com qualidade e conforto, valorizando a mulher brasileira e tornando seu dia a dia ou noite muito mais especial.<br \/>Aproveite o frete e veja mais produtos em nossa loja.<\/p>\n","protected":false},"featured_media":26232,"comment_status":"open","ping_status":"closed","template":"","meta":[],"product_brand":[],"product_cat":[19,18],"product_tag":[],"class_list":{"0":"post-26241","1":"product","2":"type-product","3":"status-publish","4":"has-post-thumbnail","6":"product_cat-conjunto","7":"product_cat-lingerie","9":"first","10":"instock","11":"taxable","12":"shipping-taxable","13":"purchasable","14":"product-type-variable","15":"add-to-wishlist-after_add_to_cart"},"_links":{"self":[{"href":"https:\/\/atacadaodamodaintima.com.br\/clone\/wp-json\/wp\/v2\/product\/26241","targetHints":{"allow":["GET"]}}],"collection":[{"href":"https:\/\/atacadaodamodaintima.com.br\/clone\/wp-json\/wp\/v2\/product"}],"about":[{"href":"https:\/\/atacadaodamodaintima.com.br\/clone\/wp-json\/wp\/v2\/types\/product"}],"replies":[{"embeddable":true,"href":"https:\/\/atacadaodamodaintima.com.br\/clone\/wp-json\/wp\/v2\/comments?post=26241"}],"wp:featuredmedia":[{"embeddable":true,"href":"https:\/\/atacadaodamodaintima.com.br\/clone\/wp-json\/wp\/v2\/media\/26232"}],"wp:attachment":[{"href":"https:\/\/atacadaodamodaintima.com.br\/clone\/wp-json\/wp\/v2\/media?parent=26241"}],"wp:term":[{"taxonomy":"product_brand","embeddable":true,"href":"https:\/\/atacadaodamodaintima.com.br\/clone\/wp-json\/wp\/v2\/product_brand?post=26241"},{"taxonomy":"product_cat","embeddable":true,"href":"https:\/\/atacadaodamodaintima.com.br\/clone\/wp-json\/wp\/v2\/product_cat?post=26241"},{"taxonomy":"product_tag","embeddable":true,"href":"https:\/\/atacadaodamodaintima.com.br\/clone\/wp-json\/wp\/v2\/product_tag?post=26241"}],"curies":[{"name":"wp","href":"https:\/\/api.w.org\/{rel}","templated":true}]}}