{"id":26109,"date":"2024-10-26T11:57:40","date_gmt":"2024-10-26T14:57:40","guid":{"rendered":"https:\/\/likelingerieatacado.com.br\/product\/conjunto-lingerie-renda-bicolor-adele\/"},"modified":"2025-02-24T09:04:40","modified_gmt":"2025-02-24T12:04:40","slug":"conjunto-lingerie-renda-bicolor-adele","status":"publish","type":"product","link":"https:\/\/atacadaodamodaintima.com.br\/clone\/conjunto-lingerie-renda-bicolor-adele\/","title":{"rendered":"Conjunto Lingerie Renda Bicolor Adele"},"content":{"rendered":"<p>Conjunto Lingerie Renda Bicolor Adele <br \/>&#8211; Suti\u00e3 com bojo e al\u00e7as com regulagem\u00a0 <br \/>&#8211; Confeccionado em renda em poliamida\u00a0 <br \/>&#8211; Calcinha Fio Duplo com regulagem nas laterais para melhor ajuste ao corpo. <br \/>\u00a0 <br \/>Aten\u00e7\u00e3o a tabela de medidas, n\u00e3o fazemos trocas de pe\u00e7as \u00edntimas. <br \/>TABELA DE MEDIDAS: <br \/>P veste 36\/38 <br \/>M veste 40\/42 <br \/>G veste 44 <br \/>GG veste 46 <br \/>\u00a0 <br \/>Sobre a cor do produto:\u00a0 <br \/>Fotos reais do produto em nosso estoque. Pode haver varia\u00e7\u00e3o na cor do produto final de acordo com o brilho do monitor, tela do celular. <br \/>Tamb\u00e9m pode haver varia\u00e7\u00e3o no desenho da renda. <br \/>Somos uma loja especializada em lingerie, sempre trazendo lindas novidades com qualidade e conforto, valorizando a mulher brasileira e tornando seu dia a dia ou noite muito mais especial. <br \/>Aproveite o frete e veja mais produtos em nossa loja.<\/p>\n","protected":false},"excerpt":{"rendered":"<p>Conjunto Lingerie Renda Bicolor Adele<br \/>&#8211; Suti\u00e3 com bojo e al\u00e7as com regulagem\u00a0<br \/>&#8211; Confeccionado em renda em poliamida\u00a0<br \/>&#8211; Calcinha Fio Duplo com regulagem nas laterais para melhor ajuste ao corpo.<br \/>\u00a0<br \/>Aten\u00e7\u00e3o a tabela de medidas, n\u00e3o fazemos trocas de pe\u00e7as \u00edntimas.<br \/>TABELA DE MEDIDAS:<br \/>P veste 36\/38<br \/>M veste 40\/42<br \/>G veste 44<br \/>GG veste 46<\/p>\n","protected":false},"featured_media":35582,"comment_status":"open","ping_status":"closed","template":"","meta":[],"product_brand":[],"product_cat":[19,18],"product_tag":[],"class_list":{"0":"post-26109","1":"product","2":"type-product","3":"status-publish","4":"has-post-thumbnail","6":"product_cat-conjunto","7":"product_cat-lingerie","9":"first","10":"instock","11":"taxable","12":"shipping-taxable","13":"purchasable","14":"product-type-variable","15":"add-to-wishlist-after_add_to_cart"},"_links":{"self":[{"href":"https:\/\/atacadaodamodaintima.com.br\/clone\/wp-json\/wp\/v2\/product\/26109","targetHints":{"allow":["GET"]}}],"collection":[{"href":"https:\/\/atacadaodamodaintima.com.br\/clone\/wp-json\/wp\/v2\/product"}],"about":[{"href":"https:\/\/atacadaodamodaintima.com.br\/clone\/wp-json\/wp\/v2\/types\/product"}],"replies":[{"embeddable":true,"href":"https:\/\/atacadaodamodaintima.com.br\/clone\/wp-json\/wp\/v2\/comments?post=26109"}],"wp:featuredmedia":[{"embeddable":true,"href":"https:\/\/atacadaodamodaintima.com.br\/clone\/wp-json\/wp\/v2\/media\/35582"}],"wp:attachment":[{"href":"https:\/\/atacadaodamodaintima.com.br\/clone\/wp-json\/wp\/v2\/media?parent=26109"}],"wp:term":[{"taxonomy":"product_brand","embeddable":true,"href":"https:\/\/atacadaodamodaintima.com.br\/clone\/wp-json\/wp\/v2\/product_brand?post=26109"},{"taxonomy":"product_cat","embeddable":true,"href":"https:\/\/atacadaodamodaintima.com.br\/clone\/wp-json\/wp\/v2\/product_cat?post=26109"},{"taxonomy":"product_tag","embeddable":true,"href":"https:\/\/atacadaodamodaintima.com.br\/clone\/wp-json\/wp\/v2\/product_tag?post=26109"}],"curies":[{"name":"wp","href":"https:\/\/api.w.org\/{rel}","templated":true}]}}