{"id":25278,"date":"2024-10-26T11:24:27","date_gmt":"2024-10-26T14:24:27","guid":{"rendered":"https:\/\/likelingerieatacado.com.br\/product\/conjunto-sexy-sem-bojo-aro-tule-coracao\/"},"modified":"2025-02-04T12:59:41","modified_gmt":"2025-02-04T15:59:41","slug":"conjunto-sexy-sem-bojo-aro-tule-coracao","status":"publish","type":"product","link":"https:\/\/atacadaodamodaintima.com.br\/clone\/conjunto-sexy-sem-bojo-aro-tule-coracao\/","title":{"rendered":"Conjunto Sexy Sem Bojo Aro Tule Cora\u00e7\u00e3o"},"content":{"rendered":"<p>Conjunto Sensual Rendado Sedu\u00e7\u00e3o Com Saia <br \/>&#8211; Sem bojo <br \/>&#8211; Calcinha Tanga em renda\u00a0 <br \/>&#8211; Calcinha sem forro\u00a0 <br \/>\u00a0 <br \/>Aten\u00e7\u00e3o a tabela de medidas, n\u00e3o fazemos trocas de pe\u00e7as \u00edntimas. <br \/>\u00a0 <br \/>TABELA DE MEDIDAS: <br \/>\u00a0 <br \/>Tamanho M veste 38\/40 <br \/>Tamanho G veste 42\/44 <br \/>Tamanho GG veste 46 <br \/>\u00a0 <br \/>Fotos reais do produto em nosso estoque. Pode haver varia\u00e7\u00e3o na cor do produto final de acordo com o brilho do monitor, tela do celular. <br \/>Tamb\u00e9m pode haver varia\u00e7\u00e3o no desenho da renda. <br \/>Somos uma especializada em lingerie, sempre trazendo lindas novidades com qualidade e conforto, valorizando a mulher brasileira e tornando seu dia a dia ou noite muito mais especial. <br \/>Aproveite o frete e veja mais produtos em nossa loja.<\/p>\n","protected":false},"excerpt":{"rendered":"<p>Conjunto Sensual Rendado Sedu\u00e7\u00e3o Com Saia<br \/>&#8211; Sem bojo<br \/>&#8211; Calcinha Tanga em renda\u00a0<br \/>&#8211; Calcinha sem forro\u00a0<br \/>\u00a0<br \/>Aten\u00e7\u00e3o a tabela de medidas, n\u00e3o fazemos trocas de pe\u00e7as \u00edntimas.<br \/>\u00a0<br \/>TABELA DE MEDIDAS:<br \/>\u00a0<br \/>Tamanho M veste 38\/40<br \/>Tamanho G veste 42\/44<br \/>Tamanho GG veste 46<\/p>\n","protected":false},"featured_media":25275,"comment_status":"open","ping_status":"closed","template":"","meta":[],"product_brand":[],"product_cat":[19,18],"product_tag":[],"class_list":{"0":"post-25278","1":"product","2":"type-product","3":"status-publish","4":"has-post-thumbnail","6":"product_cat-conjunto","7":"product_cat-lingerie","9":"first","10":"instock","11":"taxable","12":"shipping-taxable","13":"purchasable","14":"product-type-variable","15":"add-to-wishlist-after_add_to_cart"},"_links":{"self":[{"href":"https:\/\/atacadaodamodaintima.com.br\/clone\/wp-json\/wp\/v2\/product\/25278","targetHints":{"allow":["GET"]}}],"collection":[{"href":"https:\/\/atacadaodamodaintima.com.br\/clone\/wp-json\/wp\/v2\/product"}],"about":[{"href":"https:\/\/atacadaodamodaintima.com.br\/clone\/wp-json\/wp\/v2\/types\/product"}],"replies":[{"embeddable":true,"href":"https:\/\/atacadaodamodaintima.com.br\/clone\/wp-json\/wp\/v2\/comments?post=25278"}],"wp:featuredmedia":[{"embeddable":true,"href":"https:\/\/atacadaodamodaintima.com.br\/clone\/wp-json\/wp\/v2\/media\/25275"}],"wp:attachment":[{"href":"https:\/\/atacadaodamodaintima.com.br\/clone\/wp-json\/wp\/v2\/media?parent=25278"}],"wp:term":[{"taxonomy":"product_brand","embeddable":true,"href":"https:\/\/atacadaodamodaintima.com.br\/clone\/wp-json\/wp\/v2\/product_brand?post=25278"},{"taxonomy":"product_cat","embeddable":true,"href":"https:\/\/atacadaodamodaintima.com.br\/clone\/wp-json\/wp\/v2\/product_cat?post=25278"},{"taxonomy":"product_tag","embeddable":true,"href":"https:\/\/atacadaodamodaintima.com.br\/clone\/wp-json\/wp\/v2\/product_tag?post=25278"}],"curies":[{"name":"wp","href":"https:\/\/api.w.org\/{rel}","templated":true}]}}