{"id":25062,"date":"2024-10-26T11:04:08","date_gmt":"2024-10-26T14:04:08","guid":{"rendered":"https:\/\/likelingerieatacado.com.br\/product\/sutia-sem-costura-coracao\/"},"modified":"2025-02-24T14:25:29","modified_gmt":"2025-02-24T17:25:29","slug":"sutia-sem-costura-coracao","status":"publish","type":"product","link":"https:\/\/atacadaodamodaintima.com.br\/clone\/sutia-sem-costura-coracao\/","title":{"rendered":"Suti\u00e3 Sem Costura Cora\u00e7\u00e3o"},"content":{"rendered":"<p>Suti\u00e3 Sem Costura Importado Cora\u00e7\u00e3o\u00a0 <br \/>&#8211; Suti\u00e3 com bojo removivel e al\u00e7as com regulagem de tamanho\u00a0 <br \/>&#8211; Confeccionado em poliamida\u00a0 <br \/>\u00a0 <br \/>Aten\u00e7\u00e3o a tabela de medidas, n\u00e3o fazemos trocas de pe\u00e7as \u00edntimas. <br \/>TABELA DE MEDIDAS: <br \/>P\/M veste 36 ao 42 <br \/>G\/GG veste 42 ao 46 <\/p>\n<p>Sobre a cor do produto:\u00a0 <br \/>Fotos reais do produto em nosso estoque. Pode haver varia\u00e7\u00e3o na cor do produto final de acordo com o brilho do monitor, tela do celular. <br \/>Tamb\u00e9m pode haver varia\u00e7\u00e3o no desenho da renda. <br \/>Somos uma loja especializada em lingerie, sempre trazendo lindas novidades com qualidade e conforto, valorizando a mulher brasileira e tornando seu dia a dia ou noite muito mais especial. <br \/>Aproveite o frete e veja mais produtos em nossa loja.<\/p>\n","protected":false},"excerpt":{"rendered":"<p>Suti\u00e3 Sem Costura Importado Cora\u00e7\u00e3o\u00a0<br \/>&#8211; Suti\u00e3 com bojo removivel e al\u00e7as com regulagem de tamanho\u00a0<br \/>&#8211; Confeccionado em poliamida\u00a0<br \/>\u00a0<br \/>Aten\u00e7\u00e3o a tabela de medidas, n\u00e3o fazemos trocas de pe\u00e7as \u00edntimas.<br \/>TABELA DE MEDIDAS:<br \/>P\/M veste 36 ao 42<br \/>G\/GG veste 42 ao 46<\/p>\n","protected":false},"featured_media":25055,"comment_status":"open","ping_status":"closed","template":"","meta":[],"product_brand":[],"product_cat":[18,26],"product_tag":[],"class_list":{"0":"post-25062","1":"product","2":"type-product","3":"status-publish","4":"has-post-thumbnail","6":"product_cat-lingerie","7":"product_cat-sutia","9":"first","10":"instock","11":"taxable","12":"shipping-taxable","13":"purchasable","14":"product-type-variable","15":"add-to-wishlist-after_add_to_cart"},"_links":{"self":[{"href":"https:\/\/atacadaodamodaintima.com.br\/clone\/wp-json\/wp\/v2\/product\/25062","targetHints":{"allow":["GET"]}}],"collection":[{"href":"https:\/\/atacadaodamodaintima.com.br\/clone\/wp-json\/wp\/v2\/product"}],"about":[{"href":"https:\/\/atacadaodamodaintima.com.br\/clone\/wp-json\/wp\/v2\/types\/product"}],"replies":[{"embeddable":true,"href":"https:\/\/atacadaodamodaintima.com.br\/clone\/wp-json\/wp\/v2\/comments?post=25062"}],"wp:featuredmedia":[{"embeddable":true,"href":"https:\/\/atacadaodamodaintima.com.br\/clone\/wp-json\/wp\/v2\/media\/25055"}],"wp:attachment":[{"href":"https:\/\/atacadaodamodaintima.com.br\/clone\/wp-json\/wp\/v2\/media?parent=25062"}],"wp:term":[{"taxonomy":"product_brand","embeddable":true,"href":"https:\/\/atacadaodamodaintima.com.br\/clone\/wp-json\/wp\/v2\/product_brand?post=25062"},{"taxonomy":"product_cat","embeddable":true,"href":"https:\/\/atacadaodamodaintima.com.br\/clone\/wp-json\/wp\/v2\/product_cat?post=25062"},{"taxonomy":"product_tag","embeddable":true,"href":"https:\/\/atacadaodamodaintima.com.br\/clone\/wp-json\/wp\/v2\/product_tag?post=25062"}],"curies":[{"name":"wp","href":"https:\/\/api.w.org\/{rel}","templated":true}]}}