{"id":24881,"date":"2024-10-26T10:58:18","date_gmt":"2024-10-26T13:58:18","guid":{"rendered":"https:\/\/likelingerieatacado.com.br\/product\/lubrificante-comestivel-delicious-lub\/"},"modified":"2024-10-26T10:58:19","modified_gmt":"2024-10-26T13:58:19","slug":"lubrificante-comestivel-delicious-lub","status":"publish","type":"product","link":"https:\/\/atacadaodamodaintima.com.br\/clone\/lubrificante-comestivel-delicious-lub\/","title":{"rendered":"Lubrificante Comestivel Delicious Lub"},"content":{"rendered":"<p>Delicous Lub \u00e9 um gel lubrificante desenvolvido especialmente para promover a lubrifica\u00e7\u00e3o para os momentos de prazer. Ele \u00e9 \u00e0 base de \u00e1gua, n\u00e3o \u00e9 gorduroso, n\u00e3o tem cheiro e n\u00e3o mancha a roupa.\u00a0<\/p>\n<p>\u00a0<\/p>\n<p>CHICLETE que al\u00e9m do cheiro e sabor delicioso, proporciona uma lubrifica\u00e7\u00e3o incr\u00edvel e tem ainda a fun\u00e7\u00e3o HOT<\/p>\n<p>Eles possuem uma textura leve, n\u00e3o \u00e9 um produto gorduroso, desliza facilmente seja usando com algum brinquedo sexual, ou durante a rela\u00e7\u00e3o. \u00c9 de uso unissex e pode ser beij\u00e1vel. Com o Delicious LUB voc\u00ea ter\u00e1 mais conforto durante a rela\u00e7\u00e3o sexual, consequentemente o prazer pois elimina os atritos da pele causando aquela sensa\u00e7\u00e3o \u00fanica ao deslizar.<\/p>\n","protected":false},"excerpt":{"rendered":"<p>Delicous Lub \u00e9 um gel lubrificante desenvolvido especialmente para promover a lubrifica\u00e7\u00e3o para os momentos de prazer. Ele \u00e9 \u00e0 base de \u00e1gua, n\u00e3o \u00e9 gorduroso, n\u00e3o tem cheiro e n\u00e3o mancha a roupa.\u00a0<\/p>\n<p>\u00a0<\/p>\n<p>CHICLETE que al\u00e9m do cheiro e sabor delicioso, proporciona uma lubrifica\u00e7\u00e3o incr\u00edvel e tem ainda a fun\u00e7\u00e3o HOT<\/p>\n<p>Eles possuem uma textura leve, n\u00e3o \u00e9 um produto gorduroso, desliza facilmente seja usando com algum brinquedo sexual, ou durante a rela\u00e7\u00e3o. \u00c9 de uso unissex e pode ser beij\u00e1vel. Com o Delicious LUB voc\u00ea ter\u00e1 mais conforto durante a rela\u00e7\u00e3o sexual, consequentemente o prazer pois elimina os atritos da pele causando aquela sensa\u00e7\u00e3o \u00fanica ao deslizar.<\/p>\n<p>\u00a0<\/p>\n","protected":false},"featured_media":24876,"comment_status":"open","ping_status":"closed","template":"","meta":[],"product_brand":[],"product_cat":[34,32],"product_tag":[],"class_list":{"0":"post-24881","1":"product","2":"type-product","3":"status-publish","4":"has-post-thumbnail","6":"product_cat-oleos-e-geis","7":"product_cat-vibra-e-geis","9":"first","10":"outofstock","11":"taxable","12":"shipping-taxable","13":"purchasable","14":"product-type-variable","15":"add-to-wishlist-after_add_to_cart"},"_links":{"self":[{"href":"https:\/\/atacadaodamodaintima.com.br\/clone\/wp-json\/wp\/v2\/product\/24881","targetHints":{"allow":["GET"]}}],"collection":[{"href":"https:\/\/atacadaodamodaintima.com.br\/clone\/wp-json\/wp\/v2\/product"}],"about":[{"href":"https:\/\/atacadaodamodaintima.com.br\/clone\/wp-json\/wp\/v2\/types\/product"}],"replies":[{"embeddable":true,"href":"https:\/\/atacadaodamodaintima.com.br\/clone\/wp-json\/wp\/v2\/comments?post=24881"}],"wp:featuredmedia":[{"embeddable":true,"href":"https:\/\/atacadaodamodaintima.com.br\/clone\/wp-json\/wp\/v2\/media\/24876"}],"wp:attachment":[{"href":"https:\/\/atacadaodamodaintima.com.br\/clone\/wp-json\/wp\/v2\/media?parent=24881"}],"wp:term":[{"taxonomy":"product_brand","embeddable":true,"href":"https:\/\/atacadaodamodaintima.com.br\/clone\/wp-json\/wp\/v2\/product_brand?post=24881"},{"taxonomy":"product_cat","embeddable":true,"href":"https:\/\/atacadaodamodaintima.com.br\/clone\/wp-json\/wp\/v2\/product_cat?post=24881"},{"taxonomy":"product_tag","embeddable":true,"href":"https:\/\/atacadaodamodaintima.com.br\/clone\/wp-json\/wp\/v2\/product_tag?post=24881"}],"curies":[{"name":"wp","href":"https:\/\/api.w.org\/{rel}","templated":true}]}}