{"id":24159,"date":"2024-10-26T10:01:30","date_gmt":"2024-10-26T13:01:30","guid":{"rendered":"https:\/\/likelingerieatacado.com.br\/product\/macaquinho-renda-polly\/"},"modified":"2025-01-28T11:23:39","modified_gmt":"2025-01-28T14:23:39","slug":"macaquinho-renda-polly","status":"publish","type":"product","link":"https:\/\/atacadaodamodaintima.com.br\/clone\/macaquinho-renda-polly\/","title":{"rendered":"Macaquinho Renda Polly"},"content":{"rendered":"<p>Macaquinho Renda Polly\u00a0 <br \/>&#8211; Sem bojo com forro nos seios e regulagem nas al\u00e7as.\u00a0 <br \/>\u00a0 <br \/>PRODUTO COM FORMA PEQUENA\u00a0 <br \/>\u00a0 <br \/>Aten\u00e7\u00e3o para a tabela de medidas, n\u00e3o efetuamos trocas de pe\u00e7as intimas. <br \/>\u00a0 <br \/>Tabela de Medidas: <br \/>P veste 34\/36 <br \/>M veste 38\/40 <br \/>G veste 42 <br \/>GG veste 44 <br \/>\u00a0 <br \/>Sobre a cor do produto: <br \/>Fotos reais do produto em nosso estoque. Pode haver varia\u00e7\u00e3o na cor do produto final de acordo com o brilho do monitor, tela do celular. <br \/>Tamb\u00e9m pode haver varia\u00e7\u00e3o no desenho da renda <br \/>Aproveite o frete e veja mais produtos em nossa loja. <br \/>Somos uma loja especializada em lingerie, sempre trazendo lindas novidades com qualidade e conforto, valorizando a mulher brasileira e tornando seu dia a dia ou noite muito mais especial.<\/p>\n","protected":false},"excerpt":{"rendered":"<p>Macaquinho Renda Polly\u00a0<br \/>&#8211; Sem bojo com forro nos seios e regulagem nas al\u00e7as.\u00a0<br \/>\u00a0<br \/>PRODUTO COM FORMA PEQUENA\u00a0<br \/>\u00a0<br \/>Aten\u00e7\u00e3o para a tabela de medidas, n\u00e3o efetuamos trocas de pe\u00e7as intimas.<br \/>\u00a0<br \/>Tabela de Medidas:<br \/>P veste 34\/36<br \/>M veste 38\/40<br \/>G veste 42<br \/>GG veste 44<\/p>\n","protected":false},"featured_media":24150,"comment_status":"open","ping_status":"closed","template":"","meta":[],"product_brand":[],"product_cat":[27,30],"product_tag":[],"class_list":{"0":"post-24159","1":"product","2":"type-product","3":"status-publish","4":"has-post-thumbnail","6":"product_cat-para-dormir","7":"product_cat-pijama","9":"first","10":"instock","11":"taxable","12":"shipping-taxable","13":"purchasable","14":"product-type-variable","15":"add-to-wishlist-after_add_to_cart"},"_links":{"self":[{"href":"https:\/\/atacadaodamodaintima.com.br\/clone\/wp-json\/wp\/v2\/product\/24159","targetHints":{"allow":["GET"]}}],"collection":[{"href":"https:\/\/atacadaodamodaintima.com.br\/clone\/wp-json\/wp\/v2\/product"}],"about":[{"href":"https:\/\/atacadaodamodaintima.com.br\/clone\/wp-json\/wp\/v2\/types\/product"}],"replies":[{"embeddable":true,"href":"https:\/\/atacadaodamodaintima.com.br\/clone\/wp-json\/wp\/v2\/comments?post=24159"}],"wp:featuredmedia":[{"embeddable":true,"href":"https:\/\/atacadaodamodaintima.com.br\/clone\/wp-json\/wp\/v2\/media\/24150"}],"wp:attachment":[{"href":"https:\/\/atacadaodamodaintima.com.br\/clone\/wp-json\/wp\/v2\/media?parent=24159"}],"wp:term":[{"taxonomy":"product_brand","embeddable":true,"href":"https:\/\/atacadaodamodaintima.com.br\/clone\/wp-json\/wp\/v2\/product_brand?post=24159"},{"taxonomy":"product_cat","embeddable":true,"href":"https:\/\/atacadaodamodaintima.com.br\/clone\/wp-json\/wp\/v2\/product_cat?post=24159"},{"taxonomy":"product_tag","embeddable":true,"href":"https:\/\/atacadaodamodaintima.com.br\/clone\/wp-json\/wp\/v2\/product_tag?post=24159"}],"curies":[{"name":"wp","href":"https:\/\/api.w.org\/{rel}","templated":true}]}}