{"id":24071,"date":"2024-10-26T09:55:56","date_gmt":"2024-10-26T12:55:56","guid":{"rendered":"https:\/\/likelingerieatacado.com.br\/product\/plug-anal-silicone-toque-aveludade-grande-10x4cm\/"},"modified":"2024-10-26T09:55:58","modified_gmt":"2024-10-26T12:55:58","slug":"plug-anal-silicone-toque-aveludade-grande-10x4cm","status":"publish","type":"product","link":"https:\/\/atacadaodamodaintima.com.br\/clone\/plug-anal-silicone-toque-aveludade-grande-10x4cm\/","title":{"rendered":"Plug Anal Silicone Toque Aveludade Grande 10x4cm"},"content":{"rendered":"<p>Plug anal Grande em silicone aveludado, com formato c\u00f4nico, feito em silicone ultra macio, possui em sua base uma pedra lapidada que lembra um diamante colorido, que pode ser trocada. <br \/>Pode se aproveitar com temperaturas diferentes, coloque-o no freezer para esfriar, ou em uma bacia de \u00e1gua quente para aquecer. <br \/>(N\u00e3o coloque no micro-ondas ou ferver de mais a \u00e1gua) <br \/>\u00a0 <br \/>Medidas: 10&#215;4 cm (aprox.) <br \/>Medidas penetr\u00e1veis: 8,6 cm (aprox.) <br \/>\u00a0 <br \/>Embalagem: Saco Pl\u00e1stico <br \/>Higieniza\u00e7\u00e3o: Lavar antes e depois de usar, com sab\u00e3o neutro ou bactericida, seque com papel toalha ou deixe secar naturalmente. N\u00e3o compartilhe o produto, evite doen\u00e7as sensualmente transmiss\u00edveis. Saiba os limites do seu corpo. <br \/>Precau\u00e7\u00f5es: Guardar em locais seco e separado de outros produtos, pessoas al\u00e9rgicas a algum componente do produto n\u00e3o utiliza-lo. Mantenha fora do alcance das crian\u00e7as. Utilize lubrificante sempre que for utilizar o produto. <br \/>DICA: \u00c9 ideal para voc\u00ea que quer iniciar no sexo anal, um brinquedo como o plug \u00e9 a melhor ideia para come\u00e7ar a se acostumar com esse tipo de prazer. Por conta de n\u00e3o estar acostumada, pode estranhar o ritmo e a \u201cpress\u00e3o\u201d causadas pelo p\u00eanis. Nesse caso, o plug vai criar uma grande tens\u00e3o sexual na \u00e1rea e dar abertura para a penetra\u00e7\u00e3o, estimule a parte externa e a entrada tamb\u00e9m causa enorme sensa\u00e7\u00e3o de prazer.<\/p>\n","protected":false},"excerpt":{"rendered":"<p>Plug anal Grande em silicone aveludado, com formato c\u00f4nico, feito em silicone ultra macio, possui em sua base uma pedra lapidada que lembra um diamante colorido, que pode ser trocada.<br \/>Pode se aproveitar com temperaturas diferentes, coloque-o no freezer para esfriar, ou em uma bacia de \u00e1gua quente para aquecer.<br \/>(N\u00e3o coloque no micro-ondas ou ferver de mais a \u00e1gua)<br \/>\u00a0<br \/>Medidas: 10&#215;4 cm (aprox.)<br \/>Medidas penetr\u00e1veis: 8,6 cm (aprox.)<\/p>\n","protected":false},"featured_media":24068,"comment_status":"open","ping_status":"closed","template":"","meta":[],"product_brand":[],"product_cat":[178,33,32],"product_tag":[],"class_list":{"0":"post-24071","1":"product","2":"type-product","3":"status-publish","4":"has-post-thumbnail","6":"product_cat-acessorios-vibra-e-geis","7":"product_cat-brinquedos","8":"product_cat-vibra-e-geis","10":"first","11":"instock","12":"taxable","13":"shipping-taxable","14":"purchasable","15":"product-type-variable","16":"add-to-wishlist-after_add_to_cart"},"_links":{"self":[{"href":"https:\/\/atacadaodamodaintima.com.br\/clone\/wp-json\/wp\/v2\/product\/24071","targetHints":{"allow":["GET"]}}],"collection":[{"href":"https:\/\/atacadaodamodaintima.com.br\/clone\/wp-json\/wp\/v2\/product"}],"about":[{"href":"https:\/\/atacadaodamodaintima.com.br\/clone\/wp-json\/wp\/v2\/types\/product"}],"replies":[{"embeddable":true,"href":"https:\/\/atacadaodamodaintima.com.br\/clone\/wp-json\/wp\/v2\/comments?post=24071"}],"wp:featuredmedia":[{"embeddable":true,"href":"https:\/\/atacadaodamodaintima.com.br\/clone\/wp-json\/wp\/v2\/media\/24068"}],"wp:attachment":[{"href":"https:\/\/atacadaodamodaintima.com.br\/clone\/wp-json\/wp\/v2\/media?parent=24071"}],"wp:term":[{"taxonomy":"product_brand","embeddable":true,"href":"https:\/\/atacadaodamodaintima.com.br\/clone\/wp-json\/wp\/v2\/product_brand?post=24071"},{"taxonomy":"product_cat","embeddable":true,"href":"https:\/\/atacadaodamodaintima.com.br\/clone\/wp-json\/wp\/v2\/product_cat?post=24071"},{"taxonomy":"product_tag","embeddable":true,"href":"https:\/\/atacadaodamodaintima.com.br\/clone\/wp-json\/wp\/v2\/product_tag?post=24071"}],"curies":[{"name":"wp","href":"https:\/\/api.w.org\/{rel}","templated":true}]}}