{"id":2374,"date":"2024-09-26T21:53:06","date_gmt":"2024-09-27T00:53:06","guid":{"rendered":"https:\/\/likelingerieatacado.com.br\/product\/luvas-de-dedo-sexy-rendada\/"},"modified":"2024-10-05T15:09:23","modified_gmt":"2024-10-05T18:09:23","slug":"luvas-de-dedo-sexy-rendada","status":"publish","type":"product","link":"https:\/\/atacadaodamodaintima.com.br\/clone\/luvas-de-dedo-sexy-rendada\/","title":{"rendered":"Luvas de Dedo Sexy Rendada"},"content":{"rendered":"<p><span style=\"color: #1d1011;font-family: Lato, Helvetica, Arial, sans-serif\">A Luva Sexy \u00e9 confeccionada em Tule Rendado com elastano. <\/span><\/p>\n<p><span style=\"color: #1d1011;font-family: Lato, Helvetica, Arial, sans-serif\">Este tecido possui elasticidade para se adaptar a v\u00e1rios tamanhos de m\u00e3os<\/span><\/p>\n","protected":false},"excerpt":{"rendered":"<p>A Luva Sexy \u00e9 confeccionada em Tule Rendado com elastano. Este tecido possui elasticidade para se adaptar a v\u00e1rios tamanhos de m\u00e3os<\/p>\n","protected":false},"featured_media":2371,"comment_status":"open","ping_status":"closed","template":"","meta":[],"product_brand":[],"product_cat":[23,18],"product_tag":[],"class_list":{"0":"post-2374","1":"product","2":"type-product","3":"status-publish","4":"has-post-thumbnail","6":"product_cat-complementos","7":"product_cat-lingerie","9":"first","10":"outofstock","11":"taxable","12":"shipping-taxable","13":"purchasable","14":"product-type-variable","15":"add-to-wishlist-after_add_to_cart"},"_links":{"self":[{"href":"https:\/\/atacadaodamodaintima.com.br\/clone\/wp-json\/wp\/v2\/product\/2374","targetHints":{"allow":["GET"]}}],"collection":[{"href":"https:\/\/atacadaodamodaintima.com.br\/clone\/wp-json\/wp\/v2\/product"}],"about":[{"href":"https:\/\/atacadaodamodaintima.com.br\/clone\/wp-json\/wp\/v2\/types\/product"}],"replies":[{"embeddable":true,"href":"https:\/\/atacadaodamodaintima.com.br\/clone\/wp-json\/wp\/v2\/comments?post=2374"}],"wp:featuredmedia":[{"embeddable":true,"href":"https:\/\/atacadaodamodaintima.com.br\/clone\/wp-json\/wp\/v2\/media\/2371"}],"wp:attachment":[{"href":"https:\/\/atacadaodamodaintima.com.br\/clone\/wp-json\/wp\/v2\/media?parent=2374"}],"wp:term":[{"taxonomy":"product_brand","embeddable":true,"href":"https:\/\/atacadaodamodaintima.com.br\/clone\/wp-json\/wp\/v2\/product_brand?post=2374"},{"taxonomy":"product_cat","embeddable":true,"href":"https:\/\/atacadaodamodaintima.com.br\/clone\/wp-json\/wp\/v2\/product_cat?post=2374"},{"taxonomy":"product_tag","embeddable":true,"href":"https:\/\/atacadaodamodaintima.com.br\/clone\/wp-json\/wp\/v2\/product_tag?post=2374"}],"curies":[{"name":"wp","href":"https:\/\/api.w.org\/{rel}","templated":true}]}}