{"id":23296,"date":"2024-10-25T16:41:36","date_gmt":"2024-10-25T19:41:36","guid":{"rendered":"https:\/\/likelingerieatacado.com.br\/product\/biquini-ripple-ana-clara-ref-8144\/"},"modified":"2024-12-16T15:45:08","modified_gmt":"2024-12-16T18:45:08","slug":"biquini-ripple-ana-clara-ref-8144","status":"publish","type":"product","link":"https:\/\/atacadaodamodaintima.com.br\/clone\/biquini-ripple-ana-clara-ref-8144\/","title":{"rendered":"Biqu\u00edni Ripple Ana Clara Ref 8144"},"content":{"rendered":"<p>Biqu\u00edni Ripple Ana Clara<br \/>\n&#8211; Suti\u00e3 com bojo remov\u00edvel<br \/>\n&#8211; Calcinha Fio Duplo Empinna Bumbum<br \/>\n&#8211; Confeccionado em poliamida premium<\/p>\n<p>ATEN\u00c7\u00c3O PARA A TABELA DE MEDIDAS, N\u00c3O EFETUAMOS TROCAS DE PE\u00c7AS INTIMAS.<br \/>\nTamanho P veste 36\/38<br \/>\nTamanho M veste 40\/42<br \/>\nTamanho G veste 44<br \/>\nTamanho GG veste 46<\/p>\n<p>Sobre a cor do produto:<br \/>\nFotos reais do produto em nosso estoque. Pode haver varia\u00e7\u00e3o na cor do produto final de acordo com o brilho do monitor, tela do celular.<br \/>\nSomos uma loja especializada em lingerie, sempre trazendo lindas novidades com qualidade e conforto, valorizando a mulher brasileira e tornando seu dia a dia ou noite muito mais especial.<br \/>\nAproveite o frete e veja mais produtos.<\/p>\n","protected":false},"excerpt":{"rendered":"<p>Biqu\u00edni Ripple Ana Clara<br \/>\n&#8211; Suti\u00e3 com bojo remov\u00edvel<br \/>\n&#8211; Calcinha Fio Duplo Empinna Bumbum<br \/>\n&#8211; Confeccionado em poliamida premium<\/p>\n<p>ATEN\u00c7\u00c3O PARA A TABELA DE MEDIDAS, N\u00c3O EFETUAMOS TROCAS DE PE\u00c7AS INTIMAS.<br \/>\nTamanho P veste 36\/38<br \/>\nTamanho M veste 40\/42<br \/>\nTamanho G veste 44<br \/>\nTamanho GG veste 46<\/p>\n","protected":false},"featured_media":23290,"comment_status":"open","ping_status":"closed","template":"","meta":[],"product_brand":[],"product_cat":[36,35],"product_tag":[457,460,459],"class_list":{"0":"post-23296","1":"product","2":"type-product","3":"status-publish","4":"has-post-thumbnail","6":"product_cat-biquini","7":"product_cat-moda-praia","8":"product_tag-com-bojo-removivel","9":"product_tag-fio-duplo","10":"product_tag-poliamida","12":"first","13":"outofstock","14":"taxable","15":"shipping-taxable","16":"purchasable","17":"product-type-variable","18":"add-to-wishlist-after_add_to_cart"},"_links":{"self":[{"href":"https:\/\/atacadaodamodaintima.com.br\/clone\/wp-json\/wp\/v2\/product\/23296","targetHints":{"allow":["GET"]}}],"collection":[{"href":"https:\/\/atacadaodamodaintima.com.br\/clone\/wp-json\/wp\/v2\/product"}],"about":[{"href":"https:\/\/atacadaodamodaintima.com.br\/clone\/wp-json\/wp\/v2\/types\/product"}],"replies":[{"embeddable":true,"href":"https:\/\/atacadaodamodaintima.com.br\/clone\/wp-json\/wp\/v2\/comments?post=23296"}],"wp:featuredmedia":[{"embeddable":true,"href":"https:\/\/atacadaodamodaintima.com.br\/clone\/wp-json\/wp\/v2\/media\/23290"}],"wp:attachment":[{"href":"https:\/\/atacadaodamodaintima.com.br\/clone\/wp-json\/wp\/v2\/media?parent=23296"}],"wp:term":[{"taxonomy":"product_brand","embeddable":true,"href":"https:\/\/atacadaodamodaintima.com.br\/clone\/wp-json\/wp\/v2\/product_brand?post=23296"},{"taxonomy":"product_cat","embeddable":true,"href":"https:\/\/atacadaodamodaintima.com.br\/clone\/wp-json\/wp\/v2\/product_cat?post=23296"},{"taxonomy":"product_tag","embeddable":true,"href":"https:\/\/atacadaodamodaintima.com.br\/clone\/wp-json\/wp\/v2\/product_tag?post=23296"}],"curies":[{"name":"wp","href":"https:\/\/api.w.org\/{rel}","templated":true}]}}