{"id":21334,"date":"2024-10-25T14:32:55","date_gmt":"2024-10-25T17:32:55","guid":{"rendered":"https:\/\/likelingerieatacado.com.br\/product\/camisola-renda-rubi\/"},"modified":"2025-01-09T14:18:54","modified_gmt":"2025-01-09T17:18:54","slug":"camisola-renda-rubi","status":"publish","type":"product","link":"https:\/\/atacadaodamodaintima.com.br\/clone\/camisola-renda-rubi\/","title":{"rendered":"Camisola Renda Rubi"},"content":{"rendered":"<p>Camisola Renda Rubi\u00a0 <br \/>&#8211; Confeccionado em microfibra e renda <br \/>&#8211; Sem Bojo e com forro nos seios <br \/>&#8211; Al\u00e7as com regulagem de tamanho\u00a0 <br \/>\u00a0 <br \/>ATEN\u00c7\u00c3O PARA A TABELA DE MEDIDAS, N\u00c3O EFETUAMOS TROCAS DE PE\u00c7AS INTIMAS. <br \/>Tamanho P veste 36\/38 <br \/>Tamanho M veste 40\/42 <br \/>Tamanho G veste 44 <br \/>Tamanho GG veste 46 <br \/>\u00a0 <br \/>Sobre a cor do produto: <br \/>Fotos reais do produto em nosso estoque. Pode haver varia\u00e7\u00e3o na cor do produto final de acordo com o brilho do monitor, tela do celular. <br \/>Tamb\u00e9m pode haver varia\u00e7\u00e3o no desenho da renda. <br \/>Somos uma loja especializada em lingerie, sempre trazendo lindas novidades com qualidade e conforto, valorizando a mulher brasileira e tornando seu dia a dia ou noite muito mais especial. <br \/>Aproveite o frete e veja mais produtos em nossa loja.<\/p>\n","protected":false},"excerpt":{"rendered":"<p>Camisola Renda Rubi\u00a0<br \/>&#8211; Confeccionado em microfibra e renda<br \/>&#8211; Sem Bojo e com forro nos seios<br \/>&#8211; Al\u00e7as com regulagem de tamanho\u00a0<br \/>\u00a0<br \/>ATEN\u00c7\u00c3O PARA A TABELA DE MEDIDAS, N\u00c3O EFETUAMOS TROCAS DE PE\u00c7AS INTIMAS.<br \/>Tamanho P veste 36\/38<br \/>Tamanho M veste 40\/42<br \/>Tamanho G veste 44<br \/>Tamanho GG veste 46<\/p>\n","protected":false},"featured_media":21327,"comment_status":"open","ping_status":"closed","template":"","meta":[],"product_brand":[],"product_cat":[29,27],"product_tag":[],"class_list":{"0":"post-21334","1":"product","2":"type-product","3":"status-publish","4":"has-post-thumbnail","6":"product_cat-camisola","7":"product_cat-para-dormir","9":"first","10":"outofstock","11":"taxable","12":"shipping-taxable","13":"purchasable","14":"product-type-variable","15":"add-to-wishlist-after_add_to_cart"},"_links":{"self":[{"href":"https:\/\/atacadaodamodaintima.com.br\/clone\/wp-json\/wp\/v2\/product\/21334","targetHints":{"allow":["GET"]}}],"collection":[{"href":"https:\/\/atacadaodamodaintima.com.br\/clone\/wp-json\/wp\/v2\/product"}],"about":[{"href":"https:\/\/atacadaodamodaintima.com.br\/clone\/wp-json\/wp\/v2\/types\/product"}],"replies":[{"embeddable":true,"href":"https:\/\/atacadaodamodaintima.com.br\/clone\/wp-json\/wp\/v2\/comments?post=21334"}],"wp:featuredmedia":[{"embeddable":true,"href":"https:\/\/atacadaodamodaintima.com.br\/clone\/wp-json\/wp\/v2\/media\/21327"}],"wp:attachment":[{"href":"https:\/\/atacadaodamodaintima.com.br\/clone\/wp-json\/wp\/v2\/media?parent=21334"}],"wp:term":[{"taxonomy":"product_brand","embeddable":true,"href":"https:\/\/atacadaodamodaintima.com.br\/clone\/wp-json\/wp\/v2\/product_brand?post=21334"},{"taxonomy":"product_cat","embeddable":true,"href":"https:\/\/atacadaodamodaintima.com.br\/clone\/wp-json\/wp\/v2\/product_cat?post=21334"},{"taxonomy":"product_tag","embeddable":true,"href":"https:\/\/atacadaodamodaintima.com.br\/clone\/wp-json\/wp\/v2\/product_tag?post=21334"}],"curies":[{"name":"wp","href":"https:\/\/api.w.org\/{rel}","templated":true}]}}