{"id":20707,"date":"2024-10-25T12:59:52","date_gmt":"2024-10-25T15:59:52","guid":{"rendered":"https:\/\/likelingerieatacado.com.br\/product\/vibrador-dupla-estimulacao-borboleta-recarregavel-usb-controle\/"},"modified":"2025-01-08T16:01:57","modified_gmt":"2025-01-08T19:01:57","slug":"vibrador-dupla-estimulacao-borboleta-recarregavel-usb-controle","status":"publish","type":"product","link":"https:\/\/atacadaodamodaintima.com.br\/clone\/vibrador-dupla-estimulacao-borboleta-recarregavel-usb-controle\/","title":{"rendered":"Vibrador Dupla Estimula\u00e7\u00e3o Borboleta Recarreg\u00e1vel USB Controle"},"content":{"rendered":"<p>Vibrador Dupla Estimula\u00e7\u00e3o Borboleta Recarreg\u00e1vel USB <br \/>Vibrador com estimula\u00e7\u00e3o ao ponto G 10 vibra\u00e7\u00f5es + Vibrador de clit\u00f3ris.\u00a0 <br \/>Tempo de carregamento: 50 minutos <br \/>Usar o tempo: 90 minutos <br \/>Fun\u00e7\u00e3o: la\u00e7o infinito de 10 frequ\u00eancias, carregamento usb <br \/>Material: silicone + abs <br \/>Cor: Rosa<\/p>\n","protected":false},"excerpt":{"rendered":"<p>Vibrador Dupla Estimula\u00e7\u00e3o Borboleta Recarreg\u00e1vel USB<br \/>Vibrador com estimula\u00e7\u00e3o ao ponto G 10 vibra\u00e7\u00f5es + Vibrador de clit\u00f3ris.\u00a0<br \/>Tempo de carregamento: 50 minutos<br \/>Usar o tempo: 90 minutos<br \/>Fun\u00e7\u00e3o: la\u00e7o infinito de 10 frequ\u00eancias, carregamento usb<br \/>Material: silicone + abs<br \/>Cor: Rosa<\/p>\n","protected":false},"featured_media":20704,"comment_status":"open","ping_status":"closed","template":"","meta":[],"product_brand":[],"product_cat":[33,32],"product_tag":[],"class_list":{"0":"post-20707","1":"product","2":"type-product","3":"status-publish","4":"has-post-thumbnail","6":"product_cat-brinquedos","7":"product_cat-vibra-e-geis","9":"first","10":"outofstock","11":"taxable","12":"shipping-taxable","13":"purchasable","14":"product-type-variable","15":"add-to-wishlist-after_add_to_cart"},"_links":{"self":[{"href":"https:\/\/atacadaodamodaintima.com.br\/clone\/wp-json\/wp\/v2\/product\/20707","targetHints":{"allow":["GET"]}}],"collection":[{"href":"https:\/\/atacadaodamodaintima.com.br\/clone\/wp-json\/wp\/v2\/product"}],"about":[{"href":"https:\/\/atacadaodamodaintima.com.br\/clone\/wp-json\/wp\/v2\/types\/product"}],"replies":[{"embeddable":true,"href":"https:\/\/atacadaodamodaintima.com.br\/clone\/wp-json\/wp\/v2\/comments?post=20707"}],"wp:featuredmedia":[{"embeddable":true,"href":"https:\/\/atacadaodamodaintima.com.br\/clone\/wp-json\/wp\/v2\/media\/20704"}],"wp:attachment":[{"href":"https:\/\/atacadaodamodaintima.com.br\/clone\/wp-json\/wp\/v2\/media?parent=20707"}],"wp:term":[{"taxonomy":"product_brand","embeddable":true,"href":"https:\/\/atacadaodamodaintima.com.br\/clone\/wp-json\/wp\/v2\/product_brand?post=20707"},{"taxonomy":"product_cat","embeddable":true,"href":"https:\/\/atacadaodamodaintima.com.br\/clone\/wp-json\/wp\/v2\/product_cat?post=20707"},{"taxonomy":"product_tag","embeddable":true,"href":"https:\/\/atacadaodamodaintima.com.br\/clone\/wp-json\/wp\/v2\/product_tag?post=20707"}],"curies":[{"name":"wp","href":"https:\/\/api.w.org\/{rel}","templated":true}]}}