{"id":19628,"date":"2024-10-25T12:06:47","date_gmt":"2024-10-25T15:06:47","guid":{"rendered":"https:\/\/likelingerieatacado.com.br\/product\/body-renda-bicolor-marina\/"},"modified":"2024-10-25T12:06:51","modified_gmt":"2024-10-25T15:06:51","slug":"body-renda-bicolor-marina","status":"publish","type":"product","link":"https:\/\/atacadaodamodaintima.com.br\/clone\/body-renda-bicolor-marina\/","title":{"rendered":"Body Renda Bicolor Marina"},"content":{"rendered":"<p>&#8211; Body Renda Bicolor Marina <br \/>&#8211; Confeccionado em renda <br \/>&#8211; Sem bojo com regulagens nas al\u00e7as <br \/>&#8211; Possui abertura \u00edntima <br \/>\u00a0 <br \/>ATEN\u00c7\u00c3O PARA TABELA DE MEDIDAS, N\u00c3O EFETUAMOS TROCAS DE PE\u00c7AS INTIMAS. <br \/>P veste 34\/36 <br \/>M veste 38\/40 <br \/>G veste 42\/44 <br \/>GG veste 46\/48 <br \/>\u00a0 <br \/>CONSERVA\u00c7\u00c3O: <br \/>Lavar \u00e0 m\u00e3o. N\u00e3o usar alvejante. N\u00e3o secar em secadora. N\u00e3o passar a ferro. N\u00e3o lavar a seco. Lavar sempre com sab\u00e3o neutro. <br \/>\u00a0 <br \/>Sobre a cor do produto: <br \/>Fotos reais do produto em nosso estoque. Pode haver varia\u00e7\u00e3o na cor do produto final de acordo com o brilho do monitor, tela do celular.\u00a0 <br \/>Tamb\u00e9m pode haver varia\u00e7\u00e3o no desenho da renda. <br \/>Somos uma loja especializada em lingerie, sempre trazendo lindas novidades com qualidade e conforto, valorizando a mulher brasileira e tornando seu dia a dia ou noite muito mais especial. <br \/>Aproveite o frete e veja mais produtos em nossa loja.<\/p>\n","protected":false},"excerpt":{"rendered":"<p>&#8211; Body Renda Bicolor Marina<br \/>&#8211; Confeccionado em renda<br \/>&#8211; Sem bojo com regulagens nas al\u00e7as<br \/>&#8211; Possui abertura \u00edntima<br \/>\u00a0<br \/>ATEN\u00c7\u00c3O PARA TABELA DE MEDIDAS, N\u00c3O EFETUAMOS TROCAS DE PE\u00c7AS INTIMAS.<br \/>P veste 34\/36<br \/>M veste 38\/40<br \/>G veste 42\/44<br \/>GG veste 46\/48<\/p>\n","protected":false},"featured_media":19626,"comment_status":"open","ping_status":"closed","template":"","meta":[],"product_brand":[],"product_cat":[21,18],"product_tag":[],"class_list":{"0":"post-19628","1":"product","2":"type-product","3":"status-publish","4":"has-post-thumbnail","6":"product_cat-body","7":"product_cat-lingerie","9":"first","10":"outofstock","11":"taxable","12":"shipping-taxable","13":"purchasable","14":"product-type-variable","15":"add-to-wishlist-after_add_to_cart"},"_links":{"self":[{"href":"https:\/\/atacadaodamodaintima.com.br\/clone\/wp-json\/wp\/v2\/product\/19628","targetHints":{"allow":["GET"]}}],"collection":[{"href":"https:\/\/atacadaodamodaintima.com.br\/clone\/wp-json\/wp\/v2\/product"}],"about":[{"href":"https:\/\/atacadaodamodaintima.com.br\/clone\/wp-json\/wp\/v2\/types\/product"}],"replies":[{"embeddable":true,"href":"https:\/\/atacadaodamodaintima.com.br\/clone\/wp-json\/wp\/v2\/comments?post=19628"}],"wp:featuredmedia":[{"embeddable":true,"href":"https:\/\/atacadaodamodaintima.com.br\/clone\/wp-json\/wp\/v2\/media\/19626"}],"wp:attachment":[{"href":"https:\/\/atacadaodamodaintima.com.br\/clone\/wp-json\/wp\/v2\/media?parent=19628"}],"wp:term":[{"taxonomy":"product_brand","embeddable":true,"href":"https:\/\/atacadaodamodaintima.com.br\/clone\/wp-json\/wp\/v2\/product_brand?post=19628"},{"taxonomy":"product_cat","embeddable":true,"href":"https:\/\/atacadaodamodaintima.com.br\/clone\/wp-json\/wp\/v2\/product_cat?post=19628"},{"taxonomy":"product_tag","embeddable":true,"href":"https:\/\/atacadaodamodaintima.com.br\/clone\/wp-json\/wp\/v2\/product_tag?post=19628"}],"curies":[{"name":"wp","href":"https:\/\/api.w.org\/{rel}","templated":true}]}}