{"id":19296,"date":"2024-10-25T11:51:33","date_gmt":"2024-10-25T14:51:33","guid":{"rendered":"https:\/\/likelingerieatacado.com.br\/product\/conjunto-arrastao-cropped-decotado\/"},"modified":"2024-11-23T08:12:12","modified_gmt":"2024-11-23T11:12:12","slug":"conjunto-arrastao-cropped-decotado","status":"publish","type":"product","link":"https:\/\/atacadaodamodaintima.com.br\/clone\/conjunto-arrastao-cropped-decotado\/","title":{"rendered":"Conjunto Arrast\u00e3o Cropped Decotado"},"content":{"rendered":"<p>&#8211; Conjunto\u00a0 Arrast\u00e3o estilo cropped Decotado<\/p>\n<p>&#8211; Tamanho \u00fanico, tem bastante elasticidade veste do 34 ao 46.<\/p>\n<p>&#8211; Acompanha calcinha.<\/p>\n<p>&#8211; N\u00e3o tem forro na regi\u00e3o da virilha e dos seios (transparente)<\/p>\n<p>&#8211; N\u00e3o acompanha suti\u00e3 ou calcinha por baixo.\u00a0<\/p>\n<p>\u00a0<\/p>\n<p>CONSERVA\u00c7\u00c3O:<\/p>\n<p>\u00a0<\/p>\n<p>Lavar \u00e0 m\u00e3o. N\u00e3o usar alvejante. N\u00e3o secar em secadora. N\u00e3o passar a ferro. N\u00e3o lavar a seco. Lavar sempre com sab\u00e3o neutro.<\/p>\n<p>\u00a0<\/p>\n<p><strong>Sobre a cor do produto:<\/strong><\/p>\n<p>\u00a0<\/p>\n<p>Fotos reais do produto em nosso estoque. Pode haver varia\u00e7\u00e3o na cor do produto final de acordo com o brilho do monitor, tela do celular.<\/p>\n<p>\u00a0<\/p>\n<p>Tamb\u00e9m pode haver varia\u00e7\u00e3o no desenho da renda.<\/p>\n<p>\u00a0<\/p>\n<p>Somos uma loja especializada em lingerie, sempre trazendo lindas novidades com qualidade e conforto, valorizando a mulher brasileira e tornando seu dia a dia ou noite muito mais especial.<\/p>\n<p>\u00a0<\/p>\n<p>Aproveite o frete e veja mais produtos em nossa loja.<\/p>\n","protected":false},"excerpt":{"rendered":"<p>&#8211; Tamanho \u00fanico, tem bastante elasticidade veste do 34 ao 46.<\/p>\n","protected":false},"featured_media":19294,"comment_status":"open","ping_status":"closed","template":"","meta":[],"product_brand":[],"product_cat":[19,18],"product_tag":[470,456],"class_list":{"0":"post-19296","1":"product","2":"type-product","3":"status-publish","4":"has-post-thumbnail","6":"product_cat-conjunto","7":"product_cat-lingerie","8":"product_tag-arrastao","9":"product_tag-sensual","11":"first","12":"outofstock","13":"taxable","14":"shipping-taxable","15":"purchasable","16":"product-type-variable","17":"add-to-wishlist-after_add_to_cart"},"_links":{"self":[{"href":"https:\/\/atacadaodamodaintima.com.br\/clone\/wp-json\/wp\/v2\/product\/19296","targetHints":{"allow":["GET"]}}],"collection":[{"href":"https:\/\/atacadaodamodaintima.com.br\/clone\/wp-json\/wp\/v2\/product"}],"about":[{"href":"https:\/\/atacadaodamodaintima.com.br\/clone\/wp-json\/wp\/v2\/types\/product"}],"replies":[{"embeddable":true,"href":"https:\/\/atacadaodamodaintima.com.br\/clone\/wp-json\/wp\/v2\/comments?post=19296"}],"wp:featuredmedia":[{"embeddable":true,"href":"https:\/\/atacadaodamodaintima.com.br\/clone\/wp-json\/wp\/v2\/media\/19294"}],"wp:attachment":[{"href":"https:\/\/atacadaodamodaintima.com.br\/clone\/wp-json\/wp\/v2\/media?parent=19296"}],"wp:term":[{"taxonomy":"product_brand","embeddable":true,"href":"https:\/\/atacadaodamodaintima.com.br\/clone\/wp-json\/wp\/v2\/product_brand?post=19296"},{"taxonomy":"product_cat","embeddable":true,"href":"https:\/\/atacadaodamodaintima.com.br\/clone\/wp-json\/wp\/v2\/product_cat?post=19296"},{"taxonomy":"product_tag","embeddable":true,"href":"https:\/\/atacadaodamodaintima.com.br\/clone\/wp-json\/wp\/v2\/product_tag?post=19296"}],"curies":[{"name":"wp","href":"https:\/\/api.w.org\/{rel}","templated":true}]}}