{"id":17398,"date":"2024-10-24T15:32:54","date_gmt":"2024-10-24T18:32:54","guid":{"rendered":"https:\/\/likelingerieatacado.com.br\/product\/vibrador-egg-a-pilha-com-10-vibracoes\/"},"modified":"2024-10-24T15:32:55","modified_gmt":"2024-10-24T18:32:55","slug":"vibrador-egg-a-pilha-com-10-vibracoes","status":"publish","type":"product","link":"https:\/\/atacadaodamodaintima.com.br\/clone\/vibrador-egg-a-pilha-com-10-vibracoes\/","title":{"rendered":"Vibrador Egg a pilha com 10 Vibra\u00e7\u00f5es"},"content":{"rendered":"<p>Vibrador Egg confeccionado em silicone, possui 10 modos de vibra\u00e7\u00e3o <br \/>Vibrador \u00e9 super moderno com toque aveludado de silicone <br \/>Todos estes recursos fazem com que voc\u00ea tenha uma experi\u00eancia muito excitante como voc\u00ea jamais experimentou. <br \/>N\u00e3o acompanha pilha, necess\u00e1rio 2 pilhas AAA\u00a0 <br \/>Modo de uso: <br \/>Clique e segure 1,5 segundos no &#8220;Power&#8221; para ativar \/ desativar o massageador. <br \/>Tipo de bateria: Vibrador 2 pilhas AAA <br \/>Material: Silicone <br \/>Medidas: <br \/>7,4 cm de comprimento, 3,5 cm de espessura (medidas aproximadas). <br \/>Higieniza\u00e7\u00e3o: Guarde na embalagem original. N\u00e3o compartilhar e n\u00e3o expor a temperatura superior a 50\u00b0C.<\/p>\n","protected":false},"excerpt":{"rendered":"<p>Vibrador Egg confeccionado em silicone, possui 10 modos de vibra\u00e7\u00e3o<br \/>Vibrador \u00e9 super moderno com toque aveludado de silicone<br \/>Todos estes recursos fazem com que voc\u00ea tenha uma experi\u00eancia muito excitante como voc\u00ea jamais experimentou.<br \/>N\u00e3o acompanha pilha, necess\u00e1rio 2 pilhas AAA\u00a0<br \/>Modo de uso:<br \/>Clique e segure 1,5 segundos no &#8220;Power&#8221; para ativar \/ desativar o massageador.<br \/>Tipo de bateria: Vibrador 2 pilhas AAA<br \/>Material: Silicone<br \/>Medidas:<br \/>7,4 cm de comprimento, 3,5 cm de espessura (medidas aproximadas).<br \/>Higieniza\u00e7\u00e3o: Guarde na embalagem original. N\u00e3o compartilhar e n\u00e3o expor a temperatura superior a 50\u00b0C.<\/p>\n","protected":false},"featured_media":17393,"comment_status":"open","ping_status":"closed","template":"","meta":[],"product_brand":[],"product_cat":[33,32],"product_tag":[],"class_list":{"0":"post-17398","1":"product","2":"type-product","3":"status-publish","4":"has-post-thumbnail","6":"product_cat-brinquedos","7":"product_cat-vibra-e-geis","9":"first","10":"instock","11":"taxable","12":"shipping-taxable","13":"purchasable","14":"product-type-variable","15":"add-to-wishlist-after_add_to_cart"},"_links":{"self":[{"href":"https:\/\/atacadaodamodaintima.com.br\/clone\/wp-json\/wp\/v2\/product\/17398","targetHints":{"allow":["GET"]}}],"collection":[{"href":"https:\/\/atacadaodamodaintima.com.br\/clone\/wp-json\/wp\/v2\/product"}],"about":[{"href":"https:\/\/atacadaodamodaintima.com.br\/clone\/wp-json\/wp\/v2\/types\/product"}],"replies":[{"embeddable":true,"href":"https:\/\/atacadaodamodaintima.com.br\/clone\/wp-json\/wp\/v2\/comments?post=17398"}],"wp:featuredmedia":[{"embeddable":true,"href":"https:\/\/atacadaodamodaintima.com.br\/clone\/wp-json\/wp\/v2\/media\/17393"}],"wp:attachment":[{"href":"https:\/\/atacadaodamodaintima.com.br\/clone\/wp-json\/wp\/v2\/media?parent=17398"}],"wp:term":[{"taxonomy":"product_brand","embeddable":true,"href":"https:\/\/atacadaodamodaintima.com.br\/clone\/wp-json\/wp\/v2\/product_brand?post=17398"},{"taxonomy":"product_cat","embeddable":true,"href":"https:\/\/atacadaodamodaintima.com.br\/clone\/wp-json\/wp\/v2\/product_cat?post=17398"},{"taxonomy":"product_tag","embeddable":true,"href":"https:\/\/atacadaodamodaintima.com.br\/clone\/wp-json\/wp\/v2\/product_tag?post=17398"}],"curies":[{"name":"wp","href":"https:\/\/api.w.org\/{rel}","templated":true}]}}