{"id":17355,"date":"2024-10-24T15:31:37","date_gmt":"2024-10-24T18:31:37","guid":{"rendered":"https:\/\/likelingerieatacado.com.br\/product\/vibrador-egg-a-pilha-com-controle-remoto\/"},"modified":"2024-10-24T15:31:38","modified_gmt":"2024-10-24T18:31:38","slug":"vibrador-egg-a-pilha-com-controle-remoto","status":"publish","type":"product","link":"https:\/\/atacadaodamodaintima.com.br\/clone\/vibrador-egg-a-pilha-com-controle-remoto\/","title":{"rendered":"Vibrador Egg a pilha com controle Remoto"},"content":{"rendered":"<p>Vibrador Egg confeccionado em silicone, possui 10 modos de vibra\u00e7\u00e3o <br \/>Vibrador \u00e9 super moderno com toque aveludado de silicone <br \/>Modo de vibra\u00e7\u00e3o livre neste modo voc\u00ea utiliza sem o controle ou modo de utiliza\u00e7\u00e3o com o controle remoto at\u00e9 10m de distancia. <br \/>Todos estes recursos fazem com que voc\u00ea tenha uma experi\u00eancia muito excitante como voc\u00ea jamais experimentou. <br \/>N\u00e3o acompanha pilha, necess\u00e1rio 2 pilhas AAA, acompanha bateria do controle <br \/>Modo de uso: <br \/>Clique e segure 1,5 segundos no &#8220;Power&#8221; para ativar \/ desativar o massageador. <br \/>Em seguida ligue o controle e pressione o modo de vibra\u00e7\u00e3o\u00a0 <br \/>Tipo de bateria: Vibrador AAA, controle Bateria CR2032 <br \/>Material: Silicone <br \/>Medidas: <br \/>7,4 cm de comprimento, 3,5 cm de espessura (medidas aproximadas). <br \/>Higieniza\u00e7\u00e3o: Guarde na embalagem original. N\u00e3o compartilhar e n\u00e3o expor a temperatura superior a 50\u00b0C.<\/p>\n","protected":false},"excerpt":{"rendered":"<p>Vibrador Egg confeccionado em silicone, possui 10 modos de vibra\u00e7\u00e3o<br \/>Vibrador \u00e9 super moderno com toque aveludado de silicone<br \/>Modo de vibra\u00e7\u00e3o livre neste modo voc\u00ea utiliza sem o controle ou modo de utiliza\u00e7\u00e3o com o controle remoto at\u00e9 10m de distancia.<br \/>Todos estes recursos fazem com que voc\u00ea tenha uma experi\u00eancia muito excitante como voc\u00ea jamais experimentou.<br \/>N\u00e3o acompanha pilha, necess\u00e1rio 2 pilhas AAA, acompanha bateria do controle<br \/>Modo de uso:<br \/>Clique e segure 1,5 segundos no &#8220;Power&#8221; para ativar \/ desativar o massageador.<br \/>Em seguida ligue o controle e pressione o modo de vibra\u00e7\u00e3o\u00a0<br \/>Tipo de bateria: Vibrador AAA, controle Bateria CR2032<br \/>Material: Silicone<br \/>Medidas:<br \/>7,4 cm de comprimento, 3,5 cm de espessura (medidas aproximadas).<br \/>Higieniza\u00e7\u00e3o: Guarde na embalagem original. N\u00e3o compartilhar e n\u00e3o expor a temperatura superior a 50\u00b0C.<\/p>\n","protected":false},"featured_media":17352,"comment_status":"open","ping_status":"closed","template":"","meta":[],"product_brand":[],"product_cat":[33,32],"product_tag":[],"class_list":{"0":"post-17355","1":"product","2":"type-product","3":"status-publish","4":"has-post-thumbnail","6":"product_cat-brinquedos","7":"product_cat-vibra-e-geis","9":"first","10":"outofstock","11":"taxable","12":"shipping-taxable","13":"purchasable","14":"product-type-variable","15":"add-to-wishlist-after_add_to_cart"},"_links":{"self":[{"href":"https:\/\/atacadaodamodaintima.com.br\/clone\/wp-json\/wp\/v2\/product\/17355","targetHints":{"allow":["GET"]}}],"collection":[{"href":"https:\/\/atacadaodamodaintima.com.br\/clone\/wp-json\/wp\/v2\/product"}],"about":[{"href":"https:\/\/atacadaodamodaintima.com.br\/clone\/wp-json\/wp\/v2\/types\/product"}],"replies":[{"embeddable":true,"href":"https:\/\/atacadaodamodaintima.com.br\/clone\/wp-json\/wp\/v2\/comments?post=17355"}],"wp:featuredmedia":[{"embeddable":true,"href":"https:\/\/atacadaodamodaintima.com.br\/clone\/wp-json\/wp\/v2\/media\/17352"}],"wp:attachment":[{"href":"https:\/\/atacadaodamodaintima.com.br\/clone\/wp-json\/wp\/v2\/media?parent=17355"}],"wp:term":[{"taxonomy":"product_brand","embeddable":true,"href":"https:\/\/atacadaodamodaintima.com.br\/clone\/wp-json\/wp\/v2\/product_brand?post=17355"},{"taxonomy":"product_cat","embeddable":true,"href":"https:\/\/atacadaodamodaintima.com.br\/clone\/wp-json\/wp\/v2\/product_cat?post=17355"},{"taxonomy":"product_tag","embeddable":true,"href":"https:\/\/atacadaodamodaintima.com.br\/clone\/wp-json\/wp\/v2\/product_tag?post=17355"}],"curies":[{"name":"wp","href":"https:\/\/api.w.org\/{rel}","templated":true}]}}