{"id":15668,"date":"2024-10-24T12:44:09","date_gmt":"2024-10-24T15:44:09","guid":{"rendered":"https:\/\/likelingerieatacado.com.br\/product\/body-tule-manga-longa\/"},"modified":"2024-10-24T12:44:10","modified_gmt":"2024-10-24T15:44:10","slug":"body-tule-manga-longa","status":"publish","type":"product","link":"https:\/\/atacadaodamodaintima.com.br\/clone\/body-tule-manga-longa\/","title":{"rendered":"Body Tule Manga Longa"},"content":{"rendered":"<p>&#8211; Body Tule Manga Longa Liso\u00a0<\/p>\n<p>&#8211; Tamanho \u00fanico, veste 38 ao 44<\/p>\n<p>&#8211; N\u00e3o acompanha calcinha ou Suti\u00e3<\/p>\n<p>&#8211; N\u00e3o tem forro na regi\u00e3o da virilha.\u00a0<\/p>\n<p>&#8211; Tem fecho interno\u00a0<\/p>\n<p>\u00a0CONSERVA\u00c7\u00c3O:Lavar \u00e0 m\u00e3o. N\u00e3o usar alvejante. N\u00e3o secar em secadora. N\u00e3o passar a ferro. N\u00e3o lavar a seco. Lavar sempre com sab\u00e3o neutro.<\/p>\n<p>\u00a0<\/p>\n<p><strong>Sobre a cor do produto:<\/strong><\/p>\n<p>Fotos reais do produto em nosso estoque. Pode haver varia\u00e7\u00e3o na cor do produto final de acordo com o brilho do monitor, tela do celular.<\/p>\n<p>Tamb\u00e9m pode haver varia\u00e7\u00e3o no desenho da renda.<\/p>\n<p>A Like4you \u00e9 uma loja especializada em lingerie, sempre trazendo lindas novidades com qualidade e conforto, valorizando a mulher brasileira e tornando seu dia a dia ou noite muito mais especial.<\/p>\n<p>Aproveite o frete e veja mais produtos em nossa loja.<\/p>\n<p>Quer retirar e nos conhecer? Estamos localizados em Suzano \/ SP. \u00c9 possivel retirar em nossa loja f\u00edsica, vendemos atacado e varejo.<\/p>\n<p>\u00a0<\/p>\n<p>\u00a0<\/p>\n<p>Tags: Sensual\/Sexy<\/p>\n","protected":false},"excerpt":{"rendered":"<p>&#8211; Body Tule Manga Longa Liso\u00a0<\/p>\n<p>&#8211; Tamanho \u00fanico, veste 38 ao 44<\/p>\n<p>&#8211; N\u00e3o acompanha calcinha ou suti\u00e3<\/p>\n<p>&#8211; N\u00e3o tem forro na regi\u00e3o da virilha.\u00a0<\/p>\n<p>&#8211; Tem fecho interno\u00a0<\/p>\n<p>\u00a0CONSERVA\u00c7\u00c3O:Lavar \u00e0 m\u00e3o. N\u00e3o usar alvejante. N\u00e3o secar em secadora. N\u00e3o passar a ferro. N\u00e3o lavar a seco. Lavar sempre com sab\u00e3o neutro.<\/p>\n","protected":false},"featured_media":15664,"comment_status":"open","ping_status":"closed","template":"","meta":[],"product_brand":[],"product_cat":[21,18],"product_tag":[],"class_list":{"0":"post-15668","1":"product","2":"type-product","3":"status-publish","4":"has-post-thumbnail","6":"product_cat-body","7":"product_cat-lingerie","9":"first","10":"outofstock","11":"taxable","12":"shipping-taxable","13":"purchasable","14":"product-type-variable","15":"add-to-wishlist-after_add_to_cart"},"_links":{"self":[{"href":"https:\/\/atacadaodamodaintima.com.br\/clone\/wp-json\/wp\/v2\/product\/15668","targetHints":{"allow":["GET"]}}],"collection":[{"href":"https:\/\/atacadaodamodaintima.com.br\/clone\/wp-json\/wp\/v2\/product"}],"about":[{"href":"https:\/\/atacadaodamodaintima.com.br\/clone\/wp-json\/wp\/v2\/types\/product"}],"replies":[{"embeddable":true,"href":"https:\/\/atacadaodamodaintima.com.br\/clone\/wp-json\/wp\/v2\/comments?post=15668"}],"wp:featuredmedia":[{"embeddable":true,"href":"https:\/\/atacadaodamodaintima.com.br\/clone\/wp-json\/wp\/v2\/media\/15664"}],"wp:attachment":[{"href":"https:\/\/atacadaodamodaintima.com.br\/clone\/wp-json\/wp\/v2\/media?parent=15668"}],"wp:term":[{"taxonomy":"product_brand","embeddable":true,"href":"https:\/\/atacadaodamodaintima.com.br\/clone\/wp-json\/wp\/v2\/product_brand?post=15668"},{"taxonomy":"product_cat","embeddable":true,"href":"https:\/\/atacadaodamodaintima.com.br\/clone\/wp-json\/wp\/v2\/product_cat?post=15668"},{"taxonomy":"product_tag","embeddable":true,"href":"https:\/\/atacadaodamodaintima.com.br\/clone\/wp-json\/wp\/v2\/product_tag?post=15668"}],"curies":[{"name":"wp","href":"https:\/\/api.w.org\/{rel}","templated":true}]}}