{"id":14797,"date":"2024-10-23T16:40:38","date_gmt":"2024-10-23T19:40:38","guid":{"rendered":"https:\/\/likelingerieatacado.com.br\/product\/sutia-sem-bojo-reforcado-liso-basico\/"},"modified":"2025-02-18T17:50:20","modified_gmt":"2025-02-18T20:50:20","slug":"sutia-sem-bojo-reforcado-liso-basico","status":"publish","type":"product","link":"https:\/\/atacadaodamodaintima.com.br\/clone\/sutia-sem-bojo-reforcado-liso-basico\/","title":{"rendered":"Suti\u00e3 Sem Bojo Refor\u00e7ado Liso B\u00e1sico"},"content":{"rendered":"<p>Suti\u00e3 Sem Bojo Refor\u00e7ado em Poliamida <br \/>&#8211; Al\u00e7as Refor\u00e7adas <br \/>&#8211; Tecido Refor\u00e7ado\u00a0 <br \/>\u00a0 <br \/>Tabela de Medidas: <br \/>P veste 36\/38 <br \/>M veste 40\/42 <br \/>G veste 42\/44 <br \/>GG veste 44\/46\u00a0\u00a0<\/p>\n","protected":false},"excerpt":{"rendered":"<p>Suti\u00e3 Sem Bojo Refor\u00e7ado em Poliamida<br \/>&#8211; Al\u00e7as Refor\u00e7adas<br \/>&#8211; Tecido Refor\u00e7ado\u00a0<br \/>\u00a0<br \/>Tabela de Medidas:<br \/>P veste 36\/38<br \/>M veste 40\/42<br \/>G veste 42\/44<br \/>GG veste 44\/46\u00a0\u00a0<\/p>\n","protected":false},"featured_media":14788,"comment_status":"open","ping_status":"closed","template":"","meta":[],"product_brand":[],"product_cat":[18,26],"product_tag":[],"class_list":{"0":"post-14797","1":"product","2":"type-product","3":"status-publish","4":"has-post-thumbnail","6":"product_cat-lingerie","7":"product_cat-sutia","9":"first","10":"instock","11":"taxable","12":"shipping-taxable","13":"purchasable","14":"product-type-variable","15":"add-to-wishlist-after_add_to_cart"},"_links":{"self":[{"href":"https:\/\/atacadaodamodaintima.com.br\/clone\/wp-json\/wp\/v2\/product\/14797","targetHints":{"allow":["GET"]}}],"collection":[{"href":"https:\/\/atacadaodamodaintima.com.br\/clone\/wp-json\/wp\/v2\/product"}],"about":[{"href":"https:\/\/atacadaodamodaintima.com.br\/clone\/wp-json\/wp\/v2\/types\/product"}],"replies":[{"embeddable":true,"href":"https:\/\/atacadaodamodaintima.com.br\/clone\/wp-json\/wp\/v2\/comments?post=14797"}],"wp:featuredmedia":[{"embeddable":true,"href":"https:\/\/atacadaodamodaintima.com.br\/clone\/wp-json\/wp\/v2\/media\/14788"}],"wp:attachment":[{"href":"https:\/\/atacadaodamodaintima.com.br\/clone\/wp-json\/wp\/v2\/media?parent=14797"}],"wp:term":[{"taxonomy":"product_brand","embeddable":true,"href":"https:\/\/atacadaodamodaintima.com.br\/clone\/wp-json\/wp\/v2\/product_brand?post=14797"},{"taxonomy":"product_cat","embeddable":true,"href":"https:\/\/atacadaodamodaintima.com.br\/clone\/wp-json\/wp\/v2\/product_cat?post=14797"},{"taxonomy":"product_tag","embeddable":true,"href":"https:\/\/atacadaodamodaintima.com.br\/clone\/wp-json\/wp\/v2\/product_tag?post=14797"}],"curies":[{"name":"wp","href":"https:\/\/api.w.org\/{rel}","templated":true}]}}