{"id":14519,"date":"2024-10-23T16:01:22","date_gmt":"2024-10-23T19:01:22","guid":{"rendered":"https:\/\/likelingerieatacado.com.br\/product\/body-renda-tule-com-cinta-liga\/"},"modified":"2025-02-25T13:22:08","modified_gmt":"2025-02-25T16:22:08","slug":"body-renda-tule-com-cinta-liga","status":"publish","type":"product","link":"https:\/\/atacadaodamodaintima.com.br\/clone\/body-renda-tule-com-cinta-liga\/","title":{"rendered":"Body Renda Tule Com Cinta Liga"},"content":{"rendered":"<p class=\"MsoNormal\" style=\"margin-bottom: 0.0001pt;line-height: normal\"><span style=\"font-size: 10.5pt;font-family: Verdana, 'sans-serif'\">Body Renda Tule Com Cinta Liga <\/span><\/p>\n<p class=\"MsoNormal\" style=\"margin-bottom: 0.0001pt;line-height: normal\"><span style=\"font-size: 10.5pt;font-family: Verdana, 'sans-serif'\">&#8211; Confeccionado em tule e renda de alta qualidade<\/span><\/p>\n<p class=\"MsoNormal\" style=\"margin-bottom: 0.0001pt;line-height: normal\"><span style=\"font-family: Verdana, sans-serif\">&#8211; Sem Bojo com aro para melhor sustenta\u00e7\u00e3o nos seios<\/span><\/p>\n<p class=\"MsoNormal\" style=\"margin-bottom: 0.0001pt;line-height: normal\"><span style=\"font-size: 10.5pt;font-family: Verdana, 'sans-serif'\">&#8211; Cinta Liga Removivel\u00a0<\/span><\/p>\n<p class=\"MsoNormal\" style=\"margin-bottom: 0.0001pt;line-height: normal\"><span style=\"font-size: 10.5pt;font-family: Verdana, 'sans-serif'\">\u00a0<\/span><\/p>\n<p class=\"MsoNormal\" style=\"margin-bottom: 0.0001pt;line-height: normal\"><span style=\"font-size: 10.5pt;font-family: Verdana, 'sans-serif'\">ATEN\u00c7\u00c3O PARA A TABELA DE MEDIDAS, N\u00c3O EFETUAMOS TROCAS DE PE\u00c7AS INTIMAS.<\/span><\/p>\n<p class=\"MsoNormal\" style=\"margin-bottom: 0.0001pt;line-height: normal\">Tamanho P veste 36\/38<\/p>\n<p class=\"MsoNormal\" style=\"margin-bottom: 0.0001pt;line-height: normal\">Tamanho M veste 40\/42<\/p>\n<p class=\"MsoNormal\" style=\"margin-bottom: 0.0001pt;line-height: normal\">Tamanho G veste 44<\/p>\n<p class=\"MsoNormal\" style=\"margin-bottom: 0.0001pt;line-height: normal\">Tamanho GG veste 46<\/p>\n<p class=\"MsoNormal\" style=\"margin-bottom: .0001pt;line-height: normal\"><span style=\"font-size: 10.5pt;font-family: 'Verdana','sans-serif'\">\u00a0<\/span><\/p>\n<p class=\"MsoNormal\" style=\"margin-bottom: .0001pt;line-height: normal\"><strong><span style=\"font-size: 10.5pt;font-family: 'Verdana','sans-serif'\">Sobre a cor do produto:<\/span><\/strong><\/p>\n<p class=\"MsoNormal\" style=\"margin-bottom: .0001pt;line-height: normal\"><span style=\"font-size: 10.5pt;font-family: 'Verdana','sans-serif'\">Fotos reais do produto em nosso estoque. Pode haver varia\u00e7\u00e3o na cor do produto final de acordo com o brilho do monitor, tela do celular.<\/span><\/p>\n<p class=\"MsoNormal\" style=\"margin-bottom: .0001pt;line-height: normal\"><span style=\"font-size: 10.5pt;font-family: 'Verdana','sans-serif'\">Tamb\u00e9m pode haver varia\u00e7\u00e3o no desenho da renda.<\/span><\/p>\n<p class=\"MsoNormal\" style=\"margin-bottom: .0001pt;line-height: normal\"><span style=\"font-size: 10.5pt;font-family: 'Verdana','sans-serif'\">A Like4you \u00e9 uma loja especializada em lingerie, sempre trazendo lindas novidades com qualidade e conforto, valorizando a mulher brasileira e tornando seu dia a dia ou noite muito mais especial.<\/span><\/p>\n<p class=\"MsoNormal\" style=\"margin-bottom: .0001pt;line-height: normal\"><span style=\"font-size: 10.5pt;font-family: 'Verdana','sans-serif'\">Aproveite o frete e veja mais produtos em nossa loja.<\/span><\/p>\n<p class=\"MsoNormal\">\u00a0<\/p>\n<p class=\"MsoNormal\">\u00a0<\/p>\n<p>\u00a0<\/p>\n","protected":false},"excerpt":{"rendered":"<p class=\"MsoNormal\" style=\"margin-bottom: 0.0001pt;line-height: normal\"><span style=\"font-size: 10.5pt;font-family: Verdana, 'sans-serif'\">Body Renda Tule Com Cinta Liga <\/span><\/p>\n<p class=\"MsoNormal\" style=\"margin-bottom: 0.0001pt;line-height: normal\"><span style=\"font-size: 10.5pt;font-family: Verdana, 'sans-serif'\">&#8211; Confeccionado em tule e renda de alta qualidade<\/span><\/p>\n<p class=\"MsoNormal\" style=\"margin-bottom: 0.0001pt;line-height: normal\"><span style=\"font-family: Verdana, sans-serif\">&#8211; Sem Bojo com aro para melhor sustenta\u00e7\u00e3o nos seios<\/span><\/p>\n<p class=\"MsoNormal\" style=\"margin-bottom: 0.0001pt;line-height: normal\"><span style=\"font-size: 10.5pt;font-family: Verdana, 'sans-serif'\">&#8211; Cinta Liga Removivel\u00a0<\/span><\/p>\n<p class=\"MsoNormal\" style=\"margin-bottom: 0.0001pt;line-height: normal\"><span style=\"font-size: 10.5pt;font-family: Verdana, 'sans-serif'\">\u00a0<\/span><\/p>\n<p class=\"MsoNormal\" style=\"margin-bottom: 0.0001pt;line-height: normal\"><span style=\"font-size: 10.5pt;font-family: Verdana, 'sans-serif'\">ATEN\u00c7\u00c3O PARA A TABELA DE MEDIDAS, N\u00c3O EFETUAMOS TROCAS DE PE\u00c7AS INTIMAS.<\/span><\/p>\n<p class=\"MsoNormal\" style=\"margin-bottom: 0.0001pt;line-height: normal\">Tamanho P veste 36\/38<\/p>\n<p class=\"MsoNormal\" style=\"margin-bottom: 0.0001pt;line-height: normal\">Tamanho M veste 40\/42<\/p>\n<p class=\"MsoNormal\" style=\"margin-bottom: 0.0001pt;line-height: normal\">Tamanho G veste 44<\/p>\n<p class=\"MsoNormal\" style=\"margin-bottom: 0.0001pt;line-height: normal\">Tamanho GG veste 46<\/p>\n<p class=\"MsoNormal\" style=\"margin-bottom: 0.0001pt;line-height: normal\"><span style=\"font-size: 10.5pt;font-family: Verdana, 'sans-serif'\">\u00a0<\/span><\/p>\n<p class=\"MsoNormal\" style=\"margin-bottom: 0.0001pt;line-height: normal\">\u00a0<\/p>\n<p class=\"MsoNormal\" style=\"margin-bottom: 0.0001pt;line-height: normal\"><span style=\"font-size: 10.5pt;font-family: Verdana, 'sans-serif'\">\u00a0<\/span><\/p>\n<p class=\"MsoNormal\" style=\"margin-bottom: 0.0001pt;line-height: normal\">\u00a0<\/p>\n","protected":false},"featured_media":14510,"comment_status":"open","ping_status":"closed","template":"","meta":[],"product_brand":[],"product_cat":[21,18],"product_tag":[],"class_list":{"0":"post-14519","1":"product","2":"type-product","3":"status-publish","4":"has-post-thumbnail","6":"product_cat-body","7":"product_cat-lingerie","9":"first","10":"instock","11":"taxable","12":"shipping-taxable","13":"purchasable","14":"product-type-variable","15":"add-to-wishlist-after_add_to_cart"},"_links":{"self":[{"href":"https:\/\/atacadaodamodaintima.com.br\/clone\/wp-json\/wp\/v2\/product\/14519","targetHints":{"allow":["GET"]}}],"collection":[{"href":"https:\/\/atacadaodamodaintima.com.br\/clone\/wp-json\/wp\/v2\/product"}],"about":[{"href":"https:\/\/atacadaodamodaintima.com.br\/clone\/wp-json\/wp\/v2\/types\/product"}],"replies":[{"embeddable":true,"href":"https:\/\/atacadaodamodaintima.com.br\/clone\/wp-json\/wp\/v2\/comments?post=14519"}],"wp:featuredmedia":[{"embeddable":true,"href":"https:\/\/atacadaodamodaintima.com.br\/clone\/wp-json\/wp\/v2\/media\/14510"}],"wp:attachment":[{"href":"https:\/\/atacadaodamodaintima.com.br\/clone\/wp-json\/wp\/v2\/media?parent=14519"}],"wp:term":[{"taxonomy":"product_brand","embeddable":true,"href":"https:\/\/atacadaodamodaintima.com.br\/clone\/wp-json\/wp\/v2\/product_brand?post=14519"},{"taxonomy":"product_cat","embeddable":true,"href":"https:\/\/atacadaodamodaintima.com.br\/clone\/wp-json\/wp\/v2\/product_cat?post=14519"},{"taxonomy":"product_tag","embeddable":true,"href":"https:\/\/atacadaodamodaintima.com.br\/clone\/wp-json\/wp\/v2\/product_tag?post=14519"}],"curies":[{"name":"wp","href":"https:\/\/api.w.org\/{rel}","templated":true}]}}