{"id":12531,"date":"2024-10-23T12:41:31","date_gmt":"2024-10-23T15:41:31","guid":{"rendered":"https:\/\/likelingerieatacado.com.br\/product\/calcinha-cintura-alta-fio-duplo-poliamida\/"},"modified":"2025-02-22T13:13:59","modified_gmt":"2025-02-22T16:13:59","slug":"calcinha-cintura-alta-fio-duplo-poliamida","status":"publish","type":"product","link":"https:\/\/atacadaodamodaintima.com.br\/clone\/calcinha-cintura-alta-fio-duplo-poliamida\/","title":{"rendered":"Calcinha Cintura Alta Fio Duplo Poliamida"},"content":{"rendered":"<p>Calcinha Fio Duplo Cintura Alta\u00a0 <br \/>&#8211; Confeccionado em poliamida\u00a0 <br \/>&#8211; Calcinha com forro 100% algod\u00e3o <br \/>\u00a0 <br \/>ATEN\u00c7\u00c3O PARA A TABELA DE MEDIDAS, N\u00c3O EFETUAMOS TROCAS DE PE\u00c7AS INTIMAS. <br \/>Tamanho P veste 36\/38 <br \/>Tamanho M veste 40\/42 <br \/>Tamanho G veste 44 <br \/>Tamanho GG veste 46 <br \/>\u00a0 <br \/>Sobre a cor do produto: <br \/>Fotos reais do produto em nosso estoque. Pode haver varia\u00e7\u00e3o na cor do produto final de acordo com o brilho do monitor, tela do celular. <br \/>Tamb\u00e9m pode haver varia\u00e7\u00e3o no desenho da renda. <br \/>Somos uma loja especializada em lingerie, sempre trazendo lindas novidades com qualidade e conforto, valorizando a mulher brasileira e tornando seu dia a dia ou noite muito mais especial. <br \/>Aproveite o frete e veja mais produtos em nossa loja.<\/p>\n","protected":false},"excerpt":{"rendered":"<p>Calcinha Fio Duplo Cintura Alta\u00a0<br \/>&#8211; Confeccionado em poliamida\u00a0<br \/>&#8211; Calcinha com forro 100% algod\u00e3o<br \/>\u00a0<br \/>ATEN\u00c7\u00c3O PARA A TABELA DE MEDIDAS, N\u00c3O EFETUAMOS TROCAS DE PE\u00c7AS INTIMAS.<br \/>Tamanho P veste 36\/38<br \/>Tamanho M veste 40\/42<br \/>Tamanho G veste 44<br \/>Tamanho GG veste 46<br \/>\u00a0<br \/>Sobre a cor do produto:<br \/>Fotos reais do produto em nosso estoque. Pode haver varia\u00e7\u00e3o na cor do produto final de acordo com o brilho do monitor, tela do celular.<br \/>Tamb\u00e9m pode haver varia\u00e7\u00e3o no desenho da renda.<br \/>Somos uma loja especializada em lingerie, sempre trazendo lindas novidades com qualidade e conforto, valorizando a mulher brasileira e tornando seu dia a dia ou noite muito mais especial.<br \/>Aproveite o frete e veja mais produtos em nossa loja.<\/p>\n","protected":false},"featured_media":12524,"comment_status":"open","ping_status":"closed","template":"","meta":[],"product_brand":[],"product_cat":[20,18],"product_tag":[478,460,459],"class_list":{"0":"post-12531","1":"product","2":"type-product","3":"status-publish","4":"has-post-thumbnail","6":"product_cat-calcinha","7":"product_cat-lingerie","8":"product_tag-cintura-alta","9":"product_tag-fio-duplo","10":"product_tag-poliamida","12":"first","13":"instock","14":"taxable","15":"shipping-taxable","16":"purchasable","17":"product-type-variable","18":"add-to-wishlist-after_add_to_cart"},"_links":{"self":[{"href":"https:\/\/atacadaodamodaintima.com.br\/clone\/wp-json\/wp\/v2\/product\/12531","targetHints":{"allow":["GET"]}}],"collection":[{"href":"https:\/\/atacadaodamodaintima.com.br\/clone\/wp-json\/wp\/v2\/product"}],"about":[{"href":"https:\/\/atacadaodamodaintima.com.br\/clone\/wp-json\/wp\/v2\/types\/product"}],"replies":[{"embeddable":true,"href":"https:\/\/atacadaodamodaintima.com.br\/clone\/wp-json\/wp\/v2\/comments?post=12531"}],"wp:featuredmedia":[{"embeddable":true,"href":"https:\/\/atacadaodamodaintima.com.br\/clone\/wp-json\/wp\/v2\/media\/12524"}],"wp:attachment":[{"href":"https:\/\/atacadaodamodaintima.com.br\/clone\/wp-json\/wp\/v2\/media?parent=12531"}],"wp:term":[{"taxonomy":"product_brand","embeddable":true,"href":"https:\/\/atacadaodamodaintima.com.br\/clone\/wp-json\/wp\/v2\/product_brand?post=12531"},{"taxonomy":"product_cat","embeddable":true,"href":"https:\/\/atacadaodamodaintima.com.br\/clone\/wp-json\/wp\/v2\/product_cat?post=12531"},{"taxonomy":"product_tag","embeddable":true,"href":"https:\/\/atacadaodamodaintima.com.br\/clone\/wp-json\/wp\/v2\/product_tag?post=12531"}],"curies":[{"name":"wp","href":"https:\/\/api.w.org\/{rel}","templated":true}]}}