{"id":12244,"date":"2024-10-23T12:29:03","date_gmt":"2024-10-23T15:29:03","guid":{"rendered":"https:\/\/likelingerieatacado.com.br\/product\/sutia-sem-bojo-algodao-cotton-maria\/"},"modified":"2024-12-07T14:31:59","modified_gmt":"2024-12-07T17:31:59","slug":"sutia-sem-bojo-algodao-cotton-maria","status":"publish","type":"product","link":"https:\/\/atacadaodamodaintima.com.br\/clone\/sutia-sem-bojo-algodao-cotton-maria\/","title":{"rendered":"Suti\u00e3 Sem Bojo Algod\u00e3o Cotton Maria"},"content":{"rendered":"<p>Suti\u00e3 Sem Bojo Algod\u00e3o Cotton <br \/>&#8211; Sem Bojo <br \/>&#8211; Al\u00e7as com regulagem de tamanho e fecho duplo <br \/>\u00a0 <br \/>ATEN\u00c7\u00c3O PARA A TABELA DE MEDIDAS, N\u00c3O EFETUAMOS TROCAS DE PE\u00c7AS INTIMAS. <br \/>Tamanho M veste 38\/40 <br \/>Tamanho G veste 42\/44 <br \/>Tamanho GG veste 46\/48 <br \/>\u00a0 <br \/>Sobre a cor do produto: <br \/>Fotos reais do produto em nosso estoque. Pode haver varia\u00e7\u00e3o na cor do produto final de acordo com o brilho do monitor, tela do celular. <br \/>Tamb\u00e9m pode haver varia\u00e7\u00e3o no desenho da renda. <br \/>Somos uma loja especializada em lingerie, sempre trazendo lindas novidades com qualidade e conforto, valorizando a mulher brasileira e tornando seu dia a dia ou noite muito mais especial. <br \/>Aproveite o frete e veja mais produtos em nossa loja.<\/p>\n","protected":false},"excerpt":{"rendered":"<p>Suti\u00e3 Sem Bojo Algod\u00e3o Cotton<br \/>&#8211; Sem Bojo<br \/>&#8211; Al\u00e7as com regulagem de tamanho e fecho duplo<br \/>\u00a0<br \/>ATEN\u00c7\u00c3O PARA A TABELA DE MEDIDAS, N\u00c3O EFETUAMOS TROCAS DE PE\u00c7AS INTIMAS.<br \/>Tamanho M veste 38\/40<br \/>Tamanho G veste 42\/44<br \/>Tamanho GG veste 46\/48<br \/>\u00a0<br \/>Sobre a cor do produto:<br \/>Fotos reais do produto em nosso estoque. Pode haver varia\u00e7\u00e3o na cor do produto final de acordo com o brilho do monitor, tela do celular.<br \/>Tamb\u00e9m pode haver varia\u00e7\u00e3o no desenho da renda.<br \/>Somos uma loja especializada em lingerie, sempre trazendo lindas novidades com qualidade e conforto, valorizando a mulher brasileira e tornando seu dia a dia ou noite muito mais especial.<br \/>Aproveite o frete e veja mais produtos em nossa loja.<\/p>\n","protected":false},"featured_media":12241,"comment_status":"open","ping_status":"closed","template":"","meta":[],"product_brand":[],"product_cat":[18,26],"product_tag":[],"class_list":{"0":"post-12244","1":"product","2":"type-product","3":"status-publish","4":"has-post-thumbnail","6":"product_cat-lingerie","7":"product_cat-sutia","9":"first","10":"instock","11":"taxable","12":"shipping-taxable","13":"purchasable","14":"product-type-variable","15":"add-to-wishlist-after_add_to_cart"},"_links":{"self":[{"href":"https:\/\/atacadaodamodaintima.com.br\/clone\/wp-json\/wp\/v2\/product\/12244","targetHints":{"allow":["GET"]}}],"collection":[{"href":"https:\/\/atacadaodamodaintima.com.br\/clone\/wp-json\/wp\/v2\/product"}],"about":[{"href":"https:\/\/atacadaodamodaintima.com.br\/clone\/wp-json\/wp\/v2\/types\/product"}],"replies":[{"embeddable":true,"href":"https:\/\/atacadaodamodaintima.com.br\/clone\/wp-json\/wp\/v2\/comments?post=12244"}],"wp:featuredmedia":[{"embeddable":true,"href":"https:\/\/atacadaodamodaintima.com.br\/clone\/wp-json\/wp\/v2\/media\/12241"}],"wp:attachment":[{"href":"https:\/\/atacadaodamodaintima.com.br\/clone\/wp-json\/wp\/v2\/media?parent=12244"}],"wp:term":[{"taxonomy":"product_brand","embeddable":true,"href":"https:\/\/atacadaodamodaintima.com.br\/clone\/wp-json\/wp\/v2\/product_brand?post=12244"},{"taxonomy":"product_cat","embeddable":true,"href":"https:\/\/atacadaodamodaintima.com.br\/clone\/wp-json\/wp\/v2\/product_cat?post=12244"},{"taxonomy":"product_tag","embeddable":true,"href":"https:\/\/atacadaodamodaintima.com.br\/clone\/wp-json\/wp\/v2\/product_tag?post=12244"}],"curies":[{"name":"wp","href":"https:\/\/api.w.org\/{rel}","templated":true}]}}