{"id":11660,"date":"2024-10-22T16:45:48","date_gmt":"2024-10-22T19:45:48","guid":{"rendered":"https:\/\/likelingerieatacado.com.br\/product\/conjunto-lingerie-plus-size-renda-sofia\/"},"modified":"2025-02-25T09:04:16","modified_gmt":"2025-02-25T12:04:16","slug":"conjunto-lingerie-plus-size-renda-sofia","status":"publish","type":"product","link":"https:\/\/atacadaodamodaintima.com.br\/clone\/conjunto-lingerie-plus-size-renda-sofia\/","title":{"rendered":"Conjunto Lingerie Plus Size Renda Sofia"},"content":{"rendered":"<p>Lingerie Plus Size Com Bojo Rendado <br \/>&#8211; Confeccionado em renda e detalhes em cetim <br \/>&#8211; Al\u00e7as refor\u00e7adas com regulagem de tamanho <br \/>&#8211; Calcinha Fio Duplo com forro 100% algod\u00e3o <br \/>\u00a0 <br \/>PRODUTO COM FORMA PEQUENA NO BUSTO. <br \/>ATEN\u00c7\u00c3O PARA A TABELA DE MEDIDAS, N\u00c3O EFETUAMOS TROCAS DE PE\u00c7AS INTIMAS. <br \/>48 &#8211; Busto 100 a 108cm, T\u00f3rax 98 a 103cm, Cintura 95 a 105cm e Quadril 117 a 122cm <br \/>50 &#8211; Busto 109 a 117cm, T\u00f3rax 104 a 109cm, Cintura 106 a 116cm e Quadril 123 a 127cm <br \/>52 &#8211; Busto 117 a 125cm, T\u00f3rax 110 a 115cm, Cintura 117 a 127cm e Quadril 128 a 133cm <br \/>\u00a0 <br \/>Sobre a cor do produto: <br \/>Fotos reais do produto em nosso estoque. Pode haver varia\u00e7\u00e3o na cor do produto final de acordo com o brilho do monitor, tela do celular. <br \/>Tamb\u00e9m pode haver varia\u00e7\u00e3o no desenho da renda. <br \/>Somos uma loja especializada em lingerie, sempre trazendo lindas novidades com qualidade e conforto, valorizando a mulher brasileira e tornando seu dia a dia ou noite muito mais especial. <br \/>Aproveite o frete e veja mais produtos em nossa loja.<\/p>\n","protected":false},"excerpt":{"rendered":"<p>Lingerie Plus Size Com Bojo Rendado<br \/>&#8211; Confeccionado em renda e detalhes em cetim<br \/>&#8211; Al\u00e7as refor\u00e7adas com regulagem de tamanho<br \/>&#8211; Calcinha Fio Duplo com forro 100% algod\u00e3o<br \/>\u00a0<br \/>PRODUTO COM FORMA PEQUENA NO BUSTO.<br \/>ATEN\u00c7\u00c3O PARA A TABELA DE MEDIDAS, N\u00c3O EFETUAMOS TROCAS DE PE\u00c7AS INTIMAS.<br \/>48 &#8211; Busto 100 a 108cm, T\u00f3rax 98 a 103cm, Cintura 95 a 105cm e Quadril 117 a 122cm<br \/>50 &#8211; Busto 109 a 117cm, T\u00f3rax 104 a 109cm, Cintura 106 a 116cm e Quadril 123 a 127cm<br \/>52 &#8211; Busto 117 a 125cm, T\u00f3rax 110 a 115cm, Cintura 117 a 127cm e Quadril 128 a 133cm<br \/>\u00a0<br \/>Sobre a cor do produto:<br \/>Fotos reais do produto em nosso estoque. Pode haver varia\u00e7\u00e3o na cor do produto final de acordo com o brilho do monitor, tela do celular.<br \/>Tamb\u00e9m pode haver varia\u00e7\u00e3o no desenho da renda.<br \/>Somos uma loja especializada em lingerie, sempre trazendo lindas novidades com qualidade e conforto, valorizando a mulher brasileira e tornando seu dia a dia ou noite muito mais especial.<br \/>Aproveite o frete e veja mais produtos em nossa loja.<\/p>\n","protected":false},"featured_media":11653,"comment_status":"open","ping_status":"closed","template":"","meta":[],"product_brand":[],"product_cat":[19,18],"product_tag":[],"class_list":{"0":"post-11660","1":"product","2":"type-product","3":"status-publish","4":"has-post-thumbnail","6":"product_cat-conjunto","7":"product_cat-lingerie","9":"first","10":"instock","11":"taxable","12":"shipping-taxable","13":"purchasable","14":"product-type-variable","15":"add-to-wishlist-after_add_to_cart"},"_links":{"self":[{"href":"https:\/\/atacadaodamodaintima.com.br\/clone\/wp-json\/wp\/v2\/product\/11660","targetHints":{"allow":["GET"]}}],"collection":[{"href":"https:\/\/atacadaodamodaintima.com.br\/clone\/wp-json\/wp\/v2\/product"}],"about":[{"href":"https:\/\/atacadaodamodaintima.com.br\/clone\/wp-json\/wp\/v2\/types\/product"}],"replies":[{"embeddable":true,"href":"https:\/\/atacadaodamodaintima.com.br\/clone\/wp-json\/wp\/v2\/comments?post=11660"}],"wp:featuredmedia":[{"embeddable":true,"href":"https:\/\/atacadaodamodaintima.com.br\/clone\/wp-json\/wp\/v2\/media\/11653"}],"wp:attachment":[{"href":"https:\/\/atacadaodamodaintima.com.br\/clone\/wp-json\/wp\/v2\/media?parent=11660"}],"wp:term":[{"taxonomy":"product_brand","embeddable":true,"href":"https:\/\/atacadaodamodaintima.com.br\/clone\/wp-json\/wp\/v2\/product_brand?post=11660"},{"taxonomy":"product_cat","embeddable":true,"href":"https:\/\/atacadaodamodaintima.com.br\/clone\/wp-json\/wp\/v2\/product_cat?post=11660"},{"taxonomy":"product_tag","embeddable":true,"href":"https:\/\/atacadaodamodaintima.com.br\/clone\/wp-json\/wp\/v2\/product_tag?post=11660"}],"curies":[{"name":"wp","href":"https:\/\/api.w.org\/{rel}","templated":true}]}}