{"id":11461,"date":"2024-10-22T16:38:09","date_gmt":"2024-10-22T19:38:09","guid":{"rendered":"https:\/\/likelingerieatacado.com.br\/product\/camisola-plus-size-com-bojo-luxo-perola\/"},"modified":"2024-12-30T14:04:06","modified_gmt":"2024-12-30T17:04:06","slug":"camisola-plus-size-com-bojo-luxo-perola","status":"publish","type":"product","link":"https:\/\/atacadaodamodaintima.com.br\/clone\/camisola-plus-size-com-bojo-luxo-perola\/","title":{"rendered":"Camisola Plus Size Com Bojo Luxo P\u00e9rola"},"content":{"rendered":"<p>Camisola Plus Size Com Bojo Luxo\u00a0<\/p>\n<p>&#8211; Confeccionado renda bicolor e tule\u00a0<\/p>\n<p>&#8211; Al\u00e7as com Regulagem\u00a0<\/p>\n<p>&#8211; Acompanha calcinha com regulagem na lateral para melhor ajuste ao corpo.<\/p>\n<p>\u00a0<\/p>\n<p>PRODUTO COM FORMA PEQUENA NO BUSTO.<\/p>\n<p>ATEN\u00c7\u00c3O PARA A TABELA DE MEDIDAS, N\u00c3O EFETUAMOS TROCAS DE PE\u00c7AS INTIMAS.<\/p>\n<p>48 &#8211; Busto 100 a 108cm, T\u00f3rax 98 a 103cm, Cintura 95 a 105cm e Quadril 117 a 122cm<\/p>\n<p>50 &#8211; Busto 109 a 117cm, T\u00f3rax 104 a 109cm, Cintura 106 a 116cm e Quadril 123 a 127cm<\/p>\n<p>52 &#8211; Busto 117 a 125cm, T\u00f3rax 110 a 115cm, Cintura 117 a 127cm e Quadril 128 a 133cm<\/p>\n<p>\u00a0<\/p>\n<p>Sobre a cor do produto:<\/p>\n<p>Fotos reais do produto em nosso estoque. Pode haver varia\u00e7\u00e3o na cor do produto final de acordo com o brilho do monitor, tela do celular.<\/p>\n<p>Tamb\u00e9m pode haver varia\u00e7\u00e3o no desenho da renda.<\/p>\n<p>A Like4you \u00e9 uma loja especializada em lingerie, sempre trazendo lindas novidades com qualidade e conforto, valorizando a mulher brasileira e tornando seu dia a dia ou noite muito mais especial.<\/p>\n<p>Aproveite o frete e veja mais produtos em nossa loja<\/p>\n","protected":false},"excerpt":{"rendered":"<p>Camisola Plus Size Com Bojo Luxo\u00a0<\/p>\n<p>&#8211; Confeccionado renda bicolor e tule\u00a0<\/p>\n<p>&#8211; Al\u00e7as com Regulagem\u00a0<\/p>\n<p>&#8211; Acompanha calcinha com regulagem na lateral para melhor ajuste ao corpo.<\/p>\n<p>\u00a0<\/p>\n<p>PRODUTO COM FORMA PEQUENA NO BUSTO.<\/p>\n<p>ATEN\u00c7\u00c3O PARA A TABELA DE MEDIDAS, N\u00c3O EFETUAMOS TROCAS DE PE\u00c7AS INTIMAS.<\/p>\n<p>48 &#8211; Busto 100 a 108cm, T\u00f3rax 98 a 103cm, Cintura 95 a 105cm e Quadril 117 a 122cm<\/p>\n<p>50 &#8211; Busto 109 a 117cm, T\u00f3rax 104 a 109cm, Cintura 106 a 116cm e Quadril 123 a 127cm<\/p>\n<p>52 &#8211; Busto 117 a 125cm, T\u00f3rax 110 a 115cm, Cintura 117 a 127cm e Quadril 128 a 133cm<\/p>\n","protected":false},"featured_media":11455,"comment_status":"open","ping_status":"closed","template":"","meta":[],"product_brand":[],"product_cat":[29,27],"product_tag":[],"class_list":{"0":"post-11461","1":"product","2":"type-product","3":"status-publish","4":"has-post-thumbnail","6":"product_cat-camisola","7":"product_cat-para-dormir","9":"first","10":"outofstock","11":"taxable","12":"shipping-taxable","13":"purchasable","14":"product-type-variable","15":"add-to-wishlist-after_add_to_cart"},"_links":{"self":[{"href":"https:\/\/atacadaodamodaintima.com.br\/clone\/wp-json\/wp\/v2\/product\/11461","targetHints":{"allow":["GET"]}}],"collection":[{"href":"https:\/\/atacadaodamodaintima.com.br\/clone\/wp-json\/wp\/v2\/product"}],"about":[{"href":"https:\/\/atacadaodamodaintima.com.br\/clone\/wp-json\/wp\/v2\/types\/product"}],"replies":[{"embeddable":true,"href":"https:\/\/atacadaodamodaintima.com.br\/clone\/wp-json\/wp\/v2\/comments?post=11461"}],"wp:featuredmedia":[{"embeddable":true,"href":"https:\/\/atacadaodamodaintima.com.br\/clone\/wp-json\/wp\/v2\/media\/11455"}],"wp:attachment":[{"href":"https:\/\/atacadaodamodaintima.com.br\/clone\/wp-json\/wp\/v2\/media?parent=11461"}],"wp:term":[{"taxonomy":"product_brand","embeddable":true,"href":"https:\/\/atacadaodamodaintima.com.br\/clone\/wp-json\/wp\/v2\/product_brand?post=11461"},{"taxonomy":"product_cat","embeddable":true,"href":"https:\/\/atacadaodamodaintima.com.br\/clone\/wp-json\/wp\/v2\/product_cat?post=11461"},{"taxonomy":"product_tag","embeddable":true,"href":"https:\/\/atacadaodamodaintima.com.br\/clone\/wp-json\/wp\/v2\/product_tag?post=11461"}],"curies":[{"name":"wp","href":"https:\/\/api.w.org\/{rel}","templated":true}]}}