{"id":11122,"date":"2024-10-22T15:54:08","date_gmt":"2024-10-22T18:54:08","guid":{"rendered":"https:\/\/likelingerieatacado.com.br\/product\/calcinha-fio-duplo-manuela\/"},"modified":"2025-02-24T21:25:00","modified_gmt":"2025-02-25T00:25:00","slug":"calcinha-fio-duplo-manuela","status":"publish","type":"product","link":"https:\/\/atacadaodamodaintima.com.br\/clone\/calcinha-fio-duplo-manuela\/","title":{"rendered":"Calcinha Fio Duplo Manuela"},"content":{"rendered":"<p>-Calcinha fio duplo c\u00f3s em renda Manuela\u00a0 <br \/>-Super confort\u00e1vel n\u00e3o marca a roupa; <br \/>-Composi\u00e7\u00e3o 90% poliamida\/poli\u00e9ster e 10% elastano <br \/>\u00a0 <br \/>ATEN\u00c7\u00c3O PARA A TABELA DE MEDIDAS,N\u00c3O EFETUMOS TROCAS DE PE\u00c7AS INTIMAS.\u00a0 <br \/>Tamanho P veste 36\/38 <br \/>Tamanho M veste 40\/42 <br \/>Tamanho G veste 44\u00a0 <br \/>Tamanho GG veste 46\u00a0 <br \/>\u00a0 <br \/>Sobre a cor do produto: <br \/>Fotos reais do produto em nosso estoque. Pode haver varia\u00e7\u00e3o na cor do produto final de acordo com o brilho do monitor, tela do celular. <br \/>Tamb\u00e9m pode haver varia\u00e7\u00e3o no desenho da renda. <br \/>Somos\u00a0 uma loja especializada em lingerie, sempre trazendo lindas novidades com qualidade e conforto, valorizando a mulher brasileira e tornando seu dia a dia ou noite muito mais especial. <br \/>Aproveite o frete e veja mais produtos em nossa loja.<\/p>\n","protected":false},"excerpt":{"rendered":"<p>-Calcinha fio duplo c\u00f3s em renda Manuela\u00a0<br \/>-Super confort\u00e1vel n\u00e3o marca a roupa;<br \/>-Composi\u00e7\u00e3o 90% poliamida\/poli\u00e9ster e 10% elastano<br \/>\u00a0<br \/>ATEN\u00c7\u00c3O PARA A TABELA DE MEDIDAS,N\u00c3O EFETUMOS TROCAS DE PE\u00c7AS INTIMAS.\u00a0<br \/>Tamanho P veste 36\/38<br \/>Tamanho M veste 40\/42<br \/>Tamanho G veste 44\u00a0<br \/>Tamanho GG veste 46\u00a0<\/p>\n","protected":false},"featured_media":11117,"comment_status":"open","ping_status":"closed","template":"","meta":[],"product_brand":[],"product_cat":[20,18],"product_tag":[],"class_list":{"0":"post-11122","1":"product","2":"type-product","3":"status-publish","4":"has-post-thumbnail","6":"product_cat-calcinha","7":"product_cat-lingerie","9":"first","10":"instock","11":"taxable","12":"shipping-taxable","13":"purchasable","14":"product-type-variable","15":"add-to-wishlist-after_add_to_cart"},"_links":{"self":[{"href":"https:\/\/atacadaodamodaintima.com.br\/clone\/wp-json\/wp\/v2\/product\/11122","targetHints":{"allow":["GET"]}}],"collection":[{"href":"https:\/\/atacadaodamodaintima.com.br\/clone\/wp-json\/wp\/v2\/product"}],"about":[{"href":"https:\/\/atacadaodamodaintima.com.br\/clone\/wp-json\/wp\/v2\/types\/product"}],"replies":[{"embeddable":true,"href":"https:\/\/atacadaodamodaintima.com.br\/clone\/wp-json\/wp\/v2\/comments?post=11122"}],"wp:featuredmedia":[{"embeddable":true,"href":"https:\/\/atacadaodamodaintima.com.br\/clone\/wp-json\/wp\/v2\/media\/11117"}],"wp:attachment":[{"href":"https:\/\/atacadaodamodaintima.com.br\/clone\/wp-json\/wp\/v2\/media?parent=11122"}],"wp:term":[{"taxonomy":"product_brand","embeddable":true,"href":"https:\/\/atacadaodamodaintima.com.br\/clone\/wp-json\/wp\/v2\/product_brand?post=11122"},{"taxonomy":"product_cat","embeddable":true,"href":"https:\/\/atacadaodamodaintima.com.br\/clone\/wp-json\/wp\/v2\/product_cat?post=11122"},{"taxonomy":"product_tag","embeddable":true,"href":"https:\/\/atacadaodamodaintima.com.br\/clone\/wp-json\/wp\/v2\/product_tag?post=11122"}],"curies":[{"name":"wp","href":"https:\/\/api.w.org\/{rel}","templated":true}]}}