{"id":10879,"date":"2024-10-22T15:17:16","date_gmt":"2024-10-22T18:17:16","guid":{"rendered":"https:\/\/likelingerieatacado.com.br\/product\/body-meia-taca-coracao\/"},"modified":"2024-10-22T15:17:23","modified_gmt":"2024-10-22T18:17:23","slug":"body-meia-taca-coracao","status":"publish","type":"product","link":"https:\/\/atacadaodamodaintima.com.br\/clone\/body-meia-taca-coracao\/","title":{"rendered":"Body Meia Ta\u00e7a Cora\u00e7\u00e3o"},"content":{"rendered":"<p>Body Meia Ta\u00e7a Bordado Cora\u00e7\u00e3o\u00a0 <br \/>&#8211; Confeccionado com tule importado\u00a0 <br \/>&#8211; Sem Bojo, com aro e forro para melhor sustenta\u00e7\u00e3o dos seios.\u00a0 <br \/>&#8211; Sem fecho interno <br \/>-Al\u00e7as com regulagem de tamanho. <br \/>\u00a0 <br \/>ATEN\u00c7\u00c3O PARA A TABELA DE MEDIDAS N\u00c3O EFETUAMOS TROCAS DE PE\u00c7AS INTIMAS.\u00a0 <br \/>TABELA DE MEDIDAS: <br \/>P: 34\/36 <br \/>M: 38\/40 <br \/>G: 42 <br \/>GG: 44 <br \/>\u00a0 <br \/>Fotos reais do produto em nosso estoque. Pode haver varia\u00e7\u00e3o na cor do produto final de acordo com o brilho do monitor, tela do celular. <br \/>Tamb\u00e9m pode haver varia\u00e7\u00e3o no desenho da renda. <br \/>Nossa loja \u00e9 especializada em lingerie, sempre trazendo lindas novidades com qualidade e conforto, valorizando a mulher brasileira e tornando seu dia a dia ou noite muito mais especial. <br \/>Aproveite o frete e veja mais produtos em nossa loja.<\/p>\n","protected":false},"excerpt":{"rendered":"<p>Body Meia Ta\u00e7a Bordado Cora\u00e7\u00e3o\u00a0<br \/>&#8211; Confeccionado com tule importado\u00a0<br \/>&#8211; Sem Bojo, com aro e forro para melhor sustenta\u00e7\u00e3o dos seios.\u00a0<br \/>&#8211; Sem fecho interno<br \/>-Al\u00e7as com regulagem de tamanho.<br \/>\u00a0<br \/>ATEN\u00c7\u00c3O PARA A TABELA DE MEDIDAS N\u00c3O EFETUAMOS TROCAS DE PE\u00c7AS INTIMAS.\u00a0<br \/>TABELA DE MEDIDAS:<br \/>P: 34\/36<br \/>M: 38\/40<br \/>G: 42<br \/>GG: 44<\/p>\n","protected":false},"featured_media":10872,"comment_status":"open","ping_status":"closed","template":"","meta":[],"product_brand":[],"product_cat":[21,18],"product_tag":[],"class_list":{"0":"post-10879","1":"product","2":"type-product","3":"status-publish","4":"has-post-thumbnail","6":"product_cat-body","7":"product_cat-lingerie","9":"first","10":"outofstock","11":"sale","12":"taxable","13":"shipping-taxable","14":"purchasable","15":"product-type-variable","16":"add-to-wishlist-after_add_to_cart"},"_links":{"self":[{"href":"https:\/\/atacadaodamodaintima.com.br\/clone\/wp-json\/wp\/v2\/product\/10879","targetHints":{"allow":["GET"]}}],"collection":[{"href":"https:\/\/atacadaodamodaintima.com.br\/clone\/wp-json\/wp\/v2\/product"}],"about":[{"href":"https:\/\/atacadaodamodaintima.com.br\/clone\/wp-json\/wp\/v2\/types\/product"}],"replies":[{"embeddable":true,"href":"https:\/\/atacadaodamodaintima.com.br\/clone\/wp-json\/wp\/v2\/comments?post=10879"}],"wp:featuredmedia":[{"embeddable":true,"href":"https:\/\/atacadaodamodaintima.com.br\/clone\/wp-json\/wp\/v2\/media\/10872"}],"wp:attachment":[{"href":"https:\/\/atacadaodamodaintima.com.br\/clone\/wp-json\/wp\/v2\/media?parent=10879"}],"wp:term":[{"taxonomy":"product_brand","embeddable":true,"href":"https:\/\/atacadaodamodaintima.com.br\/clone\/wp-json\/wp\/v2\/product_brand?post=10879"},{"taxonomy":"product_cat","embeddable":true,"href":"https:\/\/atacadaodamodaintima.com.br\/clone\/wp-json\/wp\/v2\/product_cat?post=10879"},{"taxonomy":"product_tag","embeddable":true,"href":"https:\/\/atacadaodamodaintima.com.br\/clone\/wp-json\/wp\/v2\/product_tag?post=10879"}],"curies":[{"name":"wp","href":"https:\/\/api.w.org\/{rel}","templated":true}]}}